{"id":10,"date":"2021-01-12T14:58:16","date_gmt":"2021-01-12T14:58:16","guid":{"rendered":"https:\/\/seeroesl.at\/mtkhost.21_wordpress\/?page_id=10"},"modified":"2026-03-03T08:28:08","modified_gmt":"2026-03-03T08:28:08","slug":"woerthersee-urlaub-kaernten","status":"publish","type":"page","link":"https:\/\/seeroesl.at\/mtk\/index.php\/woerthersee-urlaub-kaernten\/","title":{"rendered":"W\u00f6rthersee Urlaub 2026"},"content":{"rendered":"\n<h2 class=\"wp-block-heading\" id=\"geniessen-sie-ihren-sommerurlaub-mit-zahlreichen-moglichkeiten\">Genie\u00dfen Sie Ihren W\u00f6rthersee Urlaub mit zahlreichen M\u00f6glichkeiten<\/h2>\n\n\n\n<figure class=\"wp-block-image size-full is-resized\"><img data-dominant-color=\"6ca8ce\" data-has-transparency=\"false\" decoding=\"async\" width=\"474\" height=\"709\" src=\"https:\/\/seeroesl.at\/mtk\/wp-content\/uploads\/2026\/03\/FotoNEU.webp\" alt=\"\" class=\"wp-image-5660 not-transparent\" style=\"--dominant-color: #6ca8ce; aspect-ratio:0.6671887235708692;width:405px;height:auto\" srcset=\"https:\/\/seeroesl.at\/mtk\/wp-content\/uploads\/2026\/03\/FotoNEU.webp 474w, https:\/\/seeroesl.at\/mtk\/wp-content\/uploads\/2026\/03\/FotoNEU-201x300.webp 201w, https:\/\/seeroesl.at\/mtk\/wp-content\/uploads\/2026\/03\/FotoNEU-100x150.webp 100w, https:\/\/seeroesl.at\/mtk\/wp-content\/uploads\/2026\/03\/FotoNEU-468x700.webp 468w\" sizes=\"(max-width: 474px) 100vw, 474px\" \/><\/figure>\n\n\n\n<h3 class=\"wp-block-heading\" id=\"erholung-zwischen-see-und-bergen-am-schonsten-alpensee-europas\">Erholung zwischen See und Bergen =&gt; am sch\u00f6nsten Alpensee Europas<\/h3>\n\n\n\n<p class=\"p { font-family:\">Eingebettet von den Gebirgen wie die Karawanken, die Gurktaler und Karnischen Alpen sowie die Tauern verschafft der W\u00f6rthersee eine traumhafte Kulisse zum Schwimmen und l\u00e4dt auch zum Wandern ein. Ein W\u00f6rthersee Urlaub bietet somit vielf\u00e4ltige Freizeitm\u00f6glichkeiten.<\/p>\n\n\n\n<p>Der W\u00f6rthersee (19,39km\u00b2) z\u00e4hlt zu den gr\u00f6\u00dften See K\u00e4rntens. Denn als auch  die Karibik der Alpen bekannt, geh\u00f6rt der W\u00f6rthersee zu den w\u00e4rmsten und beliebtesten Badesee \u00d6sterreichs. Im Sommer erreicht die Wassertemperatur zum Beispiel bis zu 28 Grad.<\/p>\n\n\n\n<h3 class=\"wp-block-heading\" id=\"erleben-sie-ihren-urlaub-mit-sudlichen-flair\">Erleben Sie Ihren W\u00f6rthersee Urlaub mit s\u00fcdlichen Flair<\/h3>\n\n\n\n<p>D.h. sauberes und kristallklares Wasser mit t\u00fcrkisblauen Farben wecken die Sehnsucht nach <a href=\"https:\/\/seeroesl.at\/mtkhost.21_wordpress\/index.php\/hotel-garni-seeroesl-woerthersee-urlaub-kaernten-fotogalerie\/\"><strong>W\u00d6RTHERSEE<\/strong><\/a><\/p>\n\n\n\n<figure class=\"wp-block-image size-large\"><img decoding=\"async\" width=\"1024\" height=\"575\" src=\"https:\/\/seeroesl.at\/mtk\/wp-content\/uploads\/2021\/03\/Theme-See-Foto.jpg\" alt=\"W\u00f6rthersee Urlaub Sommer Krumpendorf am W\u00f6rthersee Hotel Garni Seer\u00f6sl Badeurlaub\" class=\"wp-image-1499\" srcset=\"https:\/\/seeroesl.at\/mtk\/wp-content\/uploads\/2021\/03\/Theme-See-Foto.jpg 1024w, https:\/\/seeroesl.at\/mtk\/wp-content\/uploads\/2021\/03\/Theme-See-Foto-300x168.jpg 300w, https:\/\/seeroesl.at\/mtk\/wp-content\/uploads\/2021\/03\/Theme-See-Foto-768x431.jpg 768w, https:\/\/seeroesl.at\/mtk\/wp-content\/uploads\/2021\/03\/Theme-See-Foto-267x150.jpg 267w\" sizes=\"(max-width: 1024px) 100vw, 1024px\" \/><figcaption class=\"wp-element-caption\">Krumpendorf am W\u00f6rthersee<\/figcaption><\/figure>\n\n\n\n<h3 class=\"wp-block-heading\" id=\"worthersee-urlaub-info-faszination-worthersee-feeling\">W\u00f6rthersee Urlaub | Info | Faszination W\u00f6rthersee Feeling<\/h3>\n\n\n\n<figure class=\"wp-block-image size-large\"><img decoding=\"async\" width=\"1024\" height=\"575\" src=\"https:\/\/seeroesl.at\/mtk\/wp-content\/uploads\/2021\/03\/Badehaus-mit-Liegen.gut_.jpg\" alt=\"W\u00f6rthersee Urlaub Hotel Garni Seer\u00f6sl Strandpavillon mit Liegen direkt am W\u00f6rthersee Badeurlaub\" class=\"wp-image-1526\" srcset=\"https:\/\/seeroesl.at\/mtk\/wp-content\/uploads\/2021\/03\/Badehaus-mit-Liegen.gut_.jpg 1024w, https:\/\/seeroesl.at\/mtk\/wp-content\/uploads\/2021\/03\/Badehaus-mit-Liegen.gut_-300x168.jpg 300w, https:\/\/seeroesl.at\/mtk\/wp-content\/uploads\/2021\/03\/Badehaus-mit-Liegen.gut_-768x431.jpg 768w, https:\/\/seeroesl.at\/mtk\/wp-content\/uploads\/2021\/03\/Badehaus-mit-Liegen.gut_-267x150.jpg 267w\" sizes=\"(max-width: 1024px) 100vw, 1024px\" \/><figcaption class=\"wp-element-caption\">Strandpavillon mit Liegen (ca. 30m vom W\u00f6rthersee)<\/figcaption><\/figure>\n\n\n\n<p>M\u00f6chten Sie auch viele Sonnenstunden am W\u00f6rthersee verbringen, dann sind Sie bei uns richtig. Unser Haus mit ruhiger, sonniger Lage (abgeschirmt vom dahinter befindlichen Wald) befindet sich nur 100 Meter vom W\u00f6rthersee entfernt. F\u00fcr Ihren Urlaub steht Ihnen unser *<strong>Umkleidepavillon<\/strong> <strong>direkt am W\u00f6rthersee<\/strong> mit kostenlosen Liegen zur Verf\u00fcgung und Sie k\u00f6nnen sich so richtig entspannen.  <\/p>\n\n\n\n<figure class=\"wp-block-image size-large\"><img decoding=\"async\" width=\"1024\" height=\"575\" src=\"https:\/\/seeroesl.at\/mtk\/wp-content\/uploads\/2021\/03\/Parkpad.mit_.2SUP-1.jpg\" alt=\"W\u00f6rthersee Hotel Seer\u00f6sl Urlaub Parkbad Krumpendorf \" class=\"wp-image-1525\" srcset=\"https:\/\/seeroesl.at\/mtk\/wp-content\/uploads\/2021\/03\/Parkpad.mit_.2SUP-1.jpg 1024w, https:\/\/seeroesl.at\/mtk\/wp-content\/uploads\/2021\/03\/Parkpad.mit_.2SUP-1-300x168.jpg 300w, https:\/\/seeroesl.at\/mtk\/wp-content\/uploads\/2021\/03\/Parkpad.mit_.2SUP-1-768x431.jpg 768w, https:\/\/seeroesl.at\/mtk\/wp-content\/uploads\/2021\/03\/Parkpad.mit_.2SUP-1-267x150.jpg 267w\" sizes=\"(max-width: 1024px) 100vw, 1024px\" \/><figcaption class=\"wp-element-caption\">Parkbad Krumpendorf<\/figcaption><\/figure>\n\n\n\n<p>*inkl. Badeeintritt ins Parkbad Krumpendorf (beliebteste u. sch\u00f6nste Strandbad am W\u00f6rthersee)<\/p>\n\n\n\n<h3 class=\"wp-block-heading\" id=\"zur-buchung\">zur <mark style=\"background-color:rgba(0, 0, 0, 0)\" class=\"has-inline-color has-vivid-cyan-blue-color\"><strong>Buchung<\/strong> <\/mark>| Hotel Garni Seer\u00f6sl<br><br><\/h3>\n\n\n<input type=\"button\" value=\"Go back\" class=\"alg_back_button_input \" style=\"\" onclick=\"window.history.back()\" \/>\n\n\n\n<p><\/p>\n","protected":false},"excerpt":{"rendered":"<p>Genie\u00dfen Sie Ihren W\u00f6rthersee Urlaub mit zahlreichen M\u00f6glichkeiten Erholung zwischen See und Bergen =&gt; am sch\u00f6nsten Alpensee Europas Eingebettet von den Gebirgen wie die Karawanken, die Gurktaler und Karnischen Alpen sowie die Tauern verschafft der W\u00f6rthersee eine traumhafte Kulisse zum Schwimmen und l\u00e4dt auch zum Wandern ein. Ein W\u00f6rthersee Urlaub<a href=\"https:\/\/seeroesl.at\/mtk\/index.php\/woerthersee-urlaub-kaernten\/\" class=\"read-more\">Read More ...<\/a><\/p>\n","protected":false},"author":1,"featured_media":4371,"parent":0,"menu_order":0,"comment_status":"closed","ping_status":"closed","template":"","meta":{"_glsr_average":0,"_glsr_ranking":0,"_glsr_reviews":0,"footnotes":""},"class_list":["post-10","page","type-page","status-publish","has-post-thumbnail","hentry"],"yoast_head":"<!-- This site is optimized with the Yoast SEO Premium plugin v24.0 (Yoast SEO v27.4) - https:\/\/yoast.com\/product\/yoast-seo-premium-wordpress\/ -->\n<title>W\u00f6rthersee Urlaub 2026 \u2705 zur Buchung &#187; W\u00f6rthersee Hotel Seer\u00f6sl<\/title>\n<meta name=\"description\" content=\"W\u00f6rthersee Urlaub 2025 | Faszination W\u00f6rthersee Feeling + beliebteste Badesee \u00d6sterreichs + traumhafte Kulissen \u2705 zur Buchung Hotel Seer\u00f6sl\" \/>\n<meta name=\"robots\" content=\"index, follow, max-snippet:-1, max-image-preview:large, max-video-preview:-1\" \/>\n<link rel=\"canonical\" href=\"https:\/\/seeroesl.at\/mtk\/index.php\/woerthersee-urlaub-kaernten\/\" \/>\n<meta property=\"og:locale\" content=\"de_DE\" \/>\n<meta property=\"og:type\" content=\"article\" \/>\n<meta property=\"og:title\" content=\"W\u00f6rthersee Urlaub 2026\" \/>\n<meta property=\"og:description\" content=\"W\u00f6rthersee Urlaub 2025 | Faszination W\u00f6rthersee Feeling + beliebteste Badesee \u00d6sterreichs + traumhafte Kulissen \u2705 zur Buchung Hotel Seer\u00f6sl\" \/>\n<meta property=\"og:url\" content=\"https:\/\/seeroesl.at\/mtk\/index.php\/woerthersee-urlaub-kaernten\/\" \/>\n<meta property=\"og:site_name\" content=\"W\u00f6rthersee Hotel Seer\u00f6sl\" \/>\n<meta property=\"article:publisher\" content=\"https:\/\/www.facebook.com\/www.seeroeslamwoerthersee.at\/\" \/>\n<meta property=\"article:modified_time\" content=\"2026-03-03T08:28:08+00:00\" \/>\n<meta property=\"og:image\" content=\"https:\/\/seeroesl.at\/mtk\/wp-content\/uploads\/2024\/11\/Woerthersee-Sommer-Urlaub-2025-Hotel-buchen.jpg\" \/>\n\t<meta property=\"og:image:width\" content=\"684\" \/>\n\t<meta property=\"og:image:height\" content=\"1026\" \/>\n\t<meta property=\"og:image:type\" content=\"image\/jpeg\" \/>\n<meta name=\"twitter:card\" content=\"summary_large_image\" \/>\n<meta name=\"twitter:label1\" content=\"Gesch\u00e4tzte Lesezeit\" \/>\n\t<meta name=\"twitter:data1\" content=\"3 Minuten\" \/>\n<!-- \/ Yoast SEO Premium plugin. -->","yoast_head_json":{"title":"W\u00f6rthersee Urlaub 2026 \u2705 zur Buchung &#187; W\u00f6rthersee Hotel Seer\u00f6sl","description":"W\u00f6rthersee Urlaub 2025 | Faszination W\u00f6rthersee Feeling + beliebteste Badesee \u00d6sterreichs + traumhafte Kulissen \u2705 zur Buchung Hotel Seer\u00f6sl","robots":{"index":"index","follow":"follow","max-snippet":"max-snippet:-1","max-image-preview":"max-image-preview:large","max-video-preview":"max-video-preview:-1"},"canonical":"https:\/\/seeroesl.at\/mtk\/index.php\/woerthersee-urlaub-kaernten\/","og_locale":"de_DE","og_type":"article","og_title":"W\u00f6rthersee Urlaub 2026","og_description":"W\u00f6rthersee Urlaub 2025 | Faszination W\u00f6rthersee Feeling + beliebteste Badesee \u00d6sterreichs + traumhafte Kulissen \u2705 zur Buchung Hotel Seer\u00f6sl","og_url":"https:\/\/seeroesl.at\/mtk\/index.php\/woerthersee-urlaub-kaernten\/","og_site_name":"W\u00f6rthersee Hotel Seer\u00f6sl","article_publisher":"https:\/\/www.facebook.com\/www.seeroeslamwoerthersee.at\/","article_modified_time":"2026-03-03T08:28:08+00:00","og_image":[{"width":684,"height":1026,"url":"https:\/\/seeroesl.at\/mtk\/wp-content\/uploads\/2024\/11\/Woerthersee-Sommer-Urlaub-2025-Hotel-buchen.jpg","type":"image\/jpeg"}],"twitter_card":"summary_large_image","twitter_misc":{"Gesch\u00e4tzte Lesezeit":"3 Minuten"},"schema":{"@context":"https:\/\/schema.org","@graph":[{"@type":"WebPage","@id":"https:\/\/seeroesl.at\/mtk\/index.php\/woerthersee-urlaub-kaernten\/","url":"https:\/\/seeroesl.at\/mtk\/index.php\/woerthersee-urlaub-kaernten\/","name":"W\u00f6rthersee Urlaub 2026 \u2705 zur Buchung &#187; W\u00f6rthersee Hotel Seer\u00f6sl","isPartOf":{"@id":"https:\/\/seeroesl.at\/mtk\/#website"},"primaryImageOfPage":{"@id":"https:\/\/seeroesl.at\/mtk\/index.php\/woerthersee-urlaub-kaernten\/#primaryimage"},"image":{"@id":"https:\/\/seeroesl.at\/mtk\/index.php\/woerthersee-urlaub-kaernten\/#primaryimage"},"thumbnailUrl":"https:\/\/seeroesl.at\/mtk\/wp-content\/uploads\/2024\/11\/Woerthersee-Sommer-Urlaub-2025-Hotel-buchen.jpg","datePublished":"2021-01-12T14:58:16+00:00","dateModified":"2026-03-03T08:28:08+00:00","description":"W\u00f6rthersee Urlaub 2025 | Faszination W\u00f6rthersee Feeling + beliebteste Badesee \u00d6sterreichs + traumhafte Kulissen \u2705 zur Buchung Hotel Seer\u00f6sl","breadcrumb":{"@id":"https:\/\/seeroesl.at\/mtk\/index.php\/woerthersee-urlaub-kaernten\/#breadcrumb"},"inLanguage":"de-AT","potentialAction":[{"@type":"ReadAction","target":["https:\/\/seeroesl.at\/mtk\/index.php\/woerthersee-urlaub-kaernten\/"]}]},{"@type":"ImageObject","inLanguage":"de-AT","@id":"https:\/\/seeroesl.at\/mtk\/index.php\/woerthersee-urlaub-kaernten\/#primaryimage","url":"https:\/\/seeroesl.at\/mtk\/wp-content\/uploads\/2024\/11\/Woerthersee-Sommer-Urlaub-2025-Hotel-buchen.jpg","contentUrl":"https:\/\/seeroesl.at\/mtk\/wp-content\/uploads\/2024\/11\/Woerthersee-Sommer-Urlaub-2025-Hotel-buchen.jpg","width":684,"height":1026,"caption":"Jetzt W\u00f6rthersee Sommer Urlaub 2025 buchen. W\u00f6rthersee Angebote, K\u00e4rnten Hotel buchen,"},{"@type":"BreadcrumbList","@id":"https:\/\/seeroesl.at\/mtk\/index.php\/woerthersee-urlaub-kaernten\/#breadcrumb","itemListElement":[{"@type":"ListItem","position":1,"name":"Home","item":"https:\/\/seeroesl.at\/mtk\/"},{"@type":"ListItem","position":2,"name":"W\u00f6rthersee Urlaub 2026"}]},{"@type":"WebSite","@id":"https:\/\/seeroesl.at\/mtk\/#website","url":"https:\/\/seeroesl.at\/mtk\/","name":"W\u00f6rthersee ~ Hotel Garni Seer\u00f6sl | W\u00f6rthersee Urlaub | K\u00e4rnten","description":"Hotel Garni Seer\u00f6sl am W\u00f6rthersee | Urlaub in K\u00e4rnten | \u00d6sterreich","publisher":{"@id":"https:\/\/seeroesl.at\/mtk\/#organization"},"alternateName":"Hotel Seer\u00f6sl | W\u00f6rthersee","potentialAction":[{"@type":"SearchAction","target":{"@type":"EntryPoint","urlTemplate":"https:\/\/seeroesl.at\/mtk\/?s={search_term_string}"},"query-input":{"@type":"PropertyValueSpecification","valueRequired":true,"valueName":"search_term_string"}}],"inLanguage":"de-AT"},{"@type":"Organization","@id":"https:\/\/seeroesl.at\/mtk\/#organization","name":"W\u00f6rthersee Hotel Seer\u00f6sl","url":"https:\/\/seeroesl.at\/mtk\/","logo":{"@type":"ImageObject","inLanguage":"de-AT","@id":"https:\/\/seeroesl.at\/mtk\/#\/schema\/logo\/image\/","url":"https:\/\/seeroesl.at\/mtk\/wp-content\/uploads\/2021\/02\/cropped-Header-Logo-Seerosl-website.png","contentUrl":"https:\/\/seeroesl.at\/mtk\/wp-content\/uploads\/2021\/02\/cropped-Header-Logo-Seerosl-website.png","width":512,"height":512,"caption":"W\u00f6rthersee Hotel Seer\u00f6sl"},"image":{"@id":"https:\/\/seeroesl.at\/mtk\/#\/schema\/logo\/image\/"},"sameAs":["https:\/\/www.facebook.com\/www.seeroeslamwoerthersee.at\/","https:\/\/www.instagram.com\/seeroesl.at\/?hl=de","https:\/\/www.pinterest.at\/Seeroesl\/_created","https:\/\/www.youtube.com\/channel\/UCPZp8pLUNLKgbrSm8gmBF-w","https:\/\/seeroesl.at\/mtk\/index.php\/urlaub-am-woerthersee-hotel-seeroesl-kontakt\/bewertungen-seeroesl-hotel-star-rating\/"],"publishingPrinciples":"https:\/\/seeroesl.at\/mtk\/"}]}},"_links":{"self":[{"href":"https:\/\/seeroesl.at\/mtk\/index.php\/wp-json\/wp\/v2\/pages\/10","targetHints":{"allow":["GET"]}}],"collection":[{"href":"https:\/\/seeroesl.at\/mtk\/index.php\/wp-json\/wp\/v2\/pages"}],"about":[{"href":"https:\/\/seeroesl.at\/mtk\/index.php\/wp-json\/wp\/v2\/types\/page"}],"author":[{"embeddable":true,"href":"https:\/\/seeroesl.at\/mtk\/index.php\/wp-json\/wp\/v2\/users\/1"}],"replies":[{"embeddable":true,"href":"https:\/\/seeroesl.at\/mtk\/index.php\/wp-json\/wp\/v2\/comments?post=10"}],"version-history":[{"count":38,"href":"https:\/\/seeroesl.at\/mtk\/index.php\/wp-json\/wp\/v2\/pages\/10\/revisions"}],"predecessor-version":[{"id":5662,"href":"https:\/\/seeroesl.at\/mtk\/index.php\/wp-json\/wp\/v2\/pages\/10\/revisions\/5662"}],"wp:featuredmedia":[{"embeddable":true,"href":"https:\/\/seeroesl.at\/mtk\/index.php\/wp-json\/wp\/v2\/media\/4371"}],"wp:attachment":[{"href":"https:\/\/seeroesl.at\/mtk\/index.php\/wp-json\/wp\/v2\/media?parent=10"}],"curies":[{"name":"wp","href":"https:\/\/api.w.org\/{rel}","templated":true}]}}