{"id":1239,"date":"2021-02-28T16:01:17","date_gmt":"2021-02-28T16:01:17","guid":{"rendered":"https:\/\/seeroesl.at\/mtkhost.21_wordpress\/?page_id=1239"},"modified":"2024-09-24T16:19:13","modified_gmt":"2024-09-24T16:19:13","slug":"unternehmensleitbild-seeroesl","status":"publish","type":"page","link":"https:\/\/seeroesl.at\/mtk\/index.php\/urlaub-am-woerthersee-hotel-seeroesl-kontakt\/unternehmensleitbild-seeroesl\/","title":{"rendered":"Leitbild -  Seer\u00f6sl"},"content":{"rendered":"\n<section id=\"section-839af0a0-41ab-45a5-a742-12779e67d729\" class=\"wp-block-gutentor-content-box gutentor-section gutentor-content-box-wrapper content-template1\"><div class=\"grid-container\"><div class=\"gutentor-block-header\"><div class=\"gutentor-section-title enable-title-design seperator-bottom\"><h2 class=\"gutentor-title\">Unsere Unternehmenswerte <\/h2><\/div><\/div><div class=\"grid-row gutentor-grid-item-wrap\"><div class=\"gutentor-grid-column grid-lg-4 grid-md-4 grid-12\"><div class=\"gutentor-single-item gutentor-single-item-0\"><div class=\"gutentor-single-item-wrap\"><div class=\"gutentor-single-item-content\"><h3 class=\"gutentor-single-item-title\"><strong>Verbundenheit: Respekt, Ehrlichkeit, Vertrauen, Zuverl\u00e4ssigkeit<\/strong><\/h3><p class=\"gutentor-single-item-desc\">Wir sind offen, spontan und ehrlich. Wir sagen, was wir machen, und wir machen das, was wir sagen. Wir teilen gerne und sind in allem, was wir machen, zuverl\u00e4ssig.<\/p><\/div><\/div><\/div><\/div><div class=\"gutentor-grid-column grid-lg-4 grid-md-4 grid-12\"><div class=\"gutentor-single-item gutentor-single-item-1\"><div class=\"gutentor-single-item-wrap\"><div class=\"gutentor-single-item-content\"><h3 class=\"gutentor-single-item-title\"><strong>Innovation und Inspiration<u>:<\/u><\/strong><\/h3><p class=\"gutentor-single-item-desc\">Wir sind immer offen f\u00fcr neue und innovative Ideen und freuen uns, diese umzusetzen. Dabei suchen wir an jedem Ort, wo auch immer er sein mag.<\/p><\/div><\/div><\/div><\/div><div class=\"gutentor-grid-column grid-lg-4 grid-md-4 grid-12\"><div class=\"gutentor-single-item gutentor-single-item-2\"><div class=\"gutentor-single-item-wrap\"><div class=\"gutentor-single-item-content\"><h3 class=\"gutentor-single-item-title\"><strong>Wirtschaftlichkeit:<\/strong><\/h3><p class=\"gutentor-single-item-desc\">Wir arbeiten wirtschaftlich, \u00fcberlegt, nachhaltig und langfristig.<br><\/p><\/div><\/div><\/div><\/div><div class=\"gutentor-grid-column grid-lg-4 grid-md-4 grid-12\"><div class=\"gutentor-single-item gutentor-single-item-3\"><div class=\"gutentor-single-item-wrap\"><div class=\"gutentor-single-item-content\"><h3 class=\"gutentor-single-item-title\"><strong>Herzlichkeit:<\/strong><\/h3><p class=\"gutentor-single-item-desc\">Unsere G\u00e4ste gl\u00fccklich zu machen, das ist unser Ziel. Darum sind wir zu jeder Zeit freundlich, offen und herzlich im Umgang mit ihnen.<\/p><\/div><\/div><\/div><\/div><div class=\"gutentor-grid-column grid-lg-4 grid-md-4 grid-12\"><div class=\"gutentor-single-item gutentor-single-item-4\"><div class=\"gutentor-single-item-wrap\"><div class=\"gutentor-single-item-content\"><h3 class=\"gutentor-single-item-title\"><strong>N\u00e4he:<\/strong><\/h3><p class=\"gutentor-single-item-desc\">Wir nehmen uns Zeit zum Zuh\u00f6ren. Wir behandeln alle G\u00e4ste auf pers\u00f6nliche Weise.<\/p><\/div><\/div><\/div><\/div><div class=\"gutentor-grid-column grid-lg-4 grid-md-4 grid-12\"><div class=\"gutentor-single-item gutentor-single-item-5\"><div class=\"gutentor-single-item-wrap\"><div class=\"gutentor-single-item-content\"><h3 class=\"gutentor-single-item-title\"><strong>Emotionale Bindung:<\/strong><\/h3><p class=\"gutentor-single-item-desc\">Wir bauen offene und dauerhafte Beziehungen auf. Was auch geschieht, wir sind immer f\u00fcr Sie da und haben ein offenes Ohr.<\/p><\/div><\/div><\/div><\/div><\/div><\/div><\/section>\n\n\n\n<figure class=\"wp-block-gallery has-nested-images columns-default is-cropped wp-block-gallery-1 is-layout-flex wp-block-gallery-is-layout-flex\">\n<figure class=\"wp-block-image size-large\"><img decoding=\"async\" width=\"1024\" height=\"768\" data-id=\"2213\" src=\"https:\/\/seeroesl.at\/mtk\/wp-content\/uploads\/2021\/04\/Gaestepinnwand2.jpg\" alt=\"\" class=\"wp-image-2213\" srcset=\"https:\/\/seeroesl.at\/mtk\/wp-content\/uploads\/2021\/04\/Gaestepinnwand2.jpg 1024w, https:\/\/seeroesl.at\/mtk\/wp-content\/uploads\/2021\/04\/Gaestepinnwand2-300x225.jpg 300w, https:\/\/seeroesl.at\/mtk\/wp-content\/uploads\/2021\/04\/Gaestepinnwand2-768x576.jpg 768w, https:\/\/seeroesl.at\/mtk\/wp-content\/uploads\/2021\/04\/Gaestepinnwand2-200x150.jpg 200w, https:\/\/seeroesl.at\/mtk\/wp-content\/uploads\/2021\/04\/Gaestepinnwand2-933x700.jpg 933w\" sizes=\"(max-width: 1024px) 100vw, 1024px\" \/><\/figure>\n\n\n\n<figure class=\"wp-block-image size-large\"><img decoding=\"async\" width=\"1024\" height=\"768\" data-id=\"2212\" src=\"https:\/\/seeroesl.at\/mtk\/wp-content\/uploads\/2021\/04\/Gaestepinnwand1.jpg\" alt=\"\" class=\"wp-image-2212\" srcset=\"https:\/\/seeroesl.at\/mtk\/wp-content\/uploads\/2021\/04\/Gaestepinnwand1.jpg 1024w, https:\/\/seeroesl.at\/mtk\/wp-content\/uploads\/2021\/04\/Gaestepinnwand1-300x225.jpg 300w, https:\/\/seeroesl.at\/mtk\/wp-content\/uploads\/2021\/04\/Gaestepinnwand1-768x576.jpg 768w, https:\/\/seeroesl.at\/mtk\/wp-content\/uploads\/2021\/04\/Gaestepinnwand1-200x150.jpg 200w, https:\/\/seeroesl.at\/mtk\/wp-content\/uploads\/2021\/04\/Gaestepinnwand1-933x700.jpg 933w\" sizes=\"(max-width: 1024px) 100vw, 1024px\" \/><\/figure>\n<\/figure>\n\n\n\n<blockquote class=\"wp-block-quote is-style-default is-layout-flow wp-block-quote-is-layout-flow\">\n<p>Momente vergehen, doch Erinnerungen mit G\u00e4sten bleiben \ud83d\ude09<\/p>\n<\/blockquote>\n\n\n\n<section id=\"section-ec73dd0d-4f84-4a1d-abf9-9ce03a084457\" class=\"wp-block-gutentor-team gutentor-section gutentor-team team-template1\"><div class=\"grid-container\"><div class=\"gutentor-block-header\"><div class=\"gutentor-section-title enable-title-design seperator-bottom\"><h2 class=\"gutentor-title\">Eure Seer\u00f6sl Zwillinge<\/h2><\/div><\/div><div class=\"grid-row gutentor-grid-item-wrap\"><div class=\"gutentor-grid-column grid-lg-4 grid-md-4 grid-12\"><div class=\"gutentor-single-item gutentor-image team-template1 gutentor-single-item-0\"><div class=\"gutentor-template-wrapper\"><div class=\"gutentor-single-item-image-box\"><div class=\"gutentor-image-thumb\"><img decoding=\"async\" class=\"normal-image\" src=\"https:\/\/seeroesl.at\/mtk\/wp-content\/uploads\/2021\/02\/2x-Krainer-Gastgeberfoto.jpg\" alt=\"\" height=\"457\" width=\"640\"\/><\/div><\/div><div class=\"gutentor-single-item-content\"><h5 class=\"gutentor-single-item-title\">Marie-Christin &amp; <br>Marie-Theres <br>Krainer<\/h5><h5 class=\"gutentor-single-item-designation\">aktive Hotelmanagerinnen      <br> &amp; Allrounder<\/h5><h5 class=\"gutentor-single-item-desc\">im Familienbetrieb<\/h5><a class=\"gutentor-button gutentor-single-item-button gutentor-icon-hide\" rel=\"noopener noreferrer\"><i class=\"gutentor-button-icon fas fa-book\"><\/i><span><\/span><\/a><\/div><\/div><\/div><\/div><\/div><\/div><\/section>\n\n\n\n<h2 class=\"wp-block-heading\"><strong>Mission<\/strong>: Das Wohl unsere G\u00e4ste ist unsere Motivation.<\/h2>\n\n\n\n<h2 class=\"wp-block-heading\"><strong>Vision<\/strong>: Zufriedene G\u00e4ste, die wiederkehren und uns weiterempfehlen!<\/h2>\n\n\n\n<figure class=\"wp-block-pullquote\"><blockquote><p>Life is too short to wait! <br>G\u00f6nn\u00b4 dir \u00f6fter mal eine Auszeit und buche einen Spontanurlaub!<\/p><\/blockquote><\/figure>\n","protected":false},"excerpt":{"rendered":"<p>Momente vergehen, doch Erinnerungen mit G\u00e4sten bleiben \ud83d\ude09 Mission: Das Wohl unsere G\u00e4ste ist unsere Motivation. Vision: Zufriedene G\u00e4ste, die wiederkehren und uns weiterempfehlen! Life is too short to wait! G\u00f6nn\u00b4 dir \u00f6fter mal eine Auszeit und buche einen Spontanurlaub!<\/p>\n","protected":false},"author":1,"featured_media":0,"parent":18,"menu_order":0,"comment_status":"closed","ping_status":"closed","template":"","meta":{"_glsr_average":0,"_glsr_ranking":0,"_glsr_reviews":0,"footnotes":""},"class_list":["post-1239","page","type-page","status-publish","hentry"],"yoast_head":"<!-- This site is optimized with the Yoast SEO Premium plugin v24.0 (Yoast SEO v27.4) - https:\/\/yoast.com\/product\/yoast-seo-premium-wordpress\/ -->\n<title>Leitbild - Seer\u00f6sl &#187; W\u00f6rthersee Hotel Seer\u00f6sl<\/title>\n<meta name=\"robots\" content=\"index, follow, max-snippet:-1, max-image-preview:large, max-video-preview:-1\" \/>\n<link rel=\"canonical\" href=\"https:\/\/seeroesl.at\/mtk\/index.php\/urlaub-am-woerthersee-hotel-seeroesl-kontakt\/unternehmensleitbild-seeroesl\/\" \/>\n<meta property=\"og:locale\" content=\"de_DE\" \/>\n<meta property=\"og:type\" content=\"article\" \/>\n<meta property=\"og:title\" content=\"Leitbild - Seer\u00f6sl\" \/>\n<meta property=\"og:description\" content=\"Momente vergehen, doch Erinnerungen mit G\u00e4sten bleiben \ud83d\ude09 Mission: Das Wohl unsere G\u00e4ste ist unsere Motivation. Vision: Zufriedene G\u00e4ste, die wiederkehren und uns weiterempfehlen! Life is too short to wait! G\u00f6nn\u00b4 dir \u00f6fter mal eine Auszeit und buche einen Spontanurlaub!\" \/>\n<meta property=\"og:url\" content=\"https:\/\/seeroesl.at\/mtk\/index.php\/urlaub-am-woerthersee-hotel-seeroesl-kontakt\/unternehmensleitbild-seeroesl\/\" \/>\n<meta property=\"og:site_name\" content=\"W\u00f6rthersee Hotel Seer\u00f6sl\" \/>\n<meta property=\"article:publisher\" content=\"https:\/\/www.facebook.com\/www.seeroeslamwoerthersee.at\/\" \/>\n<meta property=\"article:modified_time\" content=\"2024-09-24T16:19:13+00:00\" \/>\n<meta property=\"og:image\" content=\"https:\/\/seeroesl.at\/mtk\/wp-content\/uploads\/2021\/04\/Gaestepinnwand2.jpg\" \/>\n<meta name=\"twitter:card\" content=\"summary_large_image\" \/>\n<meta name=\"twitter:label1\" content=\"Gesch\u00e4tzte Lesezeit\" \/>\n\t<meta name=\"twitter:data1\" content=\"2 Minuten\" \/>\n<!-- \/ Yoast SEO Premium plugin. -->","yoast_head_json":{"title":"Leitbild - Seer\u00f6sl &#187; W\u00f6rthersee Hotel Seer\u00f6sl","robots":{"index":"index","follow":"follow","max-snippet":"max-snippet:-1","max-image-preview":"max-image-preview:large","max-video-preview":"max-video-preview:-1"},"canonical":"https:\/\/seeroesl.at\/mtk\/index.php\/urlaub-am-woerthersee-hotel-seeroesl-kontakt\/unternehmensleitbild-seeroesl\/","og_locale":"de_DE","og_type":"article","og_title":"Leitbild - Seer\u00f6sl","og_description":"Momente vergehen, doch Erinnerungen mit G\u00e4sten bleiben \ud83d\ude09 Mission: Das Wohl unsere G\u00e4ste ist unsere Motivation. Vision: Zufriedene G\u00e4ste, die wiederkehren und uns weiterempfehlen! Life is too short to wait! G\u00f6nn\u00b4 dir \u00f6fter mal eine Auszeit und buche einen Spontanurlaub!","og_url":"https:\/\/seeroesl.at\/mtk\/index.php\/urlaub-am-woerthersee-hotel-seeroesl-kontakt\/unternehmensleitbild-seeroesl\/","og_site_name":"W\u00f6rthersee Hotel Seer\u00f6sl","article_publisher":"https:\/\/www.facebook.com\/www.seeroeslamwoerthersee.at\/","article_modified_time":"2024-09-24T16:19:13+00:00","og_image":[{"url":"https:\/\/seeroesl.at\/mtk\/wp-content\/uploads\/2021\/04\/Gaestepinnwand2.jpg","type":"","width":"","height":""}],"twitter_card":"summary_large_image","twitter_misc":{"Gesch\u00e4tzte Lesezeit":"2 Minuten"},"schema":{"@context":"https:\/\/schema.org","@graph":[{"@type":"WebPage","@id":"https:\/\/seeroesl.at\/mtk\/index.php\/urlaub-am-woerthersee-hotel-seeroesl-kontakt\/unternehmensleitbild-seeroesl\/","url":"https:\/\/seeroesl.at\/mtk\/index.php\/urlaub-am-woerthersee-hotel-seeroesl-kontakt\/unternehmensleitbild-seeroesl\/","name":"Leitbild - Seer\u00f6sl &#187; W\u00f6rthersee Hotel Seer\u00f6sl","isPartOf":{"@id":"https:\/\/seeroesl.at\/mtk\/#website"},"primaryImageOfPage":{"@id":"https:\/\/seeroesl.at\/mtk\/index.php\/urlaub-am-woerthersee-hotel-seeroesl-kontakt\/unternehmensleitbild-seeroesl\/#primaryimage"},"image":{"@id":"https:\/\/seeroesl.at\/mtk\/index.php\/urlaub-am-woerthersee-hotel-seeroesl-kontakt\/unternehmensleitbild-seeroesl\/#primaryimage"},"thumbnailUrl":"https:\/\/seeroesl.at\/mtk\/wp-content\/uploads\/2021\/04\/Gaestepinnwand2.jpg","datePublished":"2021-02-28T16:01:17+00:00","dateModified":"2024-09-24T16:19:13+00:00","breadcrumb":{"@id":"https:\/\/seeroesl.at\/mtk\/index.php\/urlaub-am-woerthersee-hotel-seeroesl-kontakt\/unternehmensleitbild-seeroesl\/#breadcrumb"},"inLanguage":"de-AT","potentialAction":[{"@type":"ReadAction","target":["https:\/\/seeroesl.at\/mtk\/index.php\/urlaub-am-woerthersee-hotel-seeroesl-kontakt\/unternehmensleitbild-seeroesl\/"]}]},{"@type":"ImageObject","inLanguage":"de-AT","@id":"https:\/\/seeroesl.at\/mtk\/index.php\/urlaub-am-woerthersee-hotel-seeroesl-kontakt\/unternehmensleitbild-seeroesl\/#primaryimage","url":"https:\/\/seeroesl.at\/mtk\/wp-content\/uploads\/2021\/04\/Gaestepinnwand2.jpg","contentUrl":"https:\/\/seeroesl.at\/mtk\/wp-content\/uploads\/2021\/04\/Gaestepinnwand2.jpg","width":1024,"height":768},{"@type":"BreadcrumbList","@id":"https:\/\/seeroesl.at\/mtk\/index.php\/urlaub-am-woerthersee-hotel-seeroesl-kontakt\/unternehmensleitbild-seeroesl\/#breadcrumb","itemListElement":[{"@type":"ListItem","position":1,"name":"Home","item":"https:\/\/seeroesl.at\/mtk\/"},{"@type":"ListItem","position":2,"name":"Hotel Seer\u00f6sl | Kontakt","item":"https:\/\/seeroesl.at\/mtk\/index.php\/urlaub-am-woerthersee-hotel-seeroesl-kontakt\/"},{"@type":"ListItem","position":3,"name":"Leitbild &#8211; Seer\u00f6sl"}]},{"@type":"WebSite","@id":"https:\/\/seeroesl.at\/mtk\/#website","url":"https:\/\/seeroesl.at\/mtk\/","name":"W\u00f6rthersee ~ Hotel Garni Seer\u00f6sl | W\u00f6rthersee Urlaub | K\u00e4rnten","description":"Hotel Garni Seer\u00f6sl am W\u00f6rthersee | Urlaub in K\u00e4rnten | \u00d6sterreich","publisher":{"@id":"https:\/\/seeroesl.at\/mtk\/#organization"},"alternateName":"Hotel Seer\u00f6sl | W\u00f6rthersee","potentialAction":[{"@type":"SearchAction","target":{"@type":"EntryPoint","urlTemplate":"https:\/\/seeroesl.at\/mtk\/?s={search_term_string}"},"query-input":{"@type":"PropertyValueSpecification","valueRequired":true,"valueName":"search_term_string"}}],"inLanguage":"de-AT"},{"@type":"Organization","@id":"https:\/\/seeroesl.at\/mtk\/#organization","name":"W\u00f6rthersee Hotel Seer\u00f6sl","url":"https:\/\/seeroesl.at\/mtk\/","logo":{"@type":"ImageObject","inLanguage":"de-AT","@id":"https:\/\/seeroesl.at\/mtk\/#\/schema\/logo\/image\/","url":"https:\/\/seeroesl.at\/mtk\/wp-content\/uploads\/2021\/02\/cropped-Header-Logo-Seerosl-website.png","contentUrl":"https:\/\/seeroesl.at\/mtk\/wp-content\/uploads\/2021\/02\/cropped-Header-Logo-Seerosl-website.png","width":512,"height":512,"caption":"W\u00f6rthersee Hotel Seer\u00f6sl"},"image":{"@id":"https:\/\/seeroesl.at\/mtk\/#\/schema\/logo\/image\/"},"sameAs":["https:\/\/www.facebook.com\/www.seeroeslamwoerthersee.at\/","https:\/\/www.instagram.com\/seeroesl.at\/?hl=de","https:\/\/www.pinterest.at\/Seeroesl\/_created","https:\/\/www.youtube.com\/channel\/UCPZp8pLUNLKgbrSm8gmBF-w","https:\/\/seeroesl.at\/mtk\/index.php\/urlaub-am-woerthersee-hotel-seeroesl-kontakt\/bewertungen-seeroesl-hotel-star-rating\/"],"publishingPrinciples":"https:\/\/seeroesl.at\/mtk\/"}]}},"_links":{"self":[{"href":"https:\/\/seeroesl.at\/mtk\/index.php\/wp-json\/wp\/v2\/pages\/1239","targetHints":{"allow":["GET"]}}],"collection":[{"href":"https:\/\/seeroesl.at\/mtk\/index.php\/wp-json\/wp\/v2\/pages"}],"about":[{"href":"https:\/\/seeroesl.at\/mtk\/index.php\/wp-json\/wp\/v2\/types\/page"}],"author":[{"embeddable":true,"href":"https:\/\/seeroesl.at\/mtk\/index.php\/wp-json\/wp\/v2\/users\/1"}],"replies":[{"embeddable":true,"href":"https:\/\/seeroesl.at\/mtk\/index.php\/wp-json\/wp\/v2\/comments?post=1239"}],"version-history":[{"count":38,"href":"https:\/\/seeroesl.at\/mtk\/index.php\/wp-json\/wp\/v2\/pages\/1239\/revisions"}],"predecessor-version":[{"id":4298,"href":"https:\/\/seeroesl.at\/mtk\/index.php\/wp-json\/wp\/v2\/pages\/1239\/revisions\/4298"}],"up":[{"embeddable":true,"href":"https:\/\/seeroesl.at\/mtk\/index.php\/wp-json\/wp\/v2\/pages\/18"}],"wp:attachment":[{"href":"https:\/\/seeroesl.at\/mtk\/index.php\/wp-json\/wp\/v2\/media?parent=1239"}],"curies":[{"name":"wp","href":"https:\/\/api.w.org\/{rel}","templated":true}]}}