{"id":14,"date":"2021-07-18T10:09:25","date_gmt":"2021-07-18T10:09:25","guid":{"rendered":"https:\/\/seeroesl.at\/mtkhost.21_wordpress\/?page_id=14"},"modified":"2026-03-02T09:09:26","modified_gmt":"2026-03-02T09:09:26","slug":"woerthersee-kurzurlaub-hotel-seeroesl","status":"publish","type":"page","link":"https:\/\/seeroesl.at\/mtk\/index.php\/woerthersee-urlaub-kaernten\/woerthersee-kurzurlaub-hotel-seeroesl\/","title":{"rendered":"\ud83c\udfde\ufe0f Kurzurlaub am W\u00f6rthersee \u2013 spontan entspannen in Krumpendorf"},"content":{"rendered":"\n<h2 class=\"wp-block-heading\" id=\"h-kurzfristig-buchen-in-krumpendorf-am-worthersee-spontan-entspannt-amp-erschwinglich\">\u201eKurzfristig buchen in Krumpendorf am W\u00f6rthersee \u2013 spontan, entspannt &amp; erschwinglich\u201c<\/h2>\n\n\n\n<p>Sie  brauchen eine Pause \u2013 aber m\u00f6chten nicht Wochen im Voraus planen?<br>Im <strong>Hotel Seer\u00f6sl<\/strong> in <strong>Krumpendorf am W\u00f6rthersee<\/strong> k\u00f6nnen Sie <strong>auch kurzfristig buchen<\/strong>. Genie\u00dfen Sie einen spontanen Kurzurlaub mit See, Fr\u00fchst\u00fcck, Ruhe \u2013 und das alles zu fairen Preisen.<\/p>\n\n\n\n<h3 class=\"wp-block-heading\" id=\"h-warum-das-hotel-garni-seerosl-perfekt-fur-ihren-worthersee-kurzurlaub-ist\">Warum das Hotel Garni Seer\u00f6sl perfekt f\u00fcr Ihren W\u00f6rthersee Kurzurlaub ist:<\/h3>\n\n\n\n<ul class=\"wp-block-list\">\n<li><strong>Top-Lage<\/strong>: Nur 2-3 Minuten zum W\u00f6rthersee<\/li>\n\n\n\n<li><strong>Kurzfristig buchbar<\/strong>: Auch Last-Minute m\u00f6glich<\/li>\n\n\n\n<li><strong>Preis-Leistung<\/strong>: Inklusive Fr\u00fchst\u00fcck &amp; vielen Extras<\/li>\n\n\n\n<li><strong>Famili\u00e4r &amp; herzlich<\/strong> \u2013 wir k\u00fcmmern uns pers\u00f6nlich<\/li>\n\n\n\n<li><strong>W\u00f6rthersee Plus Card<\/strong>: Gratis dabei f\u00fcr Aktivit\u00e4ten &amp; Rabatte<\/li>\n<\/ul>\n\n\n\n<h3 class=\"wp-block-heading\">\ud83d\udcc5 Ideale Reisedauer:<\/h3>\n\n\n\n<ul class=\"wp-block-list\">\n<li>2 N\u00e4chte \u2013 zum Durchatmen<\/li>\n\n\n\n<li>3 N\u00e4chte \u2013 zum Entdecken<\/li>\n\n\n\n<li>Wochenende \u2013 zum Entspannen<\/li>\n<\/ul>\n\n\n\n<h3 class=\"wp-block-heading\">\ud83d\udeb2 Tipp: Aktiv + Entspannt<\/h3>\n\n\n\n<ul class=\"wp-block-list\">\n<li>Spazierg\u00e4nge entlang des Seeufers<\/li>\n\n\n\n<li>Radweg direkt vor dem Haus<\/li>\n\n\n\n<li>Tagesausflug nach Velden oder Klagenfurt<\/li>\n\n\n\n<li>Fr\u00fchst\u00fcck au der sonnigen Terrasse \u2013 mit herrlichen Ausblick<\/li>\n<\/ul>\n\n\n\n<h3 class=\"wp-block-heading\" id=\"h-jetzt-spontan-anfragen-oder-online-buchen\">\ud83d\udce9 Jetzt spontan \ud83d\udc49 <a href=\"https:\/\/hotel.seeroesl.at\/woerthersee-anfrage\/\" type=\"link\" id=\"https:\/\/hotel.seeroesl.at\/woerthersee-anfrage\/\">anfragen<\/a> oder \ud83d\udc49<a href=\"https:\/\/hotel.seeroesl.at\/woerthersee-buchen-hotel-seeroesl\/\" type=\"link\" id=\"https:\/\/hotel.seeroesl.at\/woerthersee-buchen-hotel-seeroesl\/\">online buchen <\/a>!<\/h3>\n\n\n\n<p>Auch sehr kurzfristig buchbar! <\/p>\n\n\n\n<p>Das Hotel Garni Seer\u00f6sl in Krumpendorf bietet Ihnen Erholung und besten Service - nur wenige Gehminuten vom See entfernt , mit Fr\u00fchst\u00fcck inklusive.<\/p>\n\n\n\n<figure class=\"wp-block-image size-large\"><img decoding=\"async\" width=\"1024\" height=\"768\" src=\"https:\/\/seeroesl.at\/mtk\/wp-content\/uploads\/2021\/03\/Krumpendorf.mit_.Pfeil_-1024x768.jpg\" alt=\"W\u00f6rthersee Krumpendorf\" class=\"wp-image-1628\" srcset=\"https:\/\/seeroesl.at\/mtk\/wp-content\/uploads\/2021\/03\/Krumpendorf.mit_.Pfeil_-1024x768.jpg 1024w, https:\/\/seeroesl.at\/mtk\/wp-content\/uploads\/2021\/03\/Krumpendorf.mit_.Pfeil_-300x225.jpg 300w, https:\/\/seeroesl.at\/mtk\/wp-content\/uploads\/2021\/03\/Krumpendorf.mit_.Pfeil_-768x576.jpg 768w, https:\/\/seeroesl.at\/mtk\/wp-content\/uploads\/2021\/03\/Krumpendorf.mit_.Pfeil_-1536x1152.jpg 1536w, https:\/\/seeroesl.at\/mtk\/wp-content\/uploads\/2021\/03\/Krumpendorf.mit_.Pfeil_-2048x1536.jpg 2048w, https:\/\/seeroesl.at\/mtk\/wp-content\/uploads\/2021\/03\/Krumpendorf.mit_.Pfeil_-200x150.jpg 200w, https:\/\/seeroesl.at\/mtk\/wp-content\/uploads\/2021\/03\/Krumpendorf.mit_.Pfeil_-933x700.jpg 933w\" sizes=\"(max-width: 1024px) 100vw, 1024px\" \/><\/figure>\n\n\n\n<h3 class=\"wp-block-heading\" id=\"krumpendorf-die-sonnige-sudseite-karntens-ein-reiseziel-der-besonderen-art\">Krumpendorf  \u2013 die sonnige S\u00fcdseite K\u00e4rntens \u2013 ein Reiseziel der besonderen Art<\/h3>\n\n\n\n<p>Krumpendorf bzw. (fr\u00fcher) \u201eChrumpendorf\u201c wird im Jahre 1419 zum ersten Mal in einer Urkunde erw\u00e4hnt. Der Name leitet sich von \u201eKrumpenfelferdorf\u201c her. \u201eFelfer\u201c ist der K\u00e4rntner Dialektausdruck f\u00fcr Weide. Die krumme Weide stand noch vor hundert Jahren. In ihr wohnte, berichtet eine uralte Sage, der Schutzgeist des Ortes.<\/p>\n\n\n\n<p>Schon im Jahre 1872 bewohnten die adeligen Herrschaften im Sommer ihre Schl\u00f6sser am Land und galten als die ersten G\u00e4ste Krumpendorfs. Familien, die keine Landwohnung hatten, versuchten sich in den Bauernh\u00e4usern einzumieten. 1864 begann in Krumpendorf auch der Fremdenverkehr und die ersten Badeg\u00e4ste kamen.<\/p>\n\n\n\n<h3 class=\"wp-block-heading\" id=\"die-grune-oase-am-worthersee-wo-urlaub-erholung-ist-ein-sommer-wie-aus-kindertagen\">Die \u201egr\u00fcne Oase\u201c am W\u00f6rthersee \u2013 wo Urlaub Erholung ist, ein Sommer wie aus Kindertagen<\/h3>\n\n\n\n<p>Ruhig und doch zentral gelegen, z\u00e4hlt Krumpendorf am W\u00f6rthersee zu den <\/p>\n\n\n\n<h4 class=\"wp-block-heading\" id=\"geheimtipps-unter-den-urlaubern\"><strong>Geheimtipps unter den Urlaubern<\/strong><\/h4>\n\n\n\n<figure class=\"wp-block-image size-large is-resized\"><img decoding=\"async\" width=\"694\" height=\"405\" src=\"https:\/\/seeroesl.at\/mtk\/wp-content\/uploads\/2021\/03\/Krumpendorf.am_.Woerthersee.Urlaubsregion.jpg\" alt=\"W\u00f6rthersee Hotel Garni See\u00f6sl Krumpendorf am W\u00f6rthersee \" class=\"wp-image-1562\" style=\"width:815px;height:476px\" srcset=\"https:\/\/seeroesl.at\/mtk\/wp-content\/uploads\/2021\/03\/Krumpendorf.am_.Woerthersee.Urlaubsregion.jpg 694w, https:\/\/seeroesl.at\/mtk\/wp-content\/uploads\/2021\/03\/Krumpendorf.am_.Woerthersee.Urlaubsregion-300x175.jpg 300w, https:\/\/seeroesl.at\/mtk\/wp-content\/uploads\/2021\/03\/Krumpendorf.am_.Woerthersee.Urlaubsregion-257x150.jpg 257w\" sizes=\"(max-width: 694px) 100vw, 694px\" \/><figcaption class=\"wp-element-caption\">Hotel Garni Seer\u00f6sl  | Krumpendorf am W\u00f6rthersee<\/figcaption><\/figure>\n\n\n\n<h3 class=\"wp-block-heading\" id=\"jetzt-anfragen-buchen-info-seeroesl-at\"><mark style=\"background-color:rgba(0, 0, 0, 0)\" class=\"has-inline-color has-vivid-cyan-blue-color\">Hotel Seer\u00f6sl anfragen \/ buchen <a href=\"mailto:info@seeroesl.at\">\ud83d\udccc<\/a> info@seeroesl.at<\/mark><\/h3>\n\n\n\n<figure class=\"wp-block-image size-large is-resized\"><img decoding=\"async\" width=\"1024\" height=\"575\" src=\"https:\/\/seeroesl.at\/mtk\/wp-content\/uploads\/2021\/04\/2.-Parkbad-mitte1.1.jpg\" alt=\"Seer\u00f6sl Parkbad Krumpendorf am W\u00f6rthersee\" class=\"wp-image-2164\" style=\"width:809px;height:453px\" srcset=\"https:\/\/seeroesl.at\/mtk\/wp-content\/uploads\/2021\/04\/2.-Parkbad-mitte1.1.jpg 1024w, https:\/\/seeroesl.at\/mtk\/wp-content\/uploads\/2021\/04\/2.-Parkbad-mitte1.1-300x168.jpg 300w, https:\/\/seeroesl.at\/mtk\/wp-content\/uploads\/2021\/04\/2.-Parkbad-mitte1.1-768x431.jpg 768w, https:\/\/seeroesl.at\/mtk\/wp-content\/uploads\/2021\/04\/2.-Parkbad-mitte1.1-267x150.jpg 267w\" sizes=\"(max-width: 1024px) 100vw, 1024px\" \/><figcaption class=\"wp-element-caption\">Parkbad Krumpendorf<\/figcaption><\/figure>\n\n\n\n<figure class=\"wp-block-pullquote is-style-default\"><blockquote><p><em>So aktiv,<\/em><br><em>so bequem,<\/em><br><em>so erholsam<\/em><br> <em>und interessant<\/em><\/p><\/blockquote><\/figure>\n\n\n\n<p>.... wie Sie wollen, Sie finden hier die liebe alte Sommerfrische oder eine gelungene Mischung von beiden.<\/p>\n\n\n\n<h4 class=\"wp-block-heading\" id=\"das-herz-fur-den-gast-ist-uberall-zu-spuren\">Das Herz f\u00fcr den Gast ist \u00fcberall zu sp\u00fcren<\/h4>\n\n\n\n<p>Da ist man gesellig, sangesfreudig, kinderlieb, tolerant und aufgeschlossen. Der W\u00f6rthersee und die umgebende Natur bilden in Krumpendorf eine Erholungslandschaft in Vollendung.<\/p>\n\n\n\n<p>Ihr \u201eUrlaubsdorf\u201c ist ein Ort im Gr\u00fcnen mit reizvollen Uferpromenaden, der liebliche Kurpark, viele sorgf\u00e4ltig gehegte Gr\u00fcnfl\u00e4chen, bedeuten immer mehr Genuss am See f\u00fcr alle G\u00e4ste.<\/p>\n\n\n\n<figure class=\"wp-block-image size-large\"><img decoding=\"async\" width=\"1024\" height=\"575\" src=\"https:\/\/seeroesl.at\/mtk\/wp-content\/uploads\/2021\/04\/DSC02961.1.jpg\" alt=\"Seer\u00f6sl Kurpark Krumpendorf\" class=\"wp-image-2165\" srcset=\"https:\/\/seeroesl.at\/mtk\/wp-content\/uploads\/2021\/04\/DSC02961.1.jpg 1024w, https:\/\/seeroesl.at\/mtk\/wp-content\/uploads\/2021\/04\/DSC02961.1-300x168.jpg 300w, https:\/\/seeroesl.at\/mtk\/wp-content\/uploads\/2021\/04\/DSC02961.1-768x431.jpg 768w, https:\/\/seeroesl.at\/mtk\/wp-content\/uploads\/2021\/04\/DSC02961.1-267x150.jpg 267w\" sizes=\"(max-width: 1024px) 100vw, 1024px\" \/><figcaption class=\"wp-element-caption\">Kurpark Krumpendorf<\/figcaption><\/figure>\n\n\n\n<p>Das <strong><a href=\"https:\/\/seeroesl.at\/mtk\/index.php\/2021\/01\/19\/wandertouren-am-see\/\">Wanderparadies um Krumpendorf<\/a><em><a href=\"https:\/\/seeroesl.at\/mtk\/index.php\/2021\/01\/19\/wandertouren-am-see\/\"> <\/a>,<\/em><\/strong> das kulturelle Angebot der Landeshauptstadt Klagenfurt in Idealn\u00e4he und die sportlichen und geselligen Veranstaltungen im Ort bilden in Krumpendorf ein sicheres Heimatgef\u00fchl der besonderen Ort.<\/p>\n\n\n\n<p>Erleben Sie unvergessliche Urlaubsmomente mit der ganzen Familie, gesellige <a href=\"https:\/\/seeroesl.at\/mtk\/index.php\/sport-freizeit-in-kaernten\/top-ausfluege-kaernten\/\"><strong>Ausfl\u00fcge<\/strong><\/a> mit Freunden oder einen entspannten Singleurlaub.<\/p>\n\n\n\n<h3 class=\"wp-block-heading\" id=\"der-erlebte-urlaub-in-landlicher-ruhe-urlaubsparadies-f-naturliebhaber\">Der erlebte Urlaub in l\u00e4ndlicher Ruhe | Urlaubsparadies f. Naturliebhaber<\/h3>\n\n\n\n<h4 class=\"wp-block-heading\" id=\"einfach-entspannen-bewegen-geniessen\" style=\"font-size:18px\"><strong>Einfach - ENTSPANNEN - BEWEGEN - GENIESSEN<\/strong><\/h4>\n\n\n\n<p>Die einen m\u00f6gen es gem\u00fctlich, die anderen mehr aktiv. Krumpendorf, auch als die Bewegungsarena bekannt, ist vor allem wegen seiner Vielseitigkeit sehr beliebt. Unz\u00e4hlige Freizeitm\u00f6glichkeiten f\u00fcr Ihren Urlaub werden geboten:<\/p>\n\n\n\n<p>Spazierg\u00e4nge an der Strandpromenade Krumpendorf, Schwimmen, Surfen, Segeln, Wasserski, Golfanlage (Minigolfanlage), Tennispl\u00e4tze, Berg und Klettertouren, Wandern, Radfahren, Nordic Walking.<\/p>\n\n\n\n<p>Von allen Aktivit\u00e4ten soll \u201eNichtstun\u201c am schwersten sein. Doch bis der richtige Urlaubsrythmus gefunden ist, hat das Akklimatisieren Vorrang. Neben dem Ankommen, setzt sich auch schon die knusprige Br\u00e4une an.<\/p>\n\n\n\n<figure class=\"wp-block-image size-large is-resized\"><img decoding=\"async\" width=\"1024\" height=\"575\" src=\"https:\/\/seeroesl.at\/mtk\/wp-content\/uploads\/2021\/03\/DSC09531.badehaus.ch_.th_.jpg\" alt=\"Strandpavillon mit Liegen direkt am W\u00f6rthersee Hotel Garni Seer\u00f6sl Krumpendorf\" class=\"wp-image-1427\" style=\"width:830px;height:465px\" srcset=\"https:\/\/seeroesl.at\/mtk\/wp-content\/uploads\/2021\/03\/DSC09531.badehaus.ch_.th_.jpg 1024w, https:\/\/seeroesl.at\/mtk\/wp-content\/uploads\/2021\/03\/DSC09531.badehaus.ch_.th_-300x168.jpg 300w, https:\/\/seeroesl.at\/mtk\/wp-content\/uploads\/2021\/03\/DSC09531.badehaus.ch_.th_-768x431.jpg 768w, https:\/\/seeroesl.at\/mtk\/wp-content\/uploads\/2021\/03\/DSC09531.badehaus.ch_.th_-267x150.jpg 267w\" sizes=\"(max-width: 1024px) 100vw, 1024px\" \/><figcaption class=\"wp-element-caption\">Strandpavillon mit Liegen f\u00fcr unsere Hausg\u00e4ste<\/figcaption><\/figure>\n\n\n\n<h4 class=\"wp-block-heading\" id=\"25-30-grad-sonne-blauer-himmel-besser-konnte-es-nicht-sein\" style=\"font-size:18px\"><strong>25-30 Grad, Sonne, blauer Himmel \u2013 besser k\u00f6nnte es nicht sein<\/strong><\/h4>\n\n\n\n<p>Das g\u00fcnstige W\u00f6rtherseeklima \u00fcber Krumpendorf machts m\u00f6glich. Mit subalpin und mediterranen Einfluss, bleibt es hier von April\/Mai bis September\/Oktober urlaubsfreundlich.<\/p>\n\n\n\n<figure class=\"wp-block-pullquote\"><blockquote><p>Vergessen Sie den Alltagsstress, ihr Urlaubserfolg beginnt in k\u00fcrze.<\/p><\/blockquote><\/figure>\n\n\n\n<h4 class=\"wp-block-heading\" id=\"die-3-hauptgrunde-sind\">Die 3 Hauptgr\u00fcnde sind <\/h4>\n\n\n\n<ul class=\"wp-block-list has-medium-font-size\">\n<li>hei\u00dfe Temperaturen, <\/li>\n\n\n\n<li>frische Luft,<\/li>\n\n\n\n<li>seidenweich, sauberes Wasser,<\/li>\n<\/ul>\n\n\n\n<p id=\"die-urlauber-nach-krumpendorf-ziehen\">... die  Urlauber nach Krumpendorf ziehen.<\/p>\n\n\n\n<h4 class=\"wp-block-heading\" id=\"aber-auch-nachbarsorte-wie-zum-beispiel-velden-portschach-und-klagenfurt-sind-mit-dem-auto-nur-ein-paar-fahrminuten-entfernt\">Aber auch Nachbarsorte, wie zum Beispiel Velden, P\u00f6rtschach und Klagenfurt  sind mit dem Auto nur ein paar Fahrminuten entfernt. <\/h4>\n\n\n\n<p>Zentral gelegen und dennoch ruhig - das Hotel Seer\u00f6sl in Krumpendorf ist ideal erreichbar mit Auto, Bahn oder Bus. Der W\u00f6rthersee ist nur ein kurzer Spatziergang entfernt. <\/p>\n\n\n\n<p><\/p>\n\n\n<input type=\"button\" value=\"Go back\" class=\"alg_back_button_input \" style=\"\" onclick=\"window.history.back()\" \/>\n","protected":false},"excerpt":{"rendered":"<p>\u201eKurzfristig buchen in Krumpendorf am W\u00f6rthersee \u2013 spontan, entspannt &amp; erschwinglich\u201c Sie brauchen eine Pause \u2013 aber m\u00f6chten nicht Wochen im Voraus planen?Im Hotel Seer\u00f6sl in Krumpendorf am W\u00f6rthersee k\u00f6nnen Sie auch kurzfristig buchen. Genie\u00dfen Sie einen spontanen Kurzurlaub mit See, Fr\u00fchst\u00fcck, Ruhe \u2013 und das alles zu fairen Preisen.<a href=\"https:\/\/seeroesl.at\/mtk\/index.php\/woerthersee-urlaub-kaernten\/woerthersee-kurzurlaub-hotel-seeroesl\/\" class=\"read-more\">Read More ...<\/a><\/p>\n","protected":false},"author":1,"featured_media":0,"parent":10,"menu_order":0,"comment_status":"closed","ping_status":"closed","template":"","meta":{"_glsr_average":0,"_glsr_ranking":0,"_glsr_reviews":0,"footnotes":""},"class_list":["post-14","page","type-page","status-publish","hentry"],"yoast_head":"<!-- This site is optimized with the Yoast SEO Premium plugin v24.0 (Yoast SEO v27.4) - https:\/\/yoast.com\/product\/yoast-seo-premium-wordpress\/ -->\n<title>W\u00f6rthersee Kurzurlaub: Last-Minute Entspannung &#187; W\u00f6rthersee Hotel Seer\u00f6sl<\/title>\n<meta name=\"description\" content=\"Genie\u00dfen Sie eine Auszeit am W\u00f6rthersee. Kurzurlaub im Hotel Seer\u00f6sl mit fairen Preisen, Fr\u00fchst\u00fcck und pers\u00f6nlichem Service.\" \/>\n<meta name=\"robots\" content=\"index, follow, max-snippet:-1, max-image-preview:large, max-video-preview:-1\" \/>\n<link rel=\"canonical\" href=\"https:\/\/seeroesl.at\/mtk\/index.php\/woerthersee-urlaub-kaernten\/woerthersee-kurzurlaub-hotel-seeroesl\/\" \/>\n<meta property=\"og:locale\" content=\"de_DE\" \/>\n<meta property=\"og:type\" content=\"article\" \/>\n<meta property=\"og:title\" content=\"\ud83c\udfde\ufe0f Kurzurlaub am W\u00f6rthersee \u2013 spontan entspannen in Krumpendorf\" \/>\n<meta property=\"og:description\" content=\"Genie\u00dfen Sie eine Auszeit am W\u00f6rthersee. Kurzurlaub im Hotel Seer\u00f6sl mit fairen Preisen, Fr\u00fchst\u00fcck und pers\u00f6nlichem Service.\" \/>\n<meta property=\"og:url\" content=\"https:\/\/seeroesl.at\/mtk\/index.php\/woerthersee-urlaub-kaernten\/woerthersee-kurzurlaub-hotel-seeroesl\/\" \/>\n<meta property=\"og:site_name\" content=\"W\u00f6rthersee Hotel Seer\u00f6sl\" \/>\n<meta property=\"article:publisher\" content=\"https:\/\/www.facebook.com\/www.seeroeslamwoerthersee.at\/\" \/>\n<meta property=\"article:modified_time\" content=\"2026-03-02T09:09:26+00:00\" \/>\n<meta property=\"og:image\" content=\"https:\/\/seeroesl.at\/mtk\/wp-content\/uploads\/2021\/03\/Krumpendorf.mit_.Pfeil_-scaled.jpg\" \/>\n\t<meta property=\"og:image:width\" content=\"2560\" \/>\n\t<meta property=\"og:image:height\" content=\"1920\" \/>\n\t<meta property=\"og:image:type\" content=\"image\/jpeg\" \/>\n<meta name=\"twitter:card\" content=\"summary_large_image\" \/>\n<meta name=\"twitter:label1\" content=\"Gesch\u00e4tzte Lesezeit\" \/>\n\t<meta name=\"twitter:data1\" content=\"5 Minuten\" \/>\n<!-- \/ Yoast SEO Premium plugin. -->","yoast_head_json":{"title":"W\u00f6rthersee Kurzurlaub: Last-Minute Entspannung &#187; W\u00f6rthersee Hotel Seer\u00f6sl","description":"Genie\u00dfen Sie eine Auszeit am W\u00f6rthersee. Kurzurlaub im Hotel Seer\u00f6sl mit fairen Preisen, Fr\u00fchst\u00fcck und pers\u00f6nlichem Service.","robots":{"index":"index","follow":"follow","max-snippet":"max-snippet:-1","max-image-preview":"max-image-preview:large","max-video-preview":"max-video-preview:-1"},"canonical":"https:\/\/seeroesl.at\/mtk\/index.php\/woerthersee-urlaub-kaernten\/woerthersee-kurzurlaub-hotel-seeroesl\/","og_locale":"de_DE","og_type":"article","og_title":"\ud83c\udfde\ufe0f Kurzurlaub am W\u00f6rthersee \u2013 spontan entspannen in Krumpendorf","og_description":"Genie\u00dfen Sie eine Auszeit am W\u00f6rthersee. Kurzurlaub im Hotel Seer\u00f6sl mit fairen Preisen, Fr\u00fchst\u00fcck und pers\u00f6nlichem Service.","og_url":"https:\/\/seeroesl.at\/mtk\/index.php\/woerthersee-urlaub-kaernten\/woerthersee-kurzurlaub-hotel-seeroesl\/","og_site_name":"W\u00f6rthersee Hotel Seer\u00f6sl","article_publisher":"https:\/\/www.facebook.com\/www.seeroeslamwoerthersee.at\/","article_modified_time":"2026-03-02T09:09:26+00:00","og_image":[{"width":2560,"height":1920,"url":"https:\/\/seeroesl.at\/mtk\/wp-content\/uploads\/2021\/03\/Krumpendorf.mit_.Pfeil_-scaled.jpg","type":"image\/jpeg"}],"twitter_card":"summary_large_image","twitter_misc":{"Gesch\u00e4tzte Lesezeit":"5 Minuten"},"schema":{"@context":"https:\/\/schema.org","@graph":[{"@type":"WebPage","@id":"https:\/\/seeroesl.at\/mtk\/index.php\/woerthersee-urlaub-kaernten\/woerthersee-kurzurlaub-hotel-seeroesl\/","url":"https:\/\/seeroesl.at\/mtk\/index.php\/woerthersee-urlaub-kaernten\/woerthersee-kurzurlaub-hotel-seeroesl\/","name":"W\u00f6rthersee Kurzurlaub: Last-Minute Entspannung &#187; W\u00f6rthersee Hotel Seer\u00f6sl","isPartOf":{"@id":"https:\/\/seeroesl.at\/mtk\/#website"},"primaryImageOfPage":{"@id":"https:\/\/seeroesl.at\/mtk\/index.php\/woerthersee-urlaub-kaernten\/woerthersee-kurzurlaub-hotel-seeroesl\/#primaryimage"},"image":{"@id":"https:\/\/seeroesl.at\/mtk\/index.php\/woerthersee-urlaub-kaernten\/woerthersee-kurzurlaub-hotel-seeroesl\/#primaryimage"},"thumbnailUrl":"https:\/\/seeroesl.at\/mtk\/wp-content\/uploads\/2021\/03\/Krumpendorf.mit_.Pfeil_-1024x768.jpg","datePublished":"2021-07-18T10:09:25+00:00","dateModified":"2026-03-02T09:09:26+00:00","description":"Genie\u00dfen Sie eine Auszeit am W\u00f6rthersee. Kurzurlaub im Hotel Seer\u00f6sl mit fairen Preisen, Fr\u00fchst\u00fcck und pers\u00f6nlichem Service.","breadcrumb":{"@id":"https:\/\/seeroesl.at\/mtk\/index.php\/woerthersee-urlaub-kaernten\/woerthersee-kurzurlaub-hotel-seeroesl\/#breadcrumb"},"inLanguage":"de-AT","potentialAction":[{"@type":"ReadAction","target":["https:\/\/seeroesl.at\/mtk\/index.php\/woerthersee-urlaub-kaernten\/woerthersee-kurzurlaub-hotel-seeroesl\/"]}]},{"@type":"ImageObject","inLanguage":"de-AT","@id":"https:\/\/seeroesl.at\/mtk\/index.php\/woerthersee-urlaub-kaernten\/woerthersee-kurzurlaub-hotel-seeroesl\/#primaryimage","url":"https:\/\/seeroesl.at\/mtk\/wp-content\/uploads\/2021\/03\/Krumpendorf.mit_.Pfeil_-1024x768.jpg","contentUrl":"https:\/\/seeroesl.at\/mtk\/wp-content\/uploads\/2021\/03\/Krumpendorf.mit_.Pfeil_-1024x768.jpg"},{"@type":"BreadcrumbList","@id":"https:\/\/seeroesl.at\/mtk\/index.php\/woerthersee-urlaub-kaernten\/woerthersee-kurzurlaub-hotel-seeroesl\/#breadcrumb","itemListElement":[{"@type":"ListItem","position":1,"name":"Home","item":"https:\/\/seeroesl.at\/mtk\/"},{"@type":"ListItem","position":2,"name":"W\u00f6rthersee Urlaub 2026","item":"https:\/\/seeroesl.at\/mtk\/index.php\/woerthersee-urlaub-kaernten\/"},{"@type":"ListItem","position":3,"name":"\ud83c\udfde\ufe0f Kurzurlaub am W\u00f6rthersee \u2013 spontan entspannen in Krumpendorf"}]},{"@type":"WebSite","@id":"https:\/\/seeroesl.at\/mtk\/#website","url":"https:\/\/seeroesl.at\/mtk\/","name":"W\u00f6rthersee ~ Hotel Garni Seer\u00f6sl | W\u00f6rthersee Urlaub | K\u00e4rnten","description":"Hotel Garni Seer\u00f6sl am W\u00f6rthersee | Urlaub in K\u00e4rnten | \u00d6sterreich","publisher":{"@id":"https:\/\/seeroesl.at\/mtk\/#organization"},"alternateName":"Hotel Seer\u00f6sl | W\u00f6rthersee","potentialAction":[{"@type":"SearchAction","target":{"@type":"EntryPoint","urlTemplate":"https:\/\/seeroesl.at\/mtk\/?s={search_term_string}"},"query-input":{"@type":"PropertyValueSpecification","valueRequired":true,"valueName":"search_term_string"}}],"inLanguage":"de-AT"},{"@type":"Organization","@id":"https:\/\/seeroesl.at\/mtk\/#organization","name":"W\u00f6rthersee Hotel Seer\u00f6sl","url":"https:\/\/seeroesl.at\/mtk\/","logo":{"@type":"ImageObject","inLanguage":"de-AT","@id":"https:\/\/seeroesl.at\/mtk\/#\/schema\/logo\/image\/","url":"https:\/\/seeroesl.at\/mtk\/wp-content\/uploads\/2021\/02\/cropped-Header-Logo-Seerosl-website.png","contentUrl":"https:\/\/seeroesl.at\/mtk\/wp-content\/uploads\/2021\/02\/cropped-Header-Logo-Seerosl-website.png","width":512,"height":512,"caption":"W\u00f6rthersee Hotel Seer\u00f6sl"},"image":{"@id":"https:\/\/seeroesl.at\/mtk\/#\/schema\/logo\/image\/"},"sameAs":["https:\/\/www.facebook.com\/www.seeroeslamwoerthersee.at\/","https:\/\/www.instagram.com\/seeroesl.at\/?hl=de","https:\/\/www.pinterest.at\/Seeroesl\/_created","https:\/\/www.youtube.com\/channel\/UCPZp8pLUNLKgbrSm8gmBF-w","https:\/\/seeroesl.at\/mtk\/index.php\/urlaub-am-woerthersee-hotel-seeroesl-kontakt\/bewertungen-seeroesl-hotel-star-rating\/"],"publishingPrinciples":"https:\/\/seeroesl.at\/mtk\/"}]}},"_links":{"self":[{"href":"https:\/\/seeroesl.at\/mtk\/index.php\/wp-json\/wp\/v2\/pages\/14","targetHints":{"allow":["GET"]}}],"collection":[{"href":"https:\/\/seeroesl.at\/mtk\/index.php\/wp-json\/wp\/v2\/pages"}],"about":[{"href":"https:\/\/seeroesl.at\/mtk\/index.php\/wp-json\/wp\/v2\/types\/page"}],"author":[{"embeddable":true,"href":"https:\/\/seeroesl.at\/mtk\/index.php\/wp-json\/wp\/v2\/users\/1"}],"replies":[{"embeddable":true,"href":"https:\/\/seeroesl.at\/mtk\/index.php\/wp-json\/wp\/v2\/comments?post=14"}],"version-history":[{"count":42,"href":"https:\/\/seeroesl.at\/mtk\/index.php\/wp-json\/wp\/v2\/pages\/14\/revisions"}],"predecessor-version":[{"id":5650,"href":"https:\/\/seeroesl.at\/mtk\/index.php\/wp-json\/wp\/v2\/pages\/14\/revisions\/5650"}],"up":[{"embeddable":true,"href":"https:\/\/seeroesl.at\/mtk\/index.php\/wp-json\/wp\/v2\/pages\/10"}],"wp:attachment":[{"href":"https:\/\/seeroesl.at\/mtk\/index.php\/wp-json\/wp\/v2\/media?parent=14"}],"curies":[{"name":"wp","href":"https:\/\/api.w.org\/{rel}","templated":true}]}}