{"id":30,"date":"2021-01-12T15:17:47","date_gmt":"2021-01-12T15:17:47","guid":{"rendered":"https:\/\/seeroesl.at\/mtkhost.21_wordpress\/?page_id=30"},"modified":"2026-03-06T17:01:21","modified_gmt":"2026-03-06T17:01:21","slug":"direktbuchung","status":"publish","type":"page","link":"https:\/\/seeroesl.at\/mtk\/index.php\/hotel-woerthersee-direkt-buchen-seeroesl\/direktbuchung\/","title":{"rendered":"Hotel Seer\u00f6sl buchen"},"content":{"rendered":"\n<h2 class=\"wp-block-heading\" id=\"buchen-sie-jetzt-ganz-leicht-und-unkompliziert-ihren-urlaub-in-karnten-am-worthersee\">Buchen Sie jetzt ganz leicht und unkompliziert Ihren Urlaub in K\u00e4rnten am W\u00f6rthersee - Zimmer mit Fr\u00fchst\u00fcck im Hotel Seer\u00f6sl<\/h2>\n\n\n\n<!DOCTYPE html>\n<html lang=\"de\">\n<head>\n<meta charset=\"UTF-8\" \/>\n<meta name=\"viewport\" content=\"width=device-width, initial-scale=1\" \/>\n<title>Fr\u00fchst\u00fcck mit Seeblick | Hotel Garni Seer\u00f6sl am W\u00f6rthersee<\/title>\n<meta name=\"description\" content=\"Starten Sie den Tag mit unserem leckeren Fr\u00fchst\u00fcck am W\u00f6rthersee. Regionale Produkte, sonnige Terrasse & entspannte Atmosph\u00e4re im Hotel Seer\u00f6sl.\" \/>\n<style>\n  body { font-family: Arial, sans-serif; margin:0; padding:0; color:#333; line-height:1.6; }\n  main { max-width: 900px; margin: auto; padding: 20px; }\n  h1, h2 { color: #0077c2; }\n  p { max-width: 650px; }\n  img { max-width: 100%; border-radius: 6px; margin: 15px 0; }\n  a.btn { display: inline-block; padding: 10px 20px; background:#0077c2; color:#fff; text-decoration:none; border-radius:4px; margin-top:10px; }\n  a.btn:hover { background:#005f8c; }\n  @media (max-width:600px) {\n    main { padding: 15px; }\n    h1 { font-size: 1.6rem; }\n  }\n<\/style>\n<\/head>\n<body>\n\n<main>\n  <h1>Fr\u00fchst\u00fcck mit herrlichen Ausblick<\/h1>\n  \n  <p>Genie\u00dfen Sie unser reichhaltiges Fr\u00fchst\u00fcck mit regionalen Spezialit\u00e4ten und frischen Zutaten \u2013 serviert auf unserer sonnigen Terrasse mit Blick auf den Garten.<\/p>\n  \n  <section>\n    <h2>Was Sie erwartet<\/h2>\n    <ul>\n      <li>Frisch gebackenes Geb\u00e4ck, Brot,Kornspitz , leckere Eiervariationen<\/li>\n      <li>Ausgew\u00e4hlte Wurst- und K\u00e4sesorten, M\u00fcslisorten, Joghurt <\/li>\n      <li>Frisches Obst, Gem\u00fcse und Bio Marmeladen, Honig, Nutella, verschied. Aufstriche<\/li>\n      <li>Mit sehr gutem Kaffee- und Teespezialit\u00e4ten, verschieden S\u00e4fte <\/li>\n      <li>Freundlicher Service in entspannter Atmosph\u00e4re<\/li>\n    <\/ul>\n  <\/section>\n  \n  <img decoding=\"async\" src=\"media\/fruehstueck-terrasse.jpg\" alt=\"Fr\u00fchst\u00fccksterrasse mit Ausblick - Urlaub im Hotel Seer\u00f6sl\" \/>\n  \n  <a href=\"https:\/\/seeroesl.at\/mtk\/index.php\/hotel-garni-seeroesl-krumpendorf-am-woerthersee-online-buchen\/woerthersee-anfrage-urlaub\/\" class=\"btn\">Fr\u00fchst\u00fcck inklusive \u2013 Zimmer anfragen<\/a>\n<\/main>\n\n<\/body>\n<\/html>\n\n\n\n<h3 class=\"wp-block-heading\" id=\"jetzt-buchen-den\">Jetzt online buchen mit sofortiger Buchung<\/h3>\n\n\n\n<div class=\"wp-block-buttons is-layout-flex wp-block-buttons-is-layout-flex\">\n<div class=\"wp-block-button is-style-fill\"><a class=\"wp-block-button__link wp-element-button\" href=\"https:\/\/hotel.seeroesl.at\/woerthersee-buchen-hotel-seeroesl\/\"><strong>\ud83d\udc49<\/strong> Onlinebuchung<\/a><\/div>\n<\/div>\n\n\n\n<p id=\"jetzt-buchen-den\"><\/p>\n\n\n\n<figure class=\"wp-block-image size-full is-resized\"><img decoding=\"async\" width=\"1024\" height=\"542\" src=\"https:\/\/seeroesl.at\/mtk\/wp-content\/uploads\/2021\/03\/3-Fotos1.jpg\" alt=\"\" class=\"wp-image-1554\" style=\"width:781px;height:auto\" srcset=\"https:\/\/seeroesl.at\/mtk\/wp-content\/uploads\/2021\/03\/3-Fotos1.jpg 1024w, https:\/\/seeroesl.at\/mtk\/wp-content\/uploads\/2021\/03\/3-Fotos1-300x159.jpg 300w, https:\/\/seeroesl.at\/mtk\/wp-content\/uploads\/2021\/03\/3-Fotos1-768x407.jpg 768w, https:\/\/seeroesl.at\/mtk\/wp-content\/uploads\/2021\/03\/3-Fotos1-283x150.jpg 283w\" sizes=\"(max-width: 1024px) 100vw, 1024px\" \/><\/figure>\n\n\n\n<h3 class=\"wp-block-heading\" id=\"h-jetzt-last-minute-seerosl-special-buchen-nur-per-whatsapp-nbsp\">Jetzt \"Last Minute Seer\u00f6sl Special\" buchen - nur per Whatsapp &nbsp;<a href=\"tel:+43%20650%20950%205785\">\ud83d\udcf2<\/a><\/h3>\n\n\n\n<div style=\"padding: 30px; background: #f1f8f5; border-radius: 10px; font-family: Arial;\">\n  <h2 style=\"color: #2e7d32;\">\ud83c\udf1e Direktbucher-Angebot: 3 Tage W\u00f6rthersee ab 84,50\u202f\u20ac<\/h2>\n  <p><strong>Jetzt direkt buchen \u2013 ohne Vorauszahlung, kostenlos stornierbar, inkl. W\u00f6rthersee Card!<\/strong><\/p>\n\n  <div id=\"countdown-box\" style=\"background: #e8f5e9; padding: 20px; margin-top: 20px; border-radius: 8px;\">\n    <strong>Angebot endet in:<\/strong><br>\n    <span id=\"countdown-timer\" style=\"font-size: 24px; color: #c62828;\">Wird geladen...<\/span>\n  <\/div>\n\n  <ul style=\"margin-top: 20px; line-height: 1.8;\">\n    <li>\u2714\ufe0f 2 N\u00e4chte ab 84,50\u202f\u20ac p.P.\/Nacht im DZ+Balkon<\/li>\n    <li>\u2714\ufe0f Keine Vorauszahlung \u2013 Zahlung erst bei Anreise<\/li>\n    <li>\u2714\ufe0f Gratis W\u00f6rthersee PLUS Card ( Erm\u00e4\u00dfigungen f\u00fcr Ausfl\u00fcge)<\/li>\n     <li>\u2714\ufe0f + Seer\u00f6sl Inklusivleistungen ( Badeeintritt ins beliebte Parkbad Krumpendorf, Strandpavillon, Liegen Kabinen<\/li>\n     <li>\u2714\ufe0f Reichaltiges Fr\u00fchst\u00fccksbuffet (mit frisch zubereiteten Eiervariationen) <\/li>\n    <li>\u2714\ufe0f gratis Parkplatz direkt vor Ort<\/li>\n\n    <li>\u2714\ufe0f Buchung direkt beim Hotel \u2013 g\u00fcnstiger als auf Portalen<\/li>\n  <\/ul>\n\n  <!-- WhatsApp Direktbuchung mit vorausgef\u00fclltem Text -->\n  <a href=\"https:\/\/wa.me\/4369010122107?text=Hallo!%20Ich%20m\u00f6chte%20das%20W\u00f6rthersee-Angebot%20(3%20Tage%20f\u00fcr%2082,30\u20ac)%20buchen.%20Wir%20sind%202%20Personen%20und%20w\u00fcrden%20gerne%20am%20[Datum]%20anreisen.%20Bitte%20um%20Best\u00e4tigung%20:-)\" \n     style=\"display: inline-block; margin-top: 20px; padding: 12px 24px; background: #25D366; color: #fff; border-radius: 5px; text-decoration: none; font-weight: bold; font-size: 17px;\" \n     target=\"_blank\" rel=\"noopener\">\n    \ud83d\udcf2 Jetzt via WhatsApp buchen\n  <\/a>\n<\/div>\n\n\n\n<p>Falls keine Zimmer mehr zur Verf\u00fcgung stehen im Hotel Seer\u00f6sl zimmer mit fr\u00fchst\u00fcck, probieren Sie es trotzdem \u00fcber unser Urlaubsformular oder per E- Mail =&gt; <strong>info@seeroesl.at <\/strong>\ud83d\udce7<\/p>\n\n\n\n<p>M\u00f6glicherweise haben Sie Gl\u00fcck und ein Hotel Seer\u00f6sl zimmer mit fr\u00fchst\u00fcck ist kurzfristig frei geworden.<\/p>\n\n\n\n<h3 class=\"wp-block-heading\" id=\"seerosl-inklusivleistungen\">Seer\u00f6sl Inklusivleistungen<\/h3>\n\n\n\n<ul style=\"font-size:18px\" id=\"block-5d568fa8-ea4b-4387-8870-acad1025eb58\" class=\"wp-block-list\">\n<li>reichhaltiges Fr\u00fchst\u00fccksbuffet bis 10:00 Uhr,<\/li>\n\n\n\n<li>freie Strandben\u00fctzung im Parkbad Krumpendorf ca. 2,8 Ha mit Kabine und Liegen,<\/li>\n\n\n\n<li>mit Umkleidepavillion inkl. Strandliegen (H\u00e4uschen 30 m vom W\u00f6rthersee),<\/li>\n\n\n\n<li>kostenlose Fahrradben\u00fctzung mit Schl\u00fcsselschloss (Neue Citybikes),<\/li>\n\n\n\n<li>Wanderprogramm (Wanderkarte und Prospekte im Seer\u00f6sl),<\/li>\n\n\n\n<li>Gratistransfer vom und zum Bahnhof oder Flughafen Klagenfurt,<\/li>\n\n\n\n<li>gen\u00fcgend Hausparkpl\u00e4tze vorhanden,<\/li>\n\n\n\n<li>gratis W-LAN,<\/li>\n<\/ul>\n\n\n\n<p class=\"has-normal-font-size\"><mark style=\"background-color:rgba(0, 0, 0, 0)\" class=\"has-inline-color has-vivid-red-color\"><strong><a href=\"https:\/\/seeroesl.at\/mtk\/index.php\/hotel-garni-seeroesl-krumpendorf-am-woerthersee-online-buchen\/woerthersee-anfrage-urlaub\/\">Unverbindliche Urlaubsanfrage<\/a><\/strong><\/mark> f\u00fcr ein Hotel Seer\u00f6sl zimmer mit fr\u00fchst\u00fcck.<\/p>\n\n\n<input type=\"button\" value=\"Go back\" class=\"alg_back_button_input \" style=\"\" onclick=\"window.history.back()\" \/>\n","protected":false},"excerpt":{"rendered":"<p>Buchen Sie jetzt ganz leicht und unkompliziert Ihren Urlaub in K\u00e4rnten am W\u00f6rthersee - Zimmer mit Fr\u00fchst\u00fcck im Hotel Seer\u00f6sl Fr\u00fchst\u00fcck mit Seeblick | Hotel Garni Seer\u00f6sl am W\u00f6rthersee Fr\u00fchst\u00fcck mit herrlichen Ausblick Genie\u00dfen Sie unser reichhaltiges Fr\u00fchst\u00fcck mit regionalen Spezialit\u00e4ten und frischen Zutaten \u2013 serviert auf unserer sonnigen Terrasse<a href=\"https:\/\/seeroesl.at\/mtk\/index.php\/hotel-woerthersee-direkt-buchen-seeroesl\/direktbuchung\/\" class=\"read-more\">Read More ...<\/a><\/p>\n","protected":false},"author":1,"featured_media":1554,"parent":71,"menu_order":0,"comment_status":"closed","ping_status":"closed","template":"","meta":{"_glsr_average":0,"_glsr_ranking":0,"_glsr_reviews":0,"footnotes":""},"class_list":["post-30","page","type-page","status-publish","has-post-thumbnail","hentry"],"yoast_head":"<!-- This site is optimized with the Yoast SEO Premium plugin v24.0 (Yoast SEO v27.4) - https:\/\/yoast.com\/product\/yoast-seo-premium-wordpress\/ -->\n<title>W\u00f6rthersee Hotel Zimmer mit Fr\u00fchst\u00fcck genie\u00dfen &#187; W\u00f6rthersee Hotel Seer\u00f6sl<\/title>\n<meta name=\"description\" content=\"Buchen Sie Ihr W\u00f6rthersee Hotel Zimmer mit Fr\u00fchst\u00fcck und starten Sie Ihren Tag mit einem reichhaltigen und leckeren Fr\u00fchst\u00fcck.\" \/>\n<meta name=\"robots\" content=\"index, follow, max-snippet:-1, max-image-preview:large, max-video-preview:-1\" \/>\n<link rel=\"canonical\" href=\"https:\/\/seeroesl.at\/mtk\/index.php\/hotel-woerthersee-direkt-buchen-seeroesl\/direktbuchung\/\" \/>\n<meta property=\"og:locale\" content=\"de_DE\" \/>\n<meta property=\"og:type\" content=\"article\" \/>\n<meta property=\"og:title\" content=\"Hotel Seer\u00f6sl buchen\" \/>\n<meta property=\"og:description\" content=\"Buchen Sie Ihr W\u00f6rthersee Hotel Zimmer mit Fr\u00fchst\u00fcck und starten Sie Ihren Tag mit einem reichhaltigen und leckeren Fr\u00fchst\u00fcck.\" \/>\n<meta property=\"og:url\" content=\"https:\/\/seeroesl.at\/mtk\/index.php\/hotel-woerthersee-direkt-buchen-seeroesl\/direktbuchung\/\" \/>\n<meta property=\"og:site_name\" content=\"W\u00f6rthersee Hotel Seer\u00f6sl\" \/>\n<meta property=\"article:publisher\" content=\"https:\/\/www.facebook.com\/www.seeroeslamwoerthersee.at\/\" \/>\n<meta property=\"article:modified_time\" content=\"2026-03-06T17:01:21+00:00\" \/>\n<meta property=\"og:image\" content=\"https:\/\/seeroesl.at\/mtk\/wp-content\/uploads\/2021\/03\/3-Fotos1.jpg\" \/>\n\t<meta property=\"og:image:width\" content=\"1024\" \/>\n\t<meta property=\"og:image:height\" content=\"542\" \/>\n\t<meta property=\"og:image:type\" content=\"image\/jpeg\" \/>\n<meta name=\"twitter:card\" content=\"summary_large_image\" \/>\n<meta name=\"twitter:label1\" content=\"Gesch\u00e4tzte Lesezeit\" \/>\n\t<meta name=\"twitter:data1\" content=\"3 Minuten\" \/>\n<!-- \/ Yoast SEO Premium plugin. -->","yoast_head_json":{"title":"W\u00f6rthersee Hotel Zimmer mit Fr\u00fchst\u00fcck genie\u00dfen &#187; W\u00f6rthersee Hotel Seer\u00f6sl","description":"Buchen Sie Ihr W\u00f6rthersee Hotel Zimmer mit Fr\u00fchst\u00fcck und starten Sie Ihren Tag mit einem reichhaltigen und leckeren Fr\u00fchst\u00fcck.","robots":{"index":"index","follow":"follow","max-snippet":"max-snippet:-1","max-image-preview":"max-image-preview:large","max-video-preview":"max-video-preview:-1"},"canonical":"https:\/\/seeroesl.at\/mtk\/index.php\/hotel-woerthersee-direkt-buchen-seeroesl\/direktbuchung\/","og_locale":"de_DE","og_type":"article","og_title":"Hotel Seer\u00f6sl buchen","og_description":"Buchen Sie Ihr W\u00f6rthersee Hotel Zimmer mit Fr\u00fchst\u00fcck und starten Sie Ihren Tag mit einem reichhaltigen und leckeren Fr\u00fchst\u00fcck.","og_url":"https:\/\/seeroesl.at\/mtk\/index.php\/hotel-woerthersee-direkt-buchen-seeroesl\/direktbuchung\/","og_site_name":"W\u00f6rthersee Hotel Seer\u00f6sl","article_publisher":"https:\/\/www.facebook.com\/www.seeroeslamwoerthersee.at\/","article_modified_time":"2026-03-06T17:01:21+00:00","og_image":[{"width":1024,"height":542,"url":"https:\/\/seeroesl.at\/mtk\/wp-content\/uploads\/2021\/03\/3-Fotos1.jpg","type":"image\/jpeg"}],"twitter_card":"summary_large_image","twitter_misc":{"Gesch\u00e4tzte Lesezeit":"3 Minuten"},"schema":{"@context":"https:\/\/schema.org","@graph":[{"@type":"WebPage","@id":"https:\/\/seeroesl.at\/mtk\/index.php\/hotel-woerthersee-direkt-buchen-seeroesl\/direktbuchung\/","url":"https:\/\/seeroesl.at\/mtk\/index.php\/hotel-woerthersee-direkt-buchen-seeroesl\/direktbuchung\/","name":"W\u00f6rthersee Hotel Zimmer mit Fr\u00fchst\u00fcck genie\u00dfen &#187; W\u00f6rthersee Hotel Seer\u00f6sl","isPartOf":{"@id":"https:\/\/seeroesl.at\/mtk\/#website"},"primaryImageOfPage":{"@id":"https:\/\/seeroesl.at\/mtk\/index.php\/hotel-woerthersee-direkt-buchen-seeroesl\/direktbuchung\/#primaryimage"},"image":{"@id":"https:\/\/seeroesl.at\/mtk\/index.php\/hotel-woerthersee-direkt-buchen-seeroesl\/direktbuchung\/#primaryimage"},"thumbnailUrl":"https:\/\/seeroesl.at\/mtk\/wp-content\/uploads\/2021\/03\/3-Fotos1.jpg","datePublished":"2021-01-12T15:17:47+00:00","dateModified":"2026-03-06T17:01:21+00:00","description":"Buchen Sie Ihr W\u00f6rthersee Hotel Zimmer mit Fr\u00fchst\u00fcck und starten Sie Ihren Tag mit einem reichhaltigen und leckeren Fr\u00fchst\u00fcck.","breadcrumb":{"@id":"https:\/\/seeroesl.at\/mtk\/index.php\/hotel-woerthersee-direkt-buchen-seeroesl\/direktbuchung\/#breadcrumb"},"inLanguage":"de-AT","potentialAction":[{"@type":"ReadAction","target":["https:\/\/seeroesl.at\/mtk\/index.php\/hotel-woerthersee-direkt-buchen-seeroesl\/direktbuchung\/"]}]},{"@type":"ImageObject","inLanguage":"de-AT","@id":"https:\/\/seeroesl.at\/mtk\/index.php\/hotel-woerthersee-direkt-buchen-seeroesl\/direktbuchung\/#primaryimage","url":"https:\/\/seeroesl.at\/mtk\/wp-content\/uploads\/2021\/03\/3-Fotos1.jpg","contentUrl":"https:\/\/seeroesl.at\/mtk\/wp-content\/uploads\/2021\/03\/3-Fotos1.jpg","width":1024,"height":542,"caption":"W\u00f6rthersee Hotel Zimmer, Hotel Seer\u00f6sl Fr\u00fchst\u00fcck , Terrasse, Garten , Ausblick"},{"@type":"BreadcrumbList","@id":"https:\/\/seeroesl.at\/mtk\/index.php\/hotel-woerthersee-direkt-buchen-seeroesl\/direktbuchung\/#breadcrumb","itemListElement":[{"@type":"ListItem","position":1,"name":"Home","item":"https:\/\/seeroesl.at\/mtk\/"},{"@type":"ListItem","position":2,"name":"W\u00f6rthersee spontan buchen","item":"https:\/\/seeroesl.at\/mtk\/index.php\/hotel-woerthersee-direkt-buchen-seeroesl\/"},{"@type":"ListItem","position":3,"name":"Hotel Seer\u00f6sl buchen"}]},{"@type":"WebSite","@id":"https:\/\/seeroesl.at\/mtk\/#website","url":"https:\/\/seeroesl.at\/mtk\/","name":"W\u00f6rthersee ~ Hotel Garni Seer\u00f6sl | W\u00f6rthersee Urlaub | K\u00e4rnten","description":"Hotel Garni Seer\u00f6sl am W\u00f6rthersee | Urlaub in K\u00e4rnten | \u00d6sterreich","publisher":{"@id":"https:\/\/seeroesl.at\/mtk\/#organization"},"alternateName":"Hotel Seer\u00f6sl | W\u00f6rthersee","potentialAction":[{"@type":"SearchAction","target":{"@type":"EntryPoint","urlTemplate":"https:\/\/seeroesl.at\/mtk\/?s={search_term_string}"},"query-input":{"@type":"PropertyValueSpecification","valueRequired":true,"valueName":"search_term_string"}}],"inLanguage":"de-AT"},{"@type":"Organization","@id":"https:\/\/seeroesl.at\/mtk\/#organization","name":"W\u00f6rthersee Hotel Seer\u00f6sl","url":"https:\/\/seeroesl.at\/mtk\/","logo":{"@type":"ImageObject","inLanguage":"de-AT","@id":"https:\/\/seeroesl.at\/mtk\/#\/schema\/logo\/image\/","url":"https:\/\/seeroesl.at\/mtk\/wp-content\/uploads\/2021\/02\/cropped-Header-Logo-Seerosl-website.png","contentUrl":"https:\/\/seeroesl.at\/mtk\/wp-content\/uploads\/2021\/02\/cropped-Header-Logo-Seerosl-website.png","width":512,"height":512,"caption":"W\u00f6rthersee Hotel Seer\u00f6sl"},"image":{"@id":"https:\/\/seeroesl.at\/mtk\/#\/schema\/logo\/image\/"},"sameAs":["https:\/\/www.facebook.com\/www.seeroeslamwoerthersee.at\/","https:\/\/www.instagram.com\/seeroesl.at\/?hl=de","https:\/\/www.pinterest.at\/Seeroesl\/_created","https:\/\/www.youtube.com\/channel\/UCPZp8pLUNLKgbrSm8gmBF-w","https:\/\/seeroesl.at\/mtk\/index.php\/urlaub-am-woerthersee-hotel-seeroesl-kontakt\/bewertungen-seeroesl-hotel-star-rating\/"],"publishingPrinciples":"https:\/\/seeroesl.at\/mtk\/"}]}},"_links":{"self":[{"href":"https:\/\/seeroesl.at\/mtk\/index.php\/wp-json\/wp\/v2\/pages\/30","targetHints":{"allow":["GET"]}}],"collection":[{"href":"https:\/\/seeroesl.at\/mtk\/index.php\/wp-json\/wp\/v2\/pages"}],"about":[{"href":"https:\/\/seeroesl.at\/mtk\/index.php\/wp-json\/wp\/v2\/types\/page"}],"author":[{"embeddable":true,"href":"https:\/\/seeroesl.at\/mtk\/index.php\/wp-json\/wp\/v2\/users\/1"}],"replies":[{"embeddable":true,"href":"https:\/\/seeroesl.at\/mtk\/index.php\/wp-json\/wp\/v2\/comments?post=30"}],"version-history":[{"count":85,"href":"https:\/\/seeroesl.at\/mtk\/index.php\/wp-json\/wp\/v2\/pages\/30\/revisions"}],"predecessor-version":[{"id":5670,"href":"https:\/\/seeroesl.at\/mtk\/index.php\/wp-json\/wp\/v2\/pages\/30\/revisions\/5670"}],"up":[{"embeddable":true,"href":"https:\/\/seeroesl.at\/mtk\/index.php\/wp-json\/wp\/v2\/pages\/71"}],"wp:featuredmedia":[{"embeddable":true,"href":"https:\/\/seeroesl.at\/mtk\/index.php\/wp-json\/wp\/v2\/media\/1554"}],"wp:attachment":[{"href":"https:\/\/seeroesl.at\/mtk\/index.php\/wp-json\/wp\/v2\/media?parent=30"}],"curies":[{"name":"wp","href":"https:\/\/api.w.org\/{rel}","templated":true}]}}