{"id":3036,"date":"2024-12-30T12:46:03","date_gmt":"2024-12-30T12:46:03","guid":{"rendered":"https:\/\/seeroesl.at\/mtk\/?page_id=3036"},"modified":"2026-02-28T09:56:10","modified_gmt":"2026-02-28T09:56:10","slug":"oesterreich-urlaub-see-badeurlaub-woerthersee-buchen","status":"publish","type":"page","link":"https:\/\/seeroesl.at\/mtk\/index.php\/oesterreich-urlaub-see-badeurlaub-woerthersee-buchen\/","title":{"rendered":"\u00d6sterreich Urlaub am See -15%"},"content":{"rendered":"\n<h2 class=\"wp-block-heading\" id=\"h-urlaub-am-see-in-osterreich-sommerurlaub-gunstig-buchen\">Urlaub am See in \u00d6sterreich - Sommerurlaub g\u00fcnstig buchen<\/h2>\n\n\n\n<p>Ihr plant schon fr\u00fchzeitig euren n\u00e4chsten Sommerurlaub und w\u00fcnscht euch einen unvergesslichen Urlaub am See in \u00d6sterreich? Wie w\u00e4re es mit einen g\u00fcnstigem Kurzurlaub in K\u00e4rnten. Verbringt euren diesj\u00e4hren Sommerurlaub am sch\u00f6nsten See in K\u00e4rnten. Der <a href=\"https:\/\/seeroesl.at\/mtk\/index.php\/woerthersee-urlaub-kaernten\/\">W\u00f6rthersee<\/a> z\u00e4hlt zu den beliebtesten Seen unter den zahlreichen Badeg\u00e4sten. Falls ihr jetzt schon fr\u00fchzeitig euren Urlaub in K\u00e4rnten bucht, profitiert ihr auch von unseren sensationellen Fr\u00fchbucher Angeboten. Somit k\u00f6nnt ihr bis zu -15 Prozent pro Buchung sparen, aber nur solange die Zimmer verf\u00fcgbar sind.<\/p>\n\n\n\n<div class=\"wp-block-columns is-layout-flex wp-container-core-columns-is-layout-9d6595d7 wp-block-columns-is-layout-flex\">\n<div class=\"wp-block-column is-layout-flow wp-block-column-is-layout-flow\" style=\"flex-basis:100%\"><\/div>\n<\/div>\n\n\n\n<div class=\"wp-block-columns is-layout-flex wp-container-core-columns-is-layout-9d6595d7 wp-block-columns-is-layout-flex\">\n<div class=\"wp-block-column is-layout-flow wp-block-column-is-layout-flow\" style=\"flex-basis:66.66%\">\n<figure class=\"wp-block-image size-large\"><img decoding=\"async\" width=\"1024\" height=\"576\" src=\"https:\/\/seeroesl.at\/mtk\/wp-content\/uploads\/2024\/08\/Hotel.Seeroesl.Woerthersee.Luftaufnahme2-1024x576.jpg\" alt=\"W\u00f6rthersee Hotels, Hotel am W\u00f6rthersee, W\u00f6rthersee Hotel buchen, Hotel Garni Seer\u00f6sl am W\u00f6rthersee \u00d6sterreich Urlaub am See\" class=\"wp-image-4269\" srcset=\"https:\/\/seeroesl.at\/mtk\/wp-content\/uploads\/2024\/08\/Hotel.Seeroesl.Woerthersee.Luftaufnahme2-1024x576.jpg 1024w, https:\/\/seeroesl.at\/mtk\/wp-content\/uploads\/2024\/08\/Hotel.Seeroesl.Woerthersee.Luftaufnahme2-300x169.jpg 300w, https:\/\/seeroesl.at\/mtk\/wp-content\/uploads\/2024\/08\/Hotel.Seeroesl.Woerthersee.Luftaufnahme2-768x432.jpg 768w, https:\/\/seeroesl.at\/mtk\/wp-content\/uploads\/2024\/08\/Hotel.Seeroesl.Woerthersee.Luftaufnahme2-1536x864.jpg 1536w, https:\/\/seeroesl.at\/mtk\/wp-content\/uploads\/2024\/08\/Hotel.Seeroesl.Woerthersee.Luftaufnahme2-2048x1152.jpg 2048w, https:\/\/seeroesl.at\/mtk\/wp-content\/uploads\/2024\/08\/Hotel.Seeroesl.Woerthersee.Luftaufnahme2-267x150.jpg 267w, https:\/\/seeroesl.at\/mtk\/wp-content\/uploads\/2024\/08\/Hotel.Seeroesl.Woerthersee.Luftaufnahme2-1244x700.jpg 1244w\" sizes=\"(max-width: 1024px) 100vw, 1024px\" \/><figcaption class=\"wp-element-caption\"><sub>\u00d6sterreich Urlaub am See \/ Badeurlaub - Hotel Garni Seer\u00f6sl am W\u00f6rthersee<\/sub><\/figcaption><\/figure>\n<\/div>\n\n\n\n<div class=\"wp-block-column is-layout-flow wp-block-column-is-layout-flow\" style=\"flex-basis:33.33%\"><div class=\"wp-block-image\">\n<figure class=\"aligncenter size-large is-resized\"><img decoding=\"async\" width=\"663\" height=\"1024\" src=\"https:\/\/seeroesl.at\/mtk\/wp-content\/uploads\/2024\/12\/Hotel-Garni-Seeroesl-am-Woerthersee_-neues-Foto-663x1024.jpg\" alt=\"Hotels am W\u00f6rthersee, W\u00f6rthersee Hotel Seer\u00f6sl\" class=\"wp-image-4426\" style=\"width:200px;height:auto\" srcset=\"https:\/\/seeroesl.at\/mtk\/wp-content\/uploads\/2024\/12\/Hotel-Garni-Seeroesl-am-Woerthersee_-neues-Foto-663x1024.jpg 663w, https:\/\/seeroesl.at\/mtk\/wp-content\/uploads\/2024\/12\/Hotel-Garni-Seeroesl-am-Woerthersee_-neues-Foto-194x300.jpg 194w, https:\/\/seeroesl.at\/mtk\/wp-content\/uploads\/2024\/12\/Hotel-Garni-Seeroesl-am-Woerthersee_-neues-Foto-768x1187.jpg 768w, https:\/\/seeroesl.at\/mtk\/wp-content\/uploads\/2024\/12\/Hotel-Garni-Seeroesl-am-Woerthersee_-neues-Foto-994x1536.jpg 994w, https:\/\/seeroesl.at\/mtk\/wp-content\/uploads\/2024\/12\/Hotel-Garni-Seeroesl-am-Woerthersee_-neues-Foto-1325x2048.jpg 1325w, https:\/\/seeroesl.at\/mtk\/wp-content\/uploads\/2024\/12\/Hotel-Garni-Seeroesl-am-Woerthersee_-neues-Foto-97x150.jpg 97w, https:\/\/seeroesl.at\/mtk\/wp-content\/uploads\/2024\/12\/Hotel-Garni-Seeroesl-am-Woerthersee_-neues-Foto-453x700.jpg 453w, https:\/\/seeroesl.at\/mtk\/wp-content\/uploads\/2024\/12\/Hotel-Garni-Seeroesl-am-Woerthersee_-neues-Foto-scaled.jpg 1656w\" sizes=\"(max-width: 663px) 100vw, 663px\" \/><\/figure>\n<\/div><\/div>\n<\/div>\n\n\n\n<h3 class=\"wp-block-heading\" id=\"h-urlaub-am-see-in-karnten-gunstiger-badeurlaub-im-hotel-garni-seerosl-am-worthersee-in-osterreich\">Urlaub am See in K\u00e4rnten - g\u00fcnstiger Badeurlaub im Hotel Garni Seer\u00f6sl am W\u00f6rthersee in \u00d6sterreich<\/h3>\n\n\n\n<p>Das famili\u00e4r gef\u00fchrte Hotel Garni Seer\u00f6sl befindet sich direkt in <a href=\"https:\/\/seeroesl.at\/mtk\/index.php\/woerthersee-urlaub-kaernten\/urlaubsregion-krumpendorf-am-woerthersee\/\">Krumpendorf am W\u00f6rthersee<\/a>.                Nur 100 Meter vom W\u00f6rthersee entfernt und ca. 2-3 Gehminuten zum Strandbad ( sch\u00f6nste Bad am W\u00f6rthersee - Parkbad Krumpendorf) bzw. nur ein paar Gehminuten ins Zentrum. F\u00fcr euren gesamten Urlaub stehen euch die Hotel Garni Seer\u00f6sl Inklusivleistungen zur Verf\u00fcgung. Wie beispielsweise die Sonnenliegen, der Strandpavillon und der t\u00e4gliche Badeeintritt ins Parkbad Krumpendorf. Weiteres befindet sich vor dem Haus ein kostenloser Parkplatz, somit erspart ihr euch  die t\u00e4glichen Parkgeb\u00fchren. Aufgrund der zentralen Lage  k\u00f6nnt ihr die Umgebung auch sehr gut fu\u00dfl\u00e4ufig erkunden oder die kostenlosen Hausfahrr\u00e4der ( je nach Verf\u00fcgbarkeit) ausleihen. Unz\u00e4hlige Ausflugsziele, Wanderungen oder sch\u00f6ne W\u00f6rthersee Touren befinden sich in unmittelbarer N\u00e4he.  Die W\u00f6rthersee Plus Card mit zahlreichen Erm\u00e4\u00dfigungen bekommt ihr kostenlos dazu, wenn ihr einen Aufenthalt im Hotel-Garni Seer\u00f6sl bucht.<\/p>\n\n\n\n<figure class=\"wp-block-image size-full is-resized\"><img decoding=\"async\" width=\"1024\" height=\"575\" src=\"https:\/\/seeroesl.at\/mtk\/wp-content\/uploads\/2021\/03\/Badehaus-mit-Liegen-vorne-un.-hinten.jpg\" alt=\"Badeurlaub am W\u00f6rthersee, \u00d6sterreich Urlaub am See im Sommer, Hotel Garni Seer\u00f6sl , Relaxen am W\u00f6rthersee in K\u00e4rnten\" class=\"wp-image-1404\" style=\"width:830px;height:auto\" srcset=\"https:\/\/seeroesl.at\/mtk\/wp-content\/uploads\/2021\/03\/Badehaus-mit-Liegen-vorne-un.-hinten.jpg 1024w, https:\/\/seeroesl.at\/mtk\/wp-content\/uploads\/2021\/03\/Badehaus-mit-Liegen-vorne-un.-hinten-300x168.jpg 300w, https:\/\/seeroesl.at\/mtk\/wp-content\/uploads\/2021\/03\/Badehaus-mit-Liegen-vorne-un.-hinten-768x431.jpg 768w, https:\/\/seeroesl.at\/mtk\/wp-content\/uploads\/2021\/03\/Badehaus-mit-Liegen-vorne-un.-hinten-267x150.jpg 267w\" sizes=\"(max-width: 1024px) 100vw, 1024px\" \/><figcaption class=\"wp-element-caption\">Strandpavillon mit Hotelliegen direkt am W\u00f6rthersee + Badeeintritt ins Parkbad Krumpendorf<\/figcaption><\/figure>\n\n\n\n<h2 class=\"wp-block-heading\" id=\"h-aktuelles-worthersee-last-minute-angebot-sofort-buchbar\">Aktuelles W\u00f6rthersee Last Minute Angebot - sofort buchbar!<\/h2>\n\n\n\n<div style=\"padding: 30px; background: #f1f8f5; border-radius: 10px; font-family: Arial;\">\n  <h2 style=\"color: #2e7d32;\">\ud83c\udf1e Direktbucher-Angebot: 3 Tage W\u00f6rthersee ab 84,50\u202f\u20ac<\/h2>\n  <p><strong>Jetzt direkt buchen \u2013 ohne Vorauszahlung, kostenlos stornierbar, inkl. W\u00f6rthersee Card!<\/strong><\/p>\n\n  <div id=\"countdown-box\" style=\"background: #e8f5e9; padding: 20px; margin-top: 20px; border-radius: 8px;\">\n    <strong>Angebot endet in:<\/strong><br>\n    <span id=\"countdown-timer\" style=\"font-size: 24px; color: #c62828;\">Wird geladen...<\/span>\n  <\/div>\n\n  <ul style=\"margin-top: 20px; line-height: 1.8;\">\n    <li>\u2714\ufe0f 2 N\u00e4chte ab 82,30\u202f\u20ac p.P.\/Nacht im DZ+Balkon<\/li>\n    <li>\u2714\ufe0f Keine Vorauszahlung \u2013 Zahlung erst bei Anreise<\/li>\n    <li>\u2714\ufe0f Gratis W\u00f6rthersee PLUS Card ( Erm\u00e4\u00dfigungen f\u00fcr Ausfl\u00fcge)<\/li>\n     <li>\u2714\ufe0f + Seer\u00f6sl Inklusivleistungen ( Badeeintritt ins beliebte Parkbad Krumpendorf, Strandpavillon, Liegen Kabinen<\/li>\n     <li>\u2714\ufe0f Reichaltiges Fr\u00fchst\u00fccksbuffet (mit frisch zubereiteten Eiervariationen) <\/li>\n    <li>\u2714\ufe0f gratis Parkplatz direkt vor Ort<\/li>\n\n    <li>\u2714\ufe0f Buchung direkt beim Hotel \u2013 g\u00fcnstiger als auf Portalen<\/li>\n  <\/ul>\n\n  <!-- WhatsApp Direktbuchung mit vorausgef\u00fclltem Text -->\n  <a href=\"https:\/\/wa.me\/4369010122107?text=Hallo!%20Ich%20m\u00f6chte%20das%20W\u00f6rthersee-Angebot%20(3%20Tage%20f\u00fcr%2082,30\u20ac)%20buchen.%20Wir%20sind%202%20Personen%20und%20w\u00fcrden%20gerne%20am%20[Datum]%20anreisen.%20Bitte%20um%20Best\u00e4tigung%20:-)\" \n     style=\"display: inline-block; margin-top: 20px; padding: 12px 24px; background: #25D366; color: #fff; border-radius: 5px; text-decoration: none; font-weight: bold; font-size: 17px;\" \n     target=\"_blank\" rel=\"noopener\">\n    \ud83d\udcf2 Jetzt via WhatsApp buchen\n  <\/a>\n<\/div>\n\n\n\n<h3 class=\"wp-block-heading\" id=\"h-worthersee-fruhbucher-angebot-osterreich-sommerurlaub-am-see\">W\u00f6rthersee Fr\u00fchbucher Angebot | \u00d6sterreich Sommerurlaub am See<\/h3>\n\n\n\n<p>Jetzt <strong>bis 31. J\u00e4nner 202<\/strong>6 buchen und bis zu -15 Prozent pro Buchung sparen. Pro Doppelzimmer mit Balkon u. Fr\u00fchst\u00fcck u. Seer\u00f6sl Inklusivleistungen . Buchbar f\u00fcr zwei Personen.<\/p>\n\n\n\n<p>F\u00fcr Buchungen ab 01.05-08.06.2026 ( 15 % RABATT) <em><mark style=\"background-color:rgba(0, 0, 0, 0)\" class=\"has-inline-color has-vivid-red-color\">Leider haben Sie den Rabatt Code verpasst!<\/mark><\/em><\/p>\n\n\n\n<p>F\u00fcr Buchungen ab 07.07-31.08.2026 ( 10 % RABATT) <em><mark style=\"background-color:rgba(0, 0, 0, 0)\" class=\"has-inline-color has-vivid-red-color\">Leider haben Sie den Rabatt Code verpasst!<\/mark><\/em><\/p>\n\n\n\n<h3 class=\"wp-block-heading\" id=\"h-den-jeweiligen-rabatt-code-bitte-hier-online-einlosen-gt-zur-onlinebuchung-zimmerbuchung-mit-sofortiger-buchungsbestatigng\">Den jeweiligen Rabatt Code bitte hier online einl\u00f6sen. =&gt; <strong> <a href=\"https:\/\/seeroesl.at\/mtk\/index.php\/hotel-garni-seeroesl-krumpendorf-am-woerthersee-online-buchen\/direktbuchung\/\">Zur Onlinebuchung <\/a>   <\/strong>    (Zimmerbuchung mit sofortiger Buchungsbest\u00e4tigng)<\/h3>\n\n\n\n<h3 class=\"wp-block-heading\" id=\"h-jetzt-fruhzeitig-euren-nachsten-sommerurlaub-anfragen-und-zu-sensationellen-gunstigen-preisen-buchen-denn-ihr-profitiert-von-unseren-direkt-bucher-vorteilen-gt-info-seeroesl-at\">Jetzt fr\u00fchzeitig euren n\u00e4chsten Sommerurlaub anfragen und zu sensationellen g\u00fcnstigen Preisen buchen, denn ihr profitiert von unseren Direkt-Bucher-Vorteilen. =&gt; <strong>info@seeroesl.at<\/strong><\/h3>\n\n\n\n<div class=\"wp-block-columns is-layout-flex wp-container-core-columns-is-layout-9d6595d7 wp-block-columns-is-layout-flex\">\n<div class=\"wp-block-column is-layout-flow wp-block-column-is-layout-flow\" style=\"flex-basis:100%\"><\/div>\n<\/div>\n\n\n\n<div class=\"wp-block-columns is-layout-flex wp-container-core-columns-is-layout-9d6595d7 wp-block-columns-is-layout-flex\">\n<div class=\"wp-block-column is-layout-flow wp-block-column-is-layout-flow\">\n<figure class=\"wp-block-image size-large\"><img decoding=\"async\" width=\"1024\" height=\"576\" src=\"https:\/\/seeroesl.at\/mtk\/wp-content\/uploads\/2024\/12\/Hotel-Seeroesl-am-Woerthersee-Ansichten-Garten-1024x576.jpg\" alt=\"Hotel Garni Seer\u00f6sl am W\u00f6rthersee , W\u00f6rthersee Urlaub buchen\" class=\"wp-image-4428\" srcset=\"https:\/\/seeroesl.at\/mtk\/wp-content\/uploads\/2024\/12\/Hotel-Seeroesl-am-Woerthersee-Ansichten-Garten-1024x576.jpg 1024w, https:\/\/seeroesl.at\/mtk\/wp-content\/uploads\/2024\/12\/Hotel-Seeroesl-am-Woerthersee-Ansichten-Garten-300x169.jpg 300w, https:\/\/seeroesl.at\/mtk\/wp-content\/uploads\/2024\/12\/Hotel-Seeroesl-am-Woerthersee-Ansichten-Garten-768x432.jpg 768w, https:\/\/seeroesl.at\/mtk\/wp-content\/uploads\/2024\/12\/Hotel-Seeroesl-am-Woerthersee-Ansichten-Garten-1536x864.jpg 1536w, https:\/\/seeroesl.at\/mtk\/wp-content\/uploads\/2024\/12\/Hotel-Seeroesl-am-Woerthersee-Ansichten-Garten-2048x1152.jpg 2048w, https:\/\/seeroesl.at\/mtk\/wp-content\/uploads\/2024\/12\/Hotel-Seeroesl-am-Woerthersee-Ansichten-Garten-267x150.jpg 267w, https:\/\/seeroesl.at\/mtk\/wp-content\/uploads\/2024\/12\/Hotel-Seeroesl-am-Woerthersee-Ansichten-Garten-1244x700.jpg 1244w\" sizes=\"(max-width: 1024px) 100vw, 1024px\" \/><figcaption class=\"wp-element-caption\"> <\/figcaption><\/figure>\n<\/div>\n\n\n\n<div class=\"wp-block-column is-layout-flow wp-block-column-is-layout-flow\"><div class=\"wp-block-image\">\n<figure class=\"aligncenter size-full is-resized\"><img decoding=\"async\" width=\"512\" height=\"512\" src=\"https:\/\/seeroesl.at\/mtk\/wp-content\/uploads\/2021\/02\/cropped-Header-Logo-Seerosl-website.png\" alt=\"Hotel Garni Seer\u00f6sl W\u00f6rthersee Urlaub\" class=\"wp-image-2320\" style=\"width:167px;height:auto\" srcset=\"https:\/\/seeroesl.at\/mtk\/wp-content\/uploads\/2021\/02\/cropped-Header-Logo-Seerosl-website.png 512w, https:\/\/seeroesl.at\/mtk\/wp-content\/uploads\/2021\/02\/cropped-Header-Logo-Seerosl-website-300x300.png 300w, https:\/\/seeroesl.at\/mtk\/wp-content\/uploads\/2021\/02\/cropped-Header-Logo-Seerosl-website-150x150.png 150w, https:\/\/seeroesl.at\/mtk\/wp-content\/uploads\/2021\/02\/cropped-Header-Logo-Seerosl-website-270x270.png 270w, https:\/\/seeroesl.at\/mtk\/wp-content\/uploads\/2021\/02\/cropped-Header-Logo-Seerosl-website-192x192.png 192w, https:\/\/seeroesl.at\/mtk\/wp-content\/uploads\/2021\/02\/cropped-Header-Logo-Seerosl-website-180x180.png 180w, https:\/\/seeroesl.at\/mtk\/wp-content\/uploads\/2021\/02\/cropped-Header-Logo-Seerosl-website-32x32.png 32w\" sizes=\"(max-width: 512px) 100vw, 512px\" \/><\/figure>\n<\/div><\/div>\n\n\n\n<div class=\"wp-block-column is-layout-flow wp-block-column-is-layout-flow\">\n<figure class=\"wp-block-image size-large is-resized\"><img decoding=\"async\" width=\"1024\" height=\"751\" src=\"https:\/\/seeroesl.at\/mtk\/wp-content\/uploads\/2021\/01\/Doppelzimmer-mit-Balkon-1024x751.jpg\" alt=\"\u00d6sterreich Urlaub am See Zimmer buchen\" class=\"wp-image-416\" style=\"width:236px;height:auto\" srcset=\"https:\/\/seeroesl.at\/mtk\/wp-content\/uploads\/2021\/01\/Doppelzimmer-mit-Balkon-1024x751.jpg 1024w, https:\/\/seeroesl.at\/mtk\/wp-content\/uploads\/2021\/01\/Doppelzimmer-mit-Balkon-300x220.jpg 300w, https:\/\/seeroesl.at\/mtk\/wp-content\/uploads\/2021\/01\/Doppelzimmer-mit-Balkon-768x563.jpg 768w, https:\/\/seeroesl.at\/mtk\/wp-content\/uploads\/2021\/01\/Doppelzimmer-mit-Balkon-1536x1127.jpg 1536w, https:\/\/seeroesl.at\/mtk\/wp-content\/uploads\/2021\/01\/Doppelzimmer-mit-Balkon-2048x1502.jpg 2048w, https:\/\/seeroesl.at\/mtk\/wp-content\/uploads\/2021\/01\/Doppelzimmer-mit-Balkon-205x150.jpg 205w, https:\/\/seeroesl.at\/mtk\/wp-content\/uploads\/2021\/01\/Doppelzimmer-mit-Balkon-954x700.jpg 954w\" sizes=\"(max-width: 1024px) 100vw, 1024px\" \/><\/figure>\n<\/div>\n<\/div>\n\n\n\n<figure class=\"wp-block-image size-full\"><img decoding=\"async\" width=\"1024\" height=\"575\" src=\"https:\/\/seeroesl.at\/mtk\/wp-content\/uploads\/2021\/03\/Parkbad-mit-Schiff.jpg\" alt=\"\u00d6sterreich Urlaub am See Sommer W\u00f6rthersee\" class=\"wp-image-1482\" srcset=\"https:\/\/seeroesl.at\/mtk\/wp-content\/uploads\/2021\/03\/Parkbad-mit-Schiff.jpg 1024w, https:\/\/seeroesl.at\/mtk\/wp-content\/uploads\/2021\/03\/Parkbad-mit-Schiff-300x168.jpg 300w, https:\/\/seeroesl.at\/mtk\/wp-content\/uploads\/2021\/03\/Parkbad-mit-Schiff-768x431.jpg 768w, https:\/\/seeroesl.at\/mtk\/wp-content\/uploads\/2021\/03\/Parkbad-mit-Schiff-267x150.jpg 267w\" sizes=\"(max-width: 1024px) 100vw, 1024px\" \/><\/figure>\n","protected":false},"excerpt":{"rendered":"<p>Urlaub am See in \u00d6sterreich - Sommerurlaub g\u00fcnstig buchen Ihr plant schon fr\u00fchzeitig euren n\u00e4chsten Sommerurlaub und w\u00fcnscht euch einen unvergesslichen Urlaub am See in \u00d6sterreich? Wie w\u00e4re es mit einen g\u00fcnstigem Kurzurlaub in K\u00e4rnten. Verbringt euren diesj\u00e4hren Sommerurlaub am sch\u00f6nsten See in K\u00e4rnten. Der W\u00f6rthersee z\u00e4hlt zu den beliebtesten<a href=\"https:\/\/seeroesl.at\/mtk\/index.php\/oesterreich-urlaub-see-badeurlaub-woerthersee-buchen\/\" class=\"read-more\">Read More ...<\/a><\/p>\n","protected":false},"author":1,"featured_media":4269,"parent":0,"menu_order":0,"comment_status":"closed","ping_status":"closed","template":"","meta":{"_glsr_average":0,"_glsr_ranking":0,"_glsr_reviews":0,"footnotes":""},"class_list":["post-3036","page","type-page","status-publish","has-post-thumbnail","hentry"],"yoast_head":"<!-- This site is optimized with the Yoast SEO Premium plugin v24.0 (Yoast SEO v27.4) - https:\/\/yoast.com\/product\/yoast-seo-premium-wordpress\/ -->\n<title>\u00d6sterreich Urlaub am See -15% &#187; W\u00f6rthersee Hotel Seer\u00f6sl<\/title>\n<meta name=\"description\" content=\"Urlaub am See in \u00d6sterreich. Verbringt euren n\u00e4chsten Badeurlaub am W\u00f6rthersee mit unz\u00e4hligen M\u00f6glichkeiten.\u2705 Jetzt g\u00fcnstig buchen . Bis -15%\" \/>\n<meta name=\"robots\" content=\"index, follow, max-snippet:-1, max-image-preview:large, max-video-preview:-1\" \/>\n<link rel=\"canonical\" href=\"https:\/\/seeroesl.at\/mtk\/index.php\/oesterreich-urlaub-see-badeurlaub-woerthersee-buchen\/\" \/>\n<meta property=\"og:locale\" content=\"de_DE\" \/>\n<meta property=\"og:type\" content=\"article\" \/>\n<meta property=\"og:title\" content=\"\u00d6sterreich Urlaub am See -15%\" \/>\n<meta property=\"og:description\" content=\"Urlaub am See in \u00d6sterreich. Verbringt euren n\u00e4chsten Badeurlaub am W\u00f6rthersee mit unz\u00e4hligen M\u00f6glichkeiten.\u2705 Jetzt g\u00fcnstig buchen . Bis -15%\" \/>\n<meta property=\"og:url\" content=\"https:\/\/seeroesl.at\/mtk\/index.php\/oesterreich-urlaub-see-badeurlaub-woerthersee-buchen\/\" \/>\n<meta property=\"og:site_name\" content=\"W\u00f6rthersee Hotel Seer\u00f6sl\" \/>\n<meta property=\"article:publisher\" content=\"https:\/\/www.facebook.com\/www.seeroeslamwoerthersee.at\/\" \/>\n<meta property=\"article:modified_time\" content=\"2026-02-28T09:56:10+00:00\" \/>\n<meta property=\"og:image\" content=\"https:\/\/seeroesl.at\/mtk\/wp-content\/uploads\/2024\/08\/Hotel.Seeroesl.Woerthersee.Luftaufnahme2.jpg\" \/>\n\t<meta property=\"og:image:width\" content=\"2133\" \/>\n\t<meta property=\"og:image:height\" content=\"1200\" \/>\n\t<meta property=\"og:image:type\" content=\"image\/jpeg\" \/>\n<meta name=\"twitter:card\" content=\"summary_large_image\" \/>\n<meta name=\"twitter:label1\" content=\"Gesch\u00e4tzte Lesezeit\" \/>\n\t<meta name=\"twitter:data1\" content=\"5 Minuten\" \/>\n<!-- \/ Yoast SEO Premium plugin. -->","yoast_head_json":{"title":"\u00d6sterreich Urlaub am See -15% &#187; W\u00f6rthersee Hotel Seer\u00f6sl","description":"Urlaub am See in \u00d6sterreich. Verbringt euren n\u00e4chsten Badeurlaub am W\u00f6rthersee mit unz\u00e4hligen M\u00f6glichkeiten.\u2705 Jetzt g\u00fcnstig buchen . Bis -15%","robots":{"index":"index","follow":"follow","max-snippet":"max-snippet:-1","max-image-preview":"max-image-preview:large","max-video-preview":"max-video-preview:-1"},"canonical":"https:\/\/seeroesl.at\/mtk\/index.php\/oesterreich-urlaub-see-badeurlaub-woerthersee-buchen\/","og_locale":"de_DE","og_type":"article","og_title":"\u00d6sterreich Urlaub am See -15%","og_description":"Urlaub am See in \u00d6sterreich. Verbringt euren n\u00e4chsten Badeurlaub am W\u00f6rthersee mit unz\u00e4hligen M\u00f6glichkeiten.\u2705 Jetzt g\u00fcnstig buchen . Bis -15%","og_url":"https:\/\/seeroesl.at\/mtk\/index.php\/oesterreich-urlaub-see-badeurlaub-woerthersee-buchen\/","og_site_name":"W\u00f6rthersee Hotel Seer\u00f6sl","article_publisher":"https:\/\/www.facebook.com\/www.seeroeslamwoerthersee.at\/","article_modified_time":"2026-02-28T09:56:10+00:00","og_image":[{"width":2133,"height":1200,"url":"https:\/\/seeroesl.at\/mtk\/wp-content\/uploads\/2024\/08\/Hotel.Seeroesl.Woerthersee.Luftaufnahme2.jpg","type":"image\/jpeg"}],"twitter_card":"summary_large_image","twitter_misc":{"Gesch\u00e4tzte Lesezeit":"5 Minuten"},"schema":{"@context":"https:\/\/schema.org","@graph":[{"@type":"WebPage","@id":"https:\/\/seeroesl.at\/mtk\/index.php\/oesterreich-urlaub-see-badeurlaub-woerthersee-buchen\/","url":"https:\/\/seeroesl.at\/mtk\/index.php\/oesterreich-urlaub-see-badeurlaub-woerthersee-buchen\/","name":"\u00d6sterreich Urlaub am See -15% &#187; W\u00f6rthersee Hotel Seer\u00f6sl","isPartOf":{"@id":"https:\/\/seeroesl.at\/mtk\/#website"},"primaryImageOfPage":{"@id":"https:\/\/seeroesl.at\/mtk\/index.php\/oesterreich-urlaub-see-badeurlaub-woerthersee-buchen\/#primaryimage"},"image":{"@id":"https:\/\/seeroesl.at\/mtk\/index.php\/oesterreich-urlaub-see-badeurlaub-woerthersee-buchen\/#primaryimage"},"thumbnailUrl":"https:\/\/seeroesl.at\/mtk\/wp-content\/uploads\/2024\/08\/Hotel.Seeroesl.Woerthersee.Luftaufnahme2.jpg","datePublished":"2024-12-30T12:46:03+00:00","dateModified":"2026-02-28T09:56:10+00:00","description":"Urlaub am See in \u00d6sterreich. Verbringt euren n\u00e4chsten Badeurlaub am W\u00f6rthersee mit unz\u00e4hligen M\u00f6glichkeiten.\u2705 Jetzt g\u00fcnstig buchen . Bis -15%","breadcrumb":{"@id":"https:\/\/seeroesl.at\/mtk\/index.php\/oesterreich-urlaub-see-badeurlaub-woerthersee-buchen\/#breadcrumb"},"inLanguage":"de-AT","potentialAction":[{"@type":"ReadAction","target":["https:\/\/seeroesl.at\/mtk\/index.php\/oesterreich-urlaub-see-badeurlaub-woerthersee-buchen\/"]}]},{"@type":"ImageObject","inLanguage":"de-AT","@id":"https:\/\/seeroesl.at\/mtk\/index.php\/oesterreich-urlaub-see-badeurlaub-woerthersee-buchen\/#primaryimage","url":"https:\/\/seeroesl.at\/mtk\/wp-content\/uploads\/2024\/08\/Hotel.Seeroesl.Woerthersee.Luftaufnahme2.jpg","contentUrl":"https:\/\/seeroesl.at\/mtk\/wp-content\/uploads\/2024\/08\/Hotel.Seeroesl.Woerthersee.Luftaufnahme2.jpg","width":2133,"height":1200,"caption":"\u00d6sterreich Urlaub am See Badeurlaub"},{"@type":"BreadcrumbList","@id":"https:\/\/seeroesl.at\/mtk\/index.php\/oesterreich-urlaub-see-badeurlaub-woerthersee-buchen\/#breadcrumb","itemListElement":[{"@type":"ListItem","position":1,"name":"Home","item":"https:\/\/seeroesl.at\/mtk\/"},{"@type":"ListItem","position":2,"name":"\u00d6sterreich Urlaub am See -15%"}]},{"@type":"WebSite","@id":"https:\/\/seeroesl.at\/mtk\/#website","url":"https:\/\/seeroesl.at\/mtk\/","name":"W\u00f6rthersee ~ Hotel Garni Seer\u00f6sl | W\u00f6rthersee Urlaub | K\u00e4rnten","description":"Hotel Garni Seer\u00f6sl am W\u00f6rthersee | Urlaub in K\u00e4rnten | \u00d6sterreich","publisher":{"@id":"https:\/\/seeroesl.at\/mtk\/#organization"},"alternateName":"Hotel Seer\u00f6sl | W\u00f6rthersee","potentialAction":[{"@type":"SearchAction","target":{"@type":"EntryPoint","urlTemplate":"https:\/\/seeroesl.at\/mtk\/?s={search_term_string}"},"query-input":{"@type":"PropertyValueSpecification","valueRequired":true,"valueName":"search_term_string"}}],"inLanguage":"de-AT"},{"@type":"Organization","@id":"https:\/\/seeroesl.at\/mtk\/#organization","name":"W\u00f6rthersee Hotel Seer\u00f6sl","url":"https:\/\/seeroesl.at\/mtk\/","logo":{"@type":"ImageObject","inLanguage":"de-AT","@id":"https:\/\/seeroesl.at\/mtk\/#\/schema\/logo\/image\/","url":"https:\/\/seeroesl.at\/mtk\/wp-content\/uploads\/2021\/02\/cropped-Header-Logo-Seerosl-website.png","contentUrl":"https:\/\/seeroesl.at\/mtk\/wp-content\/uploads\/2021\/02\/cropped-Header-Logo-Seerosl-website.png","width":512,"height":512,"caption":"W\u00f6rthersee Hotel Seer\u00f6sl"},"image":{"@id":"https:\/\/seeroesl.at\/mtk\/#\/schema\/logo\/image\/"},"sameAs":["https:\/\/www.facebook.com\/www.seeroeslamwoerthersee.at\/","https:\/\/www.instagram.com\/seeroesl.at\/?hl=de","https:\/\/www.pinterest.at\/Seeroesl\/_created","https:\/\/www.youtube.com\/channel\/UCPZp8pLUNLKgbrSm8gmBF-w","https:\/\/seeroesl.at\/mtk\/index.php\/urlaub-am-woerthersee-hotel-seeroesl-kontakt\/bewertungen-seeroesl-hotel-star-rating\/"],"publishingPrinciples":"https:\/\/seeroesl.at\/mtk\/"}]}},"_links":{"self":[{"href":"https:\/\/seeroesl.at\/mtk\/index.php\/wp-json\/wp\/v2\/pages\/3036","targetHints":{"allow":["GET"]}}],"collection":[{"href":"https:\/\/seeroesl.at\/mtk\/index.php\/wp-json\/wp\/v2\/pages"}],"about":[{"href":"https:\/\/seeroesl.at\/mtk\/index.php\/wp-json\/wp\/v2\/types\/page"}],"author":[{"embeddable":true,"href":"https:\/\/seeroesl.at\/mtk\/index.php\/wp-json\/wp\/v2\/users\/1"}],"replies":[{"embeddable":true,"href":"https:\/\/seeroesl.at\/mtk\/index.php\/wp-json\/wp\/v2\/comments?post=3036"}],"version-history":[{"count":72,"href":"https:\/\/seeroesl.at\/mtk\/index.php\/wp-json\/wp\/v2\/pages\/3036\/revisions"}],"predecessor-version":[{"id":5634,"href":"https:\/\/seeroesl.at\/mtk\/index.php\/wp-json\/wp\/v2\/pages\/3036\/revisions\/5634"}],"wp:featuredmedia":[{"embeddable":true,"href":"https:\/\/seeroesl.at\/mtk\/index.php\/wp-json\/wp\/v2\/media\/4269"}],"wp:attachment":[{"href":"https:\/\/seeroesl.at\/mtk\/index.php\/wp-json\/wp\/v2\/media?parent=3036"}],"curies":[{"name":"wp","href":"https:\/\/api.w.org\/{rel}","templated":true}]}}