{"id":34,"date":"2021-01-12T15:18:52","date_gmt":"2021-01-12T15:18:52","guid":{"rendered":"https:\/\/seeroesl.at\/mtkhost.21_wordpress\/?page_id=34"},"modified":"2024-12-24T12:37:06","modified_gmt":"2024-12-24T12:37:06","slug":"woerthersee-anfrage-urlaub","status":"publish","type":"page","link":"https:\/\/seeroesl.at\/mtk\/index.php\/hotel-woerthersee-direkt-buchen-seeroesl\/woerthersee-anfrage-urlaub\/","title":{"rendered":"W\u00f6rthersee Anfrage - Hotel Garni Seer\u00f6sl"},"content":{"rendered":"\n<h1 class=\"wp-block-heading\" id=\"h-worthersee-buchungsanfrage-in-karnten\">W\u00f6rthersee Buchungsanfrage in K\u00e4rnten<\/h1>\n\n\n\n<p>Sie m\u00f6chten Ihren n\u00e4chsten Urlaub in K\u00e4rnten am wundersch\u00f6nen W\u00f6rthersee verbringen? Dann nehmen Sie direkt mit uns Kontakt auf und profitieren Sie somit auch von unseren Direkt-Bucher-Vorteilen! Bitte ben\u00fctzen Sie unser Onlineformular f\u00fcr Ihre W\u00f6rthersee Anfrage und geben Sie uns Ihren Wunschzeitraum bekannt. Ebenso bitte auch m\u00f6gliche Alternativtermine bekannt geben, falls wir zu dieser Zeit schon ausgebucht sein!<\/p>\n\n\n\n<p>Wir melden uns so schnell wie m\u00f6glich.<\/p>\n\n\n\n<p><em>Sofern Sie innerhalb von 24 Stunden von uns kein Angebot erhalten, dann melden Sie sich bitte nochmals bei uns! Vielen Dank! Bitte pr\u00fcfen Sie zus\u00e4tzlich auch Ihren Spam-Ordner!<\/em><\/p>\n\n\n\n<h3 class=\"wp-block-heading\" id=\"h-unverbindliche-anfrage-worthersee-urlaub\">Unverbindliche Anfrage - W\u00f6rthersee Urlaub<\/h3>\n\n\n\n<div class=\"wpcf7 no-js\" id=\"wpcf7-f397-o1\" lang=\"de-AT\" dir=\"ltr\" data-wpcf7-id=\"397\">\n<div class=\"screen-reader-response\"><p role=\"status\" aria-live=\"polite\" aria-atomic=\"true\"><\/p> <ul><\/ul><\/div>\n<form action=\"\/mtk\/index.php\/wp-json\/wp\/v2\/pages\/34#wpcf7-f397-o1\" method=\"post\" class=\"wpcf7-form init\" aria-label=\"Contact form\" novalidate=\"novalidate\" data-status=\"init\">\n<fieldset class=\"hidden-fields-container\"><input type=\"hidden\" name=\"_wpcf7\" value=\"397\" \/><input type=\"hidden\" name=\"_wpcf7_version\" value=\"6.1.4\" \/><input type=\"hidden\" name=\"_wpcf7_locale\" value=\"de_AT\" \/><input type=\"hidden\" name=\"_wpcf7_unit_tag\" value=\"wpcf7-f397-o1\" \/><input type=\"hidden\" name=\"_wpcf7_container_post\" value=\"0\" \/><input type=\"hidden\" name=\"_wpcf7_posted_data_hash\" value=\"\" \/><input type=\"hidden\" name=\"_wpcf7_recaptcha_response\" value=\"\" \/>\n<\/fieldset>\n<p>Termin von Termin bis<br \/>\n<span class=\"wpcf7-form-control-wrap\" data-name=\"date-739\"><input class=\"wpcf7-form-control wpcf7-date wpcf7-validates-as-date\" aria-invalid=\"false\" value=\"\" type=\"date\" name=\"date-739\" \/><\/span><span class=\"wpcf7-form-control-wrap\" data-name=\"date-685\"><input class=\"wpcf7-form-control wpcf7-date wpcf7-validates-as-date\" aria-invalid=\"false\" placeholder=\"\" value=\"\" type=\"date\" name=\"date-685\" \/><\/span>\n<\/p>\n<p>Bitte ausw\u00e4hlen<br \/>\n<span class=\"wpcf7-form-control-wrap\" data-name=\"Anfrage\"><select class=\"wpcf7-form-control wpcf7-select\" aria-invalid=\"false\" name=\"Anfrage\"><option value=\"Bitte machen Sie mir ein Angebot!\">Bitte machen Sie mir ein Angebot!<\/option><option value=\"Bitte reservieren Sie f\u00fcr mich!\">Bitte reservieren Sie f\u00fcr mich!<\/option><option value=\"Bitte machen Sie mir ein W\u00f6rthersee-Event-Angebot!\">Bitte machen Sie mir ein W\u00f6rthersee-Event-Angebot!<\/option><option value=\"Sonstiges\">Sonstiges<\/option><\/select><\/span>\n<\/p>\n<p><span class=\"wpcf7-form-control-wrap\" data-name=\"Zimmer\"><span class=\"wpcf7-form-control wpcf7-checkbox\"><span class=\"wpcf7-list-item first\"><label><input type=\"checkbox\" name=\"Zimmer[]\" value=\"Doppelzimmer mit Balkon + Fr\u00fchst\u00fcck\" \/><span class=\"wpcf7-list-item-label\">Doppelzimmer mit Balkon + Fr\u00fchst\u00fcck<\/span><\/label><\/span><span class=\"wpcf7-list-item last\"><label><input type=\"checkbox\" name=\"Zimmer[]\" value=\"Einzelzimmer mit Balkon + Fr\u00fchst\u00fcck\" \/><span class=\"wpcf7-list-item-label\">Einzelzimmer mit Balkon + Fr\u00fchst\u00fcck<\/span><\/label><\/span><\/span><\/span><br \/>\n( mit 1 Zusatzbett => <span class=\"wpcf7-form-control-wrap\" data-name=\"Zusatzbetten\"><span class=\"wpcf7-form-control wpcf7-radio\"><span class=\"wpcf7-list-item first\"><label><input type=\"radio\" name=\"Zusatzbetten\" value=\"nein\" checked=\"checked\" \/><span class=\"wpcf7-list-item-label\">nein<\/span><\/label><\/span><span class=\"wpcf7-list-item last\"><label><input type=\"radio\" name=\"Zusatzbetten\" value=\"ja\" \/><span class=\"wpcf7-list-item-label\">ja<\/span><\/label><\/span><\/span><\/span>)\n<\/p>\n<p>Erwachsene<br \/>\n<span class=\"wpcf7-form-control-wrap\" data-name=\"Anzahl\"><input class=\"wpcf7-form-control wpcf7-number wpcf7-validates-as-number\" min=\"1\" max=\"25\" aria-invalid=\"false\" value=\"Personenanzahl\" type=\"number\" name=\"Anzahl\" \/><\/span>\n<\/p>\n<p>Kinder<br \/>\n<span class=\"wpcf7-form-control-wrap\" data-name=\"radio-343\"><span class=\"wpcf7-form-control wpcf7-radio\"><span class=\"wpcf7-list-item first\"><label><input type=\"radio\" name=\"radio-343\" value=\"keine\" checked=\"checked\" \/><span class=\"wpcf7-list-item-label\">keine<\/span><\/label><\/span><span class=\"wpcf7-list-item\"><label><input type=\"radio\" name=\"radio-343\" value=\"1\" \/><span class=\"wpcf7-list-item-label\">1<\/span><\/label><\/span><span class=\"wpcf7-list-item\"><label><input type=\"radio\" name=\"radio-343\" value=\"2\" \/><span class=\"wpcf7-list-item-label\">2<\/span><\/label><\/span><span class=\"wpcf7-list-item\"><label><input type=\"radio\" name=\"radio-343\" value=\"3\" \/><span class=\"wpcf7-list-item-label\">3<\/span><\/label><\/span><span class=\"wpcf7-list-item last\"><label><input type=\"radio\" name=\"radio-343\" value=\"4\" \/><span class=\"wpcf7-list-item-label\">4<\/span><\/label><\/span><\/span><\/span><br \/>\n<span class=\"wpcf7-form-control-wrap\" data-name=\"KinderAlter\"><span class=\"wpcf7-form-control wpcf7-checkbox\"><span class=\"wpcf7-list-item first\"><label><input type=\"checkbox\" name=\"KinderAlter[]\" value=\"0-3 Jahre\" \/><span class=\"wpcf7-list-item-label\">0-3 Jahre<\/span><\/label><\/span><span class=\"wpcf7-list-item\"><label><input type=\"checkbox\" name=\"KinderAlter[]\" value=\"4-10 Jahre\" \/><span class=\"wpcf7-list-item-label\">4-10 Jahre<\/span><\/label><\/span><span class=\"wpcf7-list-item\"><label><input type=\"checkbox\" name=\"KinderAlter[]\" value=\"11-15 Jahre\" \/><span class=\"wpcf7-list-item-label\">11-15 Jahre<\/span><\/label><\/span><span class=\"wpcf7-list-item last\"><label><input type=\"checkbox\" name=\"KinderAlter[]\" value=\"ab 16 Jahre\" \/><span class=\"wpcf7-list-item-label\">ab 16 Jahre<\/span><\/label><\/span><\/span><\/span>\n<\/p>\n<p><label> Ihr Name (Vorname u. Nachname)<br \/>\n<span class=\"wpcf7-form-control-wrap\" data-name=\"your-name\"><input size=\"40\" maxlength=\"400\" class=\"wpcf7-form-control wpcf7-text wpcf7-validates-as-required\" aria-required=\"true\" aria-invalid=\"false\" value=\"\" type=\"text\" name=\"your-name\" \/><\/span> <\/label>\n<\/p>\n<p><label> Ihre E-Mail Adresse<br \/>\n<span class=\"wpcf7-form-control-wrap\" data-name=\"your-email\"><input size=\"40\" maxlength=\"400\" class=\"wpcf7-form-control wpcf7-email wpcf7-validates-as-required wpcf7-text wpcf7-validates-as-email\" aria-required=\"true\" aria-invalid=\"false\" value=\"\" type=\"email\" name=\"your-email\" \/><\/span> <\/label>\n<\/p>\n<p>Ihre Tel.Nr.\/ Mobil Nummer<br \/>\n<span class=\"wpcf7-form-control-wrap\" data-name=\"tel-329\"><input size=\"40\" maxlength=\"400\" class=\"wpcf7-form-control wpcf7-tel wpcf7-validates-as-required wpcf7-text wpcf7-validates-as-tel\" aria-required=\"true\" aria-invalid=\"false\" value=\"\" type=\"tel\" name=\"tel-329\" \/><\/span>\n<\/p>\n<p><label> Betreff<br \/>\n<span class=\"wpcf7-form-control-wrap\" data-name=\"your-subject\"><input size=\"40\" maxlength=\"400\" class=\"wpcf7-form-control wpcf7-text wpcf7-validates-as-required\" aria-required=\"true\" aria-invalid=\"false\" value=\"\" type=\"text\" name=\"your-subject\" \/><\/span> <\/label>\n<\/p>\n<p><label> Ihre Nachricht (optional)<br \/>\n<span class=\"wpcf7-form-control-wrap\" data-name=\"your-message\"><textarea cols=\"40\" rows=\"10\" maxlength=\"2000\" class=\"wpcf7-form-control wpcf7-textarea\" aria-invalid=\"false\" name=\"your-message\"><\/textarea><\/span> <\/label>\n<\/p>\n<p><input class=\"wpcf7-form-control wpcf7-submit has-spinner\" type=\"submit\" value=\"Senden\" \/><br \/>\n<span class=\"wpcf7-form-control-wrap\" data-name=\"checkbox-923\"><span class=\"wpcf7-form-control wpcf7-checkbox\"><\/span><\/span>\n<\/p>\n<p><span class=\"wpcf7-form-control-wrap\">\n\t\t\t\t\t\t<span class=\"wpcf7-form-control wpcf7-checkbox wpcf7-validates-as-required wpcf7-acceptance optional\">\n\t\t\t\t\t\t\t<span class=\"wpcf7-list-item first last\">\n\t\t\t\t\t\t\t\t<label>\n\t\t\t\t\t\t\t\t\t<input type=\"checkbox\" name=\"cleverreach\" checked=\"checked\" \/>\n\t\t\t\t\t\t\t\t\t<span class=\"wpcf7-list-item-label\">Newsletter abonnieren<\/span>\n\t\t\t\t\t\t\t\t<\/label>\n\t\t\t\t\t\t\t<\/span>\n\t\t\t\t\t\t<\/span>\n\t\t\t\t\t <\/span>\n<\/p>\n<p><span class=\"wpcf7-form-control-wrap\" data-name=\"acceptance-379\"><span class=\"wpcf7-form-control wpcf7-acceptance\"><span class=\"wpcf7-list-item\"><input type=\"checkbox\" name=\"acceptance-379\" value=\"1\" aria-invalid=\"false\" \/><\/span><\/span><\/span> DSGVO ( Zustimmung der Datenschutzerkl\u00e4rung aufgrund der gesetzlichen Bestimmungen) siehe Impressum & Datenschutz\n<\/p><div class=\"wpcf7-response-output\" aria-hidden=\"true\"><\/div>\n<\/form>\n<\/div>\n  <a href=\"#\" class=\"sp-dsgvo-navigate-privacy-policy myClass\">Privacy policy<\/a>\n\n\n\n<p><strong>Kontaktformular Hotel Garni Seer\u00f6sl<\/strong> am W\u00f6rthersee<\/p>\n\n\n\n<p>Oder einfach online buchen . Entdecken Sie unsere <a href=\"https:\/\/seeroesl.at\/mtk\/index.php\/kaernten-woerthersee-hotel-angebote\/\">aktullen Sommerangebote<\/a>!<\/p>\n\n\n\n<p><strong><a href=\"https:\/\/seeroesl.at\/mtk\/index.php\/gruppenreise-oesterreich-gruppenurlaub-kaernten-am-woerthersee-anfragen\/\">Individuelle Gruppenanfragen <\/a><\/strong> <a href=\"https:\/\/seeroesl.at\/mtk\/index.php\/kaernten-woerthersee-hotel-angebote\/\">&lt;=<\/a> auch m\u00f6glich<\/p>\n\n\n\n<p><\/p>\n\n\n\n<figure class=\"wp-block-image size-full\"><img decoding=\"async\" width=\"1017\" height=\"394\" src=\"https:\/\/seeroesl.at\/mtk\/wp-content\/uploads\/2021\/03\/Info.Seite_.Herzlich.willkommen4NEU-e1734799345717.jpg\" alt=\"W\u00f6rthersee Anfrage Urlaub Hotel Seer\u00f6sl\" class=\"wp-image-1878\" srcset=\"https:\/\/seeroesl.at\/mtk\/wp-content\/uploads\/2021\/03\/Info.Seite_.Herzlich.willkommen4NEU-e1734799345717.jpg 1017w, https:\/\/seeroesl.at\/mtk\/wp-content\/uploads\/2021\/03\/Info.Seite_.Herzlich.willkommen4NEU-e1734799345717-300x116.jpg 300w, https:\/\/seeroesl.at\/mtk\/wp-content\/uploads\/2021\/03\/Info.Seite_.Herzlich.willkommen4NEU-e1734799345717-768x298.jpg 768w\" sizes=\"(max-width: 1017px) 100vw, 1017px\" \/><\/figure>\n\n\n<input type=\"button\" value=\"Go back\" class=\"alg_back_button_input \" style=\"\" onclick=\"window.history.back()\" \/>\n\n\n\n<div class=\"wp-block-columns is-layout-flex wp-container-core-columns-is-layout-9d6595d7 wp-block-columns-is-layout-flex\">\n<div class=\"wp-block-column is-layout-flow wp-block-column-is-layout-flow\" style=\"flex-basis:100%\"><\/div>\n<\/div>\n","protected":false},"excerpt":{"rendered":"<p>W\u00f6rthersee Buchungsanfrage in K\u00e4rnten Sie m\u00f6chten Ihren n\u00e4chsten Urlaub in K\u00e4rnten am wundersch\u00f6nen W\u00f6rthersee verbringen? Dann nehmen Sie direkt mit uns Kontakt auf und profitieren Sie somit auch von unseren Direkt-Bucher-Vorteilen! Bitte ben\u00fctzen Sie unser Onlineformular f\u00fcr Ihre W\u00f6rthersee Anfrage und geben Sie uns Ihren Wunschzeitraum bekannt. Ebenso bitte auch<a href=\"https:\/\/seeroesl.at\/mtk\/index.php\/hotel-woerthersee-direkt-buchen-seeroesl\/woerthersee-anfrage-urlaub\/\" class=\"read-more\">Read More ...<\/a><\/p>\n","protected":false},"author":1,"featured_media":4424,"parent":71,"menu_order":0,"comment_status":"closed","ping_status":"closed","template":"","meta":{"_glsr_average":0,"_glsr_ranking":0,"_glsr_reviews":0,"footnotes":""},"class_list":["post-34","page","type-page","status-publish","has-post-thumbnail","hentry"],"yoast_head":"<!-- This site is optimized with the Yoast SEO Premium plugin v24.0 (Yoast SEO v27.4) - https:\/\/yoast.com\/product\/yoast-seo-premium-wordpress\/ -->\n<title>W\u00f6rthersee Anfrage: Alternativtermine bei hoher Auslastung &#187; W\u00f6rthersee Hotel Seer\u00f6sl<\/title>\n<meta name=\"description\" content=\"Anfrage W\u00f6rthersee Urlaub\u2600\ufe0f SOMMER \u2600\ufe0f Jetzt \u2714\ufe0f W\u00f6rthersee anfragen | buchen! \u2714\ufe0fHotel Garni Seer\u00f6sl in Krumpendorf am W\u00f6rthersee.\" \/>\n<meta name=\"robots\" content=\"index, follow, max-snippet:-1, max-image-preview:large, max-video-preview:-1\" \/>\n<link rel=\"canonical\" href=\"https:\/\/seeroesl.at\/mtk\/index.php\/hotel-woerthersee-direkt-buchen-seeroesl\/woerthersee-anfrage-urlaub\/\" \/>\n<meta property=\"og:locale\" content=\"de_DE\" \/>\n<meta property=\"og:type\" content=\"article\" \/>\n<meta property=\"og:title\" content=\"W\u00f6rthersee Anfrage - Hotel Garni Seer\u00f6sl\" \/>\n<meta property=\"og:description\" content=\"Anfrage W\u00f6rthersee Urlaub\u2600\ufe0f SOMMER \u2600\ufe0f Jetzt \u2714\ufe0f W\u00f6rthersee anfragen | buchen! \u2714\ufe0fHotel Garni Seer\u00f6sl in Krumpendorf am W\u00f6rthersee.\" \/>\n<meta property=\"og:url\" content=\"https:\/\/seeroesl.at\/mtk\/index.php\/hotel-woerthersee-direkt-buchen-seeroesl\/woerthersee-anfrage-urlaub\/\" \/>\n<meta property=\"og:site_name\" content=\"W\u00f6rthersee Hotel Seer\u00f6sl\" \/>\n<meta property=\"article:publisher\" content=\"https:\/\/www.facebook.com\/www.seeroeslamwoerthersee.at\/\" \/>\n<meta property=\"article:modified_time\" content=\"2024-12-24T12:37:06+00:00\" \/>\n<meta property=\"og:image\" content=\"https:\/\/seeroesl.at\/mtk\/wp-content\/uploads\/2024\/12\/Hotel-Garni-Seeroesl-am-Woerthersee-Lage-u.-Familienwappen-Krainer.png\" \/>\n\t<meta property=\"og:image:width\" content=\"670\" \/>\n\t<meta property=\"og:image:height\" content=\"439\" \/>\n\t<meta property=\"og:image:type\" content=\"image\/png\" \/>\n<meta name=\"twitter:card\" content=\"summary_large_image\" \/>\n<meta name=\"twitter:label1\" content=\"Gesch\u00e4tzte Lesezeit\" \/>\n\t<meta name=\"twitter:data1\" content=\"2 Minuten\" \/>\n<!-- \/ Yoast SEO Premium plugin. -->","yoast_head_json":{"title":"W\u00f6rthersee Anfrage: Alternativtermine bei hoher Auslastung &#187; W\u00f6rthersee Hotel Seer\u00f6sl","description":"Anfrage W\u00f6rthersee Urlaub\u2600\ufe0f SOMMER \u2600\ufe0f Jetzt \u2714\ufe0f W\u00f6rthersee anfragen | buchen! \u2714\ufe0fHotel Garni Seer\u00f6sl in Krumpendorf am W\u00f6rthersee.","robots":{"index":"index","follow":"follow","max-snippet":"max-snippet:-1","max-image-preview":"max-image-preview:large","max-video-preview":"max-video-preview:-1"},"canonical":"https:\/\/seeroesl.at\/mtk\/index.php\/hotel-woerthersee-direkt-buchen-seeroesl\/woerthersee-anfrage-urlaub\/","og_locale":"de_DE","og_type":"article","og_title":"W\u00f6rthersee Anfrage - Hotel Garni Seer\u00f6sl","og_description":"Anfrage W\u00f6rthersee Urlaub\u2600\ufe0f SOMMER \u2600\ufe0f Jetzt \u2714\ufe0f W\u00f6rthersee anfragen | buchen! \u2714\ufe0fHotel Garni Seer\u00f6sl in Krumpendorf am W\u00f6rthersee.","og_url":"https:\/\/seeroesl.at\/mtk\/index.php\/hotel-woerthersee-direkt-buchen-seeroesl\/woerthersee-anfrage-urlaub\/","og_site_name":"W\u00f6rthersee Hotel Seer\u00f6sl","article_publisher":"https:\/\/www.facebook.com\/www.seeroeslamwoerthersee.at\/","article_modified_time":"2024-12-24T12:37:06+00:00","og_image":[{"width":670,"height":439,"url":"https:\/\/seeroesl.at\/mtk\/wp-content\/uploads\/2024\/12\/Hotel-Garni-Seeroesl-am-Woerthersee-Lage-u.-Familienwappen-Krainer.png","type":"image\/png"}],"twitter_card":"summary_large_image","twitter_misc":{"Gesch\u00e4tzte Lesezeit":"2 Minuten"},"schema":{"@context":"https:\/\/schema.org","@graph":[{"@type":"WebPage","@id":"https:\/\/seeroesl.at\/mtk\/index.php\/hotel-woerthersee-direkt-buchen-seeroesl\/woerthersee-anfrage-urlaub\/","url":"https:\/\/seeroesl.at\/mtk\/index.php\/hotel-woerthersee-direkt-buchen-seeroesl\/woerthersee-anfrage-urlaub\/","name":"W\u00f6rthersee Anfrage: Alternativtermine bei hoher Auslastung &#187; W\u00f6rthersee Hotel Seer\u00f6sl","isPartOf":{"@id":"https:\/\/seeroesl.at\/mtk\/#website"},"primaryImageOfPage":{"@id":"https:\/\/seeroesl.at\/mtk\/index.php\/hotel-woerthersee-direkt-buchen-seeroesl\/woerthersee-anfrage-urlaub\/#primaryimage"},"image":{"@id":"https:\/\/seeroesl.at\/mtk\/index.php\/hotel-woerthersee-direkt-buchen-seeroesl\/woerthersee-anfrage-urlaub\/#primaryimage"},"thumbnailUrl":"https:\/\/seeroesl.at\/mtk\/wp-content\/uploads\/2024\/12\/Hotel-Garni-Seeroesl-am-Woerthersee-Lage-u.-Familienwappen-Krainer.png","datePublished":"2021-01-12T15:18:52+00:00","dateModified":"2024-12-24T12:37:06+00:00","description":"Anfrage W\u00f6rthersee Urlaub\u2600\ufe0f SOMMER \u2600\ufe0f Jetzt \u2714\ufe0f W\u00f6rthersee anfragen | buchen! \u2714\ufe0fHotel Garni Seer\u00f6sl in Krumpendorf am W\u00f6rthersee.","breadcrumb":{"@id":"https:\/\/seeroesl.at\/mtk\/index.php\/hotel-woerthersee-direkt-buchen-seeroesl\/woerthersee-anfrage-urlaub\/#breadcrumb"},"inLanguage":"de-AT","potentialAction":[{"@type":"ReadAction","target":["https:\/\/seeroesl.at\/mtk\/index.php\/hotel-woerthersee-direkt-buchen-seeroesl\/woerthersee-anfrage-urlaub\/"]}]},{"@type":"ImageObject","inLanguage":"de-AT","@id":"https:\/\/seeroesl.at\/mtk\/index.php\/hotel-woerthersee-direkt-buchen-seeroesl\/woerthersee-anfrage-urlaub\/#primaryimage","url":"https:\/\/seeroesl.at\/mtk\/wp-content\/uploads\/2024\/12\/Hotel-Garni-Seeroesl-am-Woerthersee-Lage-u.-Familienwappen-Krainer.png","contentUrl":"https:\/\/seeroesl.at\/mtk\/wp-content\/uploads\/2024\/12\/Hotel-Garni-Seeroesl-am-Woerthersee-Lage-u.-Familienwappen-Krainer.png","width":670,"height":439,"caption":"W\u00f6rthersee Urlaub Anfrage, unverbindliche Anfrage"},{"@type":"BreadcrumbList","@id":"https:\/\/seeroesl.at\/mtk\/index.php\/hotel-woerthersee-direkt-buchen-seeroesl\/woerthersee-anfrage-urlaub\/#breadcrumb","itemListElement":[{"@type":"ListItem","position":1,"name":"Home","item":"https:\/\/seeroesl.at\/mtk\/"},{"@type":"ListItem","position":2,"name":"W\u00f6rthersee spontan buchen","item":"https:\/\/seeroesl.at\/mtk\/index.php\/hotel-woerthersee-direkt-buchen-seeroesl\/"},{"@type":"ListItem","position":3,"name":"W\u00f6rthersee Anfrage &#8211; Hotel Garni Seer\u00f6sl"}]},{"@type":"WebSite","@id":"https:\/\/seeroesl.at\/mtk\/#website","url":"https:\/\/seeroesl.at\/mtk\/","name":"W\u00f6rthersee ~ Hotel Garni Seer\u00f6sl | W\u00f6rthersee Urlaub | K\u00e4rnten","description":"Hotel Garni Seer\u00f6sl am W\u00f6rthersee | Urlaub in K\u00e4rnten | \u00d6sterreich","publisher":{"@id":"https:\/\/seeroesl.at\/mtk\/#organization"},"alternateName":"Hotel Seer\u00f6sl | W\u00f6rthersee","potentialAction":[{"@type":"SearchAction","target":{"@type":"EntryPoint","urlTemplate":"https:\/\/seeroesl.at\/mtk\/?s={search_term_string}"},"query-input":{"@type":"PropertyValueSpecification","valueRequired":true,"valueName":"search_term_string"}}],"inLanguage":"de-AT"},{"@type":"Organization","@id":"https:\/\/seeroesl.at\/mtk\/#organization","name":"W\u00f6rthersee Hotel Seer\u00f6sl","url":"https:\/\/seeroesl.at\/mtk\/","logo":{"@type":"ImageObject","inLanguage":"de-AT","@id":"https:\/\/seeroesl.at\/mtk\/#\/schema\/logo\/image\/","url":"https:\/\/seeroesl.at\/mtk\/wp-content\/uploads\/2021\/02\/cropped-Header-Logo-Seerosl-website.png","contentUrl":"https:\/\/seeroesl.at\/mtk\/wp-content\/uploads\/2021\/02\/cropped-Header-Logo-Seerosl-website.png","width":512,"height":512,"caption":"W\u00f6rthersee Hotel Seer\u00f6sl"},"image":{"@id":"https:\/\/seeroesl.at\/mtk\/#\/schema\/logo\/image\/"},"sameAs":["https:\/\/www.facebook.com\/www.seeroeslamwoerthersee.at\/","https:\/\/www.instagram.com\/seeroesl.at\/?hl=de","https:\/\/www.pinterest.at\/Seeroesl\/_created","https:\/\/www.youtube.com\/channel\/UCPZp8pLUNLKgbrSm8gmBF-w","https:\/\/seeroesl.at\/mtk\/index.php\/urlaub-am-woerthersee-hotel-seeroesl-kontakt\/bewertungen-seeroesl-hotel-star-rating\/"],"publishingPrinciples":"https:\/\/seeroesl.at\/mtk\/"}]}},"_links":{"self":[{"href":"https:\/\/seeroesl.at\/mtk\/index.php\/wp-json\/wp\/v2\/pages\/34","targetHints":{"allow":["GET"]}}],"collection":[{"href":"https:\/\/seeroesl.at\/mtk\/index.php\/wp-json\/wp\/v2\/pages"}],"about":[{"href":"https:\/\/seeroesl.at\/mtk\/index.php\/wp-json\/wp\/v2\/types\/page"}],"author":[{"embeddable":true,"href":"https:\/\/seeroesl.at\/mtk\/index.php\/wp-json\/wp\/v2\/users\/1"}],"replies":[{"embeddable":true,"href":"https:\/\/seeroesl.at\/mtk\/index.php\/wp-json\/wp\/v2\/comments?post=34"}],"version-history":[{"count":28,"href":"https:\/\/seeroesl.at\/mtk\/index.php\/wp-json\/wp\/v2\/pages\/34\/revisions"}],"predecessor-version":[{"id":4865,"href":"https:\/\/seeroesl.at\/mtk\/index.php\/wp-json\/wp\/v2\/pages\/34\/revisions\/4865"}],"up":[{"embeddable":true,"href":"https:\/\/seeroesl.at\/mtk\/index.php\/wp-json\/wp\/v2\/pages\/71"}],"wp:featuredmedia":[{"embeddable":true,"href":"https:\/\/seeroesl.at\/mtk\/index.php\/wp-json\/wp\/v2\/media\/4424"}],"wp:attachment":[{"href":"https:\/\/seeroesl.at\/mtk\/index.php\/wp-json\/wp\/v2\/media?parent=34"}],"curies":[{"name":"wp","href":"https:\/\/api.w.org\/{rel}","templated":true}]}}