{"id":36,"date":"2021-01-12T15:19:21","date_gmt":"2021-01-12T15:19:21","guid":{"rendered":"https:\/\/seeroesl.at\/mtkhost.21_wordpress\/?page_id=36"},"modified":"2021-04-10T08:54:22","modified_gmt":"2021-04-10T08:54:22","slug":"sport-freizeit-in-kaernten","status":"publish","type":"page","link":"https:\/\/seeroesl.at\/mtk\/index.php\/sport-freizeit-in-kaernten\/","title":{"rendered":"Sport &#038; Freizeit in K\u00e4rnten"},"content":{"rendered":"\n<blockquote class=\"wp-block-quote is-style-large is-layout-flow wp-block-quote-is-layout-flow\"><p><strong>Top <a href=\"https:\/\/seeroesl.at\/mtk\/index.php\/sport-freizeit-in-kaernten\/top-ausfluege-kaernten\/\">Ausfl\u00fcge K\u00e4rnten<\/a><\/strong><\/p><\/blockquote>\n\n\n<input type=\"button\" value=\"Go back\" class=\"alg_back_button_input \" style=\"\" onclick=\"window.history.back()\" \/>\n","protected":false},"excerpt":{"rendered":"<p>Top Ausfl\u00fcge K\u00e4rnten<\/p>\n","protected":false},"author":1,"featured_media":0,"parent":0,"menu_order":0,"comment_status":"closed","ping_status":"closed","template":"","meta":{"_glsr_average":0,"_glsr_ranking":0,"_glsr_reviews":0,"footnotes":""},"class_list":["post-36","page","type-page","status-publish","hentry"],"yoast_head":"<!-- This site is optimized with the Yoast SEO Premium plugin v24.0 (Yoast SEO v27.4) - https:\/\/yoast.com\/product\/yoast-seo-premium-wordpress\/ -->\n<title>Sport &amp; Freizeit in K\u00e4rnten &#187; W\u00f6rthersee Hotel Seer\u00f6sl<\/title>\n<meta name=\"description\" content=\"Hier finden Sie Ausflugstipps f\u00fcr Ihren Urlaub in K\u00e4rnten!\" \/>\n<meta name=\"robots\" content=\"index, follow, max-snippet:-1, max-image-preview:large, max-video-preview:-1\" \/>\n<link rel=\"canonical\" href=\"https:\/\/seeroesl.at\/mtk\/index.php\/sport-freizeit-in-kaernten\/\" \/>\n<meta property=\"og:locale\" content=\"de_DE\" \/>\n<meta property=\"og:type\" content=\"article\" \/>\n<meta property=\"og:title\" content=\"Sport &amp; Freizeit in K\u00e4rnten\" \/>\n<meta property=\"og:description\" content=\"Hier finden Sie Ausflugstipps f\u00fcr Ihren Urlaub in K\u00e4rnten!\" \/>\n<meta property=\"og:url\" content=\"https:\/\/seeroesl.at\/mtk\/index.php\/sport-freizeit-in-kaernten\/\" \/>\n<meta property=\"og:site_name\" content=\"W\u00f6rthersee Hotel Seer\u00f6sl\" \/>\n<meta property=\"article:publisher\" content=\"https:\/\/www.facebook.com\/www.seeroeslamwoerthersee.at\/\" \/>\n<meta property=\"article:modified_time\" content=\"2021-04-10T08:54:22+00:00\" \/>\n<meta property=\"og:image\" content=\"https:\/\/seeroesl.at\/mtk\/wp-content\/uploads\/2024\/12\/Hotel-Garni-Seeroesl-am-Woerthersee-Lage-u.-Familienwappen-Krainer-1.png\" \/>\n\t<meta property=\"og:image:width\" content=\"670\" \/>\n\t<meta property=\"og:image:height\" content=\"439\" \/>\n\t<meta property=\"og:image:type\" content=\"image\/png\" \/>\n<meta name=\"twitter:card\" content=\"summary_large_image\" \/>\n<meta name=\"twitter:label1\" content=\"Gesch\u00e4tzte Lesezeit\" \/>\n\t<meta name=\"twitter:data1\" content=\"1 Minute\" \/>\n<!-- \/ Yoast SEO Premium plugin. -->","yoast_head_json":{"title":"Sport & Freizeit in K\u00e4rnten &#187; W\u00f6rthersee Hotel Seer\u00f6sl","description":"Hier finden Sie Ausflugstipps f\u00fcr Ihren Urlaub in K\u00e4rnten!","robots":{"index":"index","follow":"follow","max-snippet":"max-snippet:-1","max-image-preview":"max-image-preview:large","max-video-preview":"max-video-preview:-1"},"canonical":"https:\/\/seeroesl.at\/mtk\/index.php\/sport-freizeit-in-kaernten\/","og_locale":"de_DE","og_type":"article","og_title":"Sport & Freizeit in K\u00e4rnten","og_description":"Hier finden Sie Ausflugstipps f\u00fcr Ihren Urlaub in K\u00e4rnten!","og_url":"https:\/\/seeroesl.at\/mtk\/index.php\/sport-freizeit-in-kaernten\/","og_site_name":"W\u00f6rthersee Hotel Seer\u00f6sl","article_publisher":"https:\/\/www.facebook.com\/www.seeroeslamwoerthersee.at\/","article_modified_time":"2021-04-10T08:54:22+00:00","og_image":[{"width":670,"height":439,"url":"https:\/\/seeroesl.at\/mtk\/wp-content\/uploads\/2024\/12\/Hotel-Garni-Seeroesl-am-Woerthersee-Lage-u.-Familienwappen-Krainer-1.png","type":"image\/png"}],"twitter_card":"summary_large_image","twitter_misc":{"Gesch\u00e4tzte Lesezeit":"1 Minute"},"schema":{"@context":"https:\/\/schema.org","@graph":[{"@type":"WebPage","@id":"https:\/\/seeroesl.at\/mtk\/index.php\/sport-freizeit-in-kaernten\/","url":"https:\/\/seeroesl.at\/mtk\/index.php\/sport-freizeit-in-kaernten\/","name":"Sport & Freizeit in K\u00e4rnten &#187; W\u00f6rthersee Hotel Seer\u00f6sl","isPartOf":{"@id":"https:\/\/seeroesl.at\/mtk\/#website"},"datePublished":"2021-01-12T15:19:21+00:00","dateModified":"2021-04-10T08:54:22+00:00","description":"Hier finden Sie Ausflugstipps f\u00fcr Ihren Urlaub in K\u00e4rnten!","breadcrumb":{"@id":"https:\/\/seeroesl.at\/mtk\/index.php\/sport-freizeit-in-kaernten\/#breadcrumb"},"inLanguage":"de-AT","potentialAction":[{"@type":"ReadAction","target":["https:\/\/seeroesl.at\/mtk\/index.php\/sport-freizeit-in-kaernten\/"]}]},{"@type":"BreadcrumbList","@id":"https:\/\/seeroesl.at\/mtk\/index.php\/sport-freizeit-in-kaernten\/#breadcrumb","itemListElement":[{"@type":"ListItem","position":1,"name":"Home","item":"https:\/\/seeroesl.at\/mtk\/"},{"@type":"ListItem","position":2,"name":"Sport &#038; Freizeit in K\u00e4rnten"}]},{"@type":"WebSite","@id":"https:\/\/seeroesl.at\/mtk\/#website","url":"https:\/\/seeroesl.at\/mtk\/","name":"W\u00f6rthersee ~ Hotel Garni Seer\u00f6sl | W\u00f6rthersee Urlaub | K\u00e4rnten","description":"Hotel Garni Seer\u00f6sl am W\u00f6rthersee | Urlaub in K\u00e4rnten | \u00d6sterreich","publisher":{"@id":"https:\/\/seeroesl.at\/mtk\/#organization"},"alternateName":"Hotel Seer\u00f6sl | W\u00f6rthersee","potentialAction":[{"@type":"SearchAction","target":{"@type":"EntryPoint","urlTemplate":"https:\/\/seeroesl.at\/mtk\/?s={search_term_string}"},"query-input":{"@type":"PropertyValueSpecification","valueRequired":true,"valueName":"search_term_string"}}],"inLanguage":"de-AT"},{"@type":"Organization","@id":"https:\/\/seeroesl.at\/mtk\/#organization","name":"W\u00f6rthersee Hotel Seer\u00f6sl","url":"https:\/\/seeroesl.at\/mtk\/","logo":{"@type":"ImageObject","inLanguage":"de-AT","@id":"https:\/\/seeroesl.at\/mtk\/#\/schema\/logo\/image\/","url":"https:\/\/seeroesl.at\/mtk\/wp-content\/uploads\/2021\/02\/cropped-Header-Logo-Seerosl-website.png","contentUrl":"https:\/\/seeroesl.at\/mtk\/wp-content\/uploads\/2021\/02\/cropped-Header-Logo-Seerosl-website.png","width":512,"height":512,"caption":"W\u00f6rthersee Hotel Seer\u00f6sl"},"image":{"@id":"https:\/\/seeroesl.at\/mtk\/#\/schema\/logo\/image\/"},"sameAs":["https:\/\/www.facebook.com\/www.seeroeslamwoerthersee.at\/","https:\/\/www.instagram.com\/seeroesl.at\/?hl=de","https:\/\/www.pinterest.at\/Seeroesl\/_created","https:\/\/www.youtube.com\/channel\/UCPZp8pLUNLKgbrSm8gmBF-w","https:\/\/seeroesl.at\/mtk\/index.php\/urlaub-am-woerthersee-hotel-seeroesl-kontakt\/bewertungen-seeroesl-hotel-star-rating\/"],"publishingPrinciples":"https:\/\/seeroesl.at\/mtk\/"}]}},"_links":{"self":[{"href":"https:\/\/seeroesl.at\/mtk\/index.php\/wp-json\/wp\/v2\/pages\/36","targetHints":{"allow":["GET"]}}],"collection":[{"href":"https:\/\/seeroesl.at\/mtk\/index.php\/wp-json\/wp\/v2\/pages"}],"about":[{"href":"https:\/\/seeroesl.at\/mtk\/index.php\/wp-json\/wp\/v2\/types\/page"}],"author":[{"embeddable":true,"href":"https:\/\/seeroesl.at\/mtk\/index.php\/wp-json\/wp\/v2\/users\/1"}],"replies":[{"embeddable":true,"href":"https:\/\/seeroesl.at\/mtk\/index.php\/wp-json\/wp\/v2\/comments?post=36"}],"version-history":[{"count":10,"href":"https:\/\/seeroesl.at\/mtk\/index.php\/wp-json\/wp\/v2\/pages\/36\/revisions"}],"predecessor-version":[{"id":2511,"href":"https:\/\/seeroesl.at\/mtk\/index.php\/wp-json\/wp\/v2\/pages\/36\/revisions\/2511"}],"wp:attachment":[{"href":"https:\/\/seeroesl.at\/mtk\/index.php\/wp-json\/wp\/v2\/media?parent=36"}],"curies":[{"name":"wp","href":"https:\/\/api.w.org\/{rel}","templated":true}]}}