{"id":40,"date":"2021-01-12T15:20:28","date_gmt":"2021-01-12T15:20:28","guid":{"rendered":"https:\/\/seeroesl.at\/mtkhost.21_wordpress\/?page_id=40"},"modified":"2025-01-02T14:56:09","modified_gmt":"2025-01-02T14:56:09","slug":"top-ausfluege-kaernten","status":"publish","type":"page","link":"https:\/\/seeroesl.at\/mtk\/index.php\/sport-freizeit-in-kaernten\/top-ausfluege-kaernten\/","title":{"rendered":"Top Ausfl\u00fcge K\u00e4rnten"},"content":{"rendered":"\n<h2 class=\"wp-block-heading\" id=\"urlaub-in-osterreich-die-schonsten-lieblingsplatze-in-karnten\">Urlaub in \u00d6sterreich - die sch\u00f6nsten Lieblingspl\u00e4tze in K\u00e4rnten<\/h2>\n\n\n\n<h3 class=\"wp-block-heading\" id=\"ausflugstipps\">Top Ausfl\u00fcge in K\u00e4rnten erleben<\/h3>\n\n\n\n<p>Hier findet ihr eine gro\u00dfe Auswahl von \u00f6sterreichischen Urlaubsdestinationen, darunter auch die<strong> <a href=\"https:\/\/seeroesl.at\/mtk\/index.php\/2021\/01\/19\/tipps-fur-den-worthersee-urlaub\/\">Top Ausfl\u00fcge in K\u00e4rnten.<\/a><\/strong> Wenn ihr Top Ausfl\u00fcge in K\u00e4rnten am W\u00f6rthersee sucht, werdet ihr hier f\u00fcndig. Weiteres d\u00fcrfen spannende St\u00e4dtetrips inkl. beeindruckende Kulturprogramme im Sommer nicht fehlen.<\/p>\n\n\n\n<h3 class=\"wp-block-heading\" id=\"wandertouren-am-worthersee\">Die sch\u00f6nsten Wandertouren am W\u00f6rthersee <\/h3>\n\n\n\n<p>Wandere vor gewaltige Bergpanoramen, k\u00fchle dich ab in glasklaren Fl\u00fcssen und Seen, genie\u00dfe die Stille der Natur und raste bei urigen Almh\u00fctten. Erlebe die <a href=\"https:\/\/seeroesl.at\/mtk\/index.php\/2021\/01\/19\/wandertouren-am-see\/\"><strong>sch\u00f6nsten Wandertouren rund um den W\u00f6rthersee <\/strong><\/a>mit traumhaften Ausfblicken.<\/p>\n\n\n\n<h3 class=\"wp-block-heading\" id=\"magische-momente-in-karntens-natur\"> Magische Momente in K\u00e4rntens Natur genie\u00dfen<\/h3>\n\n\n\n<p>Oder du bevorzugst lieber die einzigartigen <strong><a href=\"https:\/\/seeroesl.at\/mtk\/index.php\/2021\/01\/19\/wandertouren-am-see\/\">magischen Momente in K\u00e4rntens Natur.<\/a> <\/strong><\/p>\n\n\n\n<div class=\"wp-block-columns is-layout-flex wp-container-core-columns-is-layout-9d6595d7 wp-block-columns-is-layout-flex\">\n<div class=\"wp-block-column is-layout-flow wp-block-column-is-layout-flow\" style=\"flex-basis:100%\">\n<figure class=\"wp-block-image size-full is-resized\"><img decoding=\"async\" width=\"652\" height=\"378\" src=\"https:\/\/seeroesl.at\/mtk\/wp-content\/uploads\/2021\/03\/Woerthersee.4Fotos.jpg\" alt=\"Top Auslf\u00fcge K\u00e4rnten W\u00f6rthersee\" class=\"wp-image-1533\" style=\"width:382px;height:auto\" srcset=\"https:\/\/seeroesl.at\/mtk\/wp-content\/uploads\/2021\/03\/Woerthersee.4Fotos.jpg 652w, https:\/\/seeroesl.at\/mtk\/wp-content\/uploads\/2021\/03\/Woerthersee.4Fotos-300x174.jpg 300w, https:\/\/seeroesl.at\/mtk\/wp-content\/uploads\/2021\/03\/Woerthersee.4Fotos-259x150.jpg 259w\" sizes=\"(max-width: 652px) 100vw, 652px\" \/><figcaption class=\"wp-element-caption\">Top Ausfl\u00fcge K\u00e4rnten \/ W\u00f6rthersee<\/figcaption><\/figure>\n<\/div>\n<\/div>\n\n\n<input type=\"button\" value=\"Go back\" class=\"alg_back_button_input \" style=\"\" onclick=\"window.history.back()\" \/>\n\n\n\n<p> <\/p>\n","protected":false},"excerpt":{"rendered":"<p>Urlaub in \u00d6sterreich - die sch\u00f6nsten Lieblingspl\u00e4tze in K\u00e4rnten Top Ausfl\u00fcge in K\u00e4rnten erleben Hier findet ihr eine gro\u00dfe Auswahl von \u00f6sterreichischen Urlaubsdestinationen, darunter auch die Top Ausfl\u00fcge in K\u00e4rnten. Wenn ihr Top Ausfl\u00fcge in K\u00e4rnten am W\u00f6rthersee sucht, werdet ihr hier f\u00fcndig. Weiteres d\u00fcrfen spannende St\u00e4dtetrips inkl. beeindruckende Kulturprogramme<a href=\"https:\/\/seeroesl.at\/mtk\/index.php\/sport-freizeit-in-kaernten\/top-ausfluege-kaernten\/\" class=\"read-more\">Read More ...<\/a><\/p>\n","protected":false},"author":1,"featured_media":1533,"parent":36,"menu_order":0,"comment_status":"closed","ping_status":"closed","template":"","meta":{"_glsr_average":0,"_glsr_ranking":0,"_glsr_reviews":0,"footnotes":""},"class_list":["post-40","page","type-page","status-publish","has-post-thumbnail","hentry"],"yoast_head":"<!-- This site is optimized with the Yoast SEO Premium plugin v24.0 (Yoast SEO v27.4) - https:\/\/yoast.com\/product\/yoast-seo-premium-wordpress\/ -->\n<title>Top Ausfl\u00fcge in K\u00e4rnten , sch\u00f6ne Wandertouren am W\u00f6rthersee<\/title>\n<meta name=\"description\" content=\"Entdecke die Top Ausfl\u00fcge in K\u00e4rnten: \u2705beeindruckende Bergpanoramen, \u2705kristallklare Fl\u00fcsse u. Seen \u2705magische Momente in d Natur. Tipps Sommer\" \/>\n<meta name=\"robots\" content=\"index, follow, max-snippet:-1, max-image-preview:large, max-video-preview:-1\" \/>\n<link rel=\"canonical\" href=\"https:\/\/seeroesl.at\/mtk\/index.php\/sport-freizeit-in-kaernten\/top-ausfluege-kaernten\/\" \/>\n<meta property=\"og:locale\" content=\"de_DE\" \/>\n<meta property=\"og:type\" content=\"article\" \/>\n<meta property=\"og:title\" content=\"Top Ausfl\u00fcge K\u00e4rnten\" \/>\n<meta property=\"og:description\" content=\"Entdecke die Top Ausfl\u00fcge in K\u00e4rnten: \u2705beeindruckende Bergpanoramen, \u2705kristallklare Fl\u00fcsse u. Seen \u2705magische Momente in d Natur. Tipps Sommer\" \/>\n<meta property=\"og:url\" content=\"https:\/\/seeroesl.at\/mtk\/index.php\/sport-freizeit-in-kaernten\/top-ausfluege-kaernten\/\" \/>\n<meta property=\"og:site_name\" content=\"W\u00f6rthersee Hotel Seer\u00f6sl\" \/>\n<meta property=\"article:publisher\" content=\"https:\/\/www.facebook.com\/www.seeroeslamwoerthersee.at\/\" \/>\n<meta property=\"article:modified_time\" content=\"2025-01-02T14:56:09+00:00\" \/>\n<meta property=\"og:image\" content=\"https:\/\/seeroesl.at\/mtk\/wp-content\/uploads\/2021\/03\/Woerthersee.4Fotos.jpg\" \/>\n\t<meta property=\"og:image:width\" content=\"652\" \/>\n\t<meta property=\"og:image:height\" content=\"378\" \/>\n\t<meta property=\"og:image:type\" content=\"image\/jpeg\" \/>\n<meta name=\"twitter:card\" content=\"summary_large_image\" \/>\n<meta name=\"twitter:label1\" content=\"Gesch\u00e4tzte Lesezeit\" \/>\n\t<meta name=\"twitter:data1\" content=\"2 Minuten\" \/>\n<!-- \/ Yoast SEO Premium plugin. -->","yoast_head_json":{"title":"Top Ausfl\u00fcge in K\u00e4rnten , sch\u00f6ne Wandertouren am W\u00f6rthersee","description":"Entdecke die Top Ausfl\u00fcge in K\u00e4rnten: \u2705beeindruckende Bergpanoramen, \u2705kristallklare Fl\u00fcsse u. Seen \u2705magische Momente in d Natur. Tipps Sommer","robots":{"index":"index","follow":"follow","max-snippet":"max-snippet:-1","max-image-preview":"max-image-preview:large","max-video-preview":"max-video-preview:-1"},"canonical":"https:\/\/seeroesl.at\/mtk\/index.php\/sport-freizeit-in-kaernten\/top-ausfluege-kaernten\/","og_locale":"de_DE","og_type":"article","og_title":"Top Ausfl\u00fcge K\u00e4rnten","og_description":"Entdecke die Top Ausfl\u00fcge in K\u00e4rnten: \u2705beeindruckende Bergpanoramen, \u2705kristallklare Fl\u00fcsse u. Seen \u2705magische Momente in d Natur. Tipps Sommer","og_url":"https:\/\/seeroesl.at\/mtk\/index.php\/sport-freizeit-in-kaernten\/top-ausfluege-kaernten\/","og_site_name":"W\u00f6rthersee Hotel Seer\u00f6sl","article_publisher":"https:\/\/www.facebook.com\/www.seeroeslamwoerthersee.at\/","article_modified_time":"2025-01-02T14:56:09+00:00","og_image":[{"width":652,"height":378,"url":"https:\/\/seeroesl.at\/mtk\/wp-content\/uploads\/2021\/03\/Woerthersee.4Fotos.jpg","type":"image\/jpeg"}],"twitter_card":"summary_large_image","twitter_misc":{"Gesch\u00e4tzte Lesezeit":"2 Minuten"},"schema":{"@context":"https:\/\/schema.org","@graph":[{"@type":"WebPage","@id":"https:\/\/seeroesl.at\/mtk\/index.php\/sport-freizeit-in-kaernten\/top-ausfluege-kaernten\/","url":"https:\/\/seeroesl.at\/mtk\/index.php\/sport-freizeit-in-kaernten\/top-ausfluege-kaernten\/","name":"Top Ausfl\u00fcge in K\u00e4rnten , sch\u00f6ne Wandertouren am W\u00f6rthersee","isPartOf":{"@id":"https:\/\/seeroesl.at\/mtk\/#website"},"primaryImageOfPage":{"@id":"https:\/\/seeroesl.at\/mtk\/index.php\/sport-freizeit-in-kaernten\/top-ausfluege-kaernten\/#primaryimage"},"image":{"@id":"https:\/\/seeroesl.at\/mtk\/index.php\/sport-freizeit-in-kaernten\/top-ausfluege-kaernten\/#primaryimage"},"thumbnailUrl":"https:\/\/seeroesl.at\/mtk\/wp-content\/uploads\/2021\/03\/Woerthersee.4Fotos.jpg","datePublished":"2021-01-12T15:20:28+00:00","dateModified":"2025-01-02T14:56:09+00:00","description":"Entdecke die Top Ausfl\u00fcge in K\u00e4rnten: \u2705beeindruckende Bergpanoramen, \u2705kristallklare Fl\u00fcsse u. Seen \u2705magische Momente in d Natur. Tipps Sommer","breadcrumb":{"@id":"https:\/\/seeroesl.at\/mtk\/index.php\/sport-freizeit-in-kaernten\/top-ausfluege-kaernten\/#breadcrumb"},"inLanguage":"de-AT","potentialAction":[{"@type":"ReadAction","target":["https:\/\/seeroesl.at\/mtk\/index.php\/sport-freizeit-in-kaernten\/top-ausfluege-kaernten\/"]}]},{"@type":"ImageObject","inLanguage":"de-AT","@id":"https:\/\/seeroesl.at\/mtk\/index.php\/sport-freizeit-in-kaernten\/top-ausfluege-kaernten\/#primaryimage","url":"https:\/\/seeroesl.at\/mtk\/wp-content\/uploads\/2021\/03\/Woerthersee.4Fotos.jpg","contentUrl":"https:\/\/seeroesl.at\/mtk\/wp-content\/uploads\/2021\/03\/Woerthersee.4Fotos.jpg","width":652,"height":378,"caption":"Top Ausfl\u00fcge K\u00e4rnten W\u00f6rthersee"},{"@type":"BreadcrumbList","@id":"https:\/\/seeroesl.at\/mtk\/index.php\/sport-freizeit-in-kaernten\/top-ausfluege-kaernten\/#breadcrumb","itemListElement":[{"@type":"ListItem","position":1,"name":"Home","item":"https:\/\/seeroesl.at\/mtk\/"},{"@type":"ListItem","position":2,"name":"Sport &#038; Freizeit in K\u00e4rnten","item":"https:\/\/seeroesl.at\/mtk\/index.php\/sport-freizeit-in-kaernten\/"},{"@type":"ListItem","position":3,"name":"Top Ausfl\u00fcge K\u00e4rnten"}]},{"@type":"WebSite","@id":"https:\/\/seeroesl.at\/mtk\/#website","url":"https:\/\/seeroesl.at\/mtk\/","name":"W\u00f6rthersee ~ Hotel Garni Seer\u00f6sl | W\u00f6rthersee Urlaub | K\u00e4rnten","description":"Hotel Garni Seer\u00f6sl am W\u00f6rthersee | Urlaub in K\u00e4rnten | \u00d6sterreich","publisher":{"@id":"https:\/\/seeroesl.at\/mtk\/#organization"},"alternateName":"Hotel Seer\u00f6sl | W\u00f6rthersee","potentialAction":[{"@type":"SearchAction","target":{"@type":"EntryPoint","urlTemplate":"https:\/\/seeroesl.at\/mtk\/?s={search_term_string}"},"query-input":{"@type":"PropertyValueSpecification","valueRequired":true,"valueName":"search_term_string"}}],"inLanguage":"de-AT"},{"@type":"Organization","@id":"https:\/\/seeroesl.at\/mtk\/#organization","name":"W\u00f6rthersee Hotel Seer\u00f6sl","url":"https:\/\/seeroesl.at\/mtk\/","logo":{"@type":"ImageObject","inLanguage":"de-AT","@id":"https:\/\/seeroesl.at\/mtk\/#\/schema\/logo\/image\/","url":"https:\/\/seeroesl.at\/mtk\/wp-content\/uploads\/2021\/02\/cropped-Header-Logo-Seerosl-website.png","contentUrl":"https:\/\/seeroesl.at\/mtk\/wp-content\/uploads\/2021\/02\/cropped-Header-Logo-Seerosl-website.png","width":512,"height":512,"caption":"W\u00f6rthersee Hotel Seer\u00f6sl"},"image":{"@id":"https:\/\/seeroesl.at\/mtk\/#\/schema\/logo\/image\/"},"sameAs":["https:\/\/www.facebook.com\/www.seeroeslamwoerthersee.at\/","https:\/\/www.instagram.com\/seeroesl.at\/?hl=de","https:\/\/www.pinterest.at\/Seeroesl\/_created","https:\/\/www.youtube.com\/channel\/UCPZp8pLUNLKgbrSm8gmBF-w","https:\/\/seeroesl.at\/mtk\/index.php\/urlaub-am-woerthersee-hotel-seeroesl-kontakt\/bewertungen-seeroesl-hotel-star-rating\/"],"publishingPrinciples":"https:\/\/seeroesl.at\/mtk\/"}]}},"_links":{"self":[{"href":"https:\/\/seeroesl.at\/mtk\/index.php\/wp-json\/wp\/v2\/pages\/40","targetHints":{"allow":["GET"]}}],"collection":[{"href":"https:\/\/seeroesl.at\/mtk\/index.php\/wp-json\/wp\/v2\/pages"}],"about":[{"href":"https:\/\/seeroesl.at\/mtk\/index.php\/wp-json\/wp\/v2\/types\/page"}],"author":[{"embeddable":true,"href":"https:\/\/seeroesl.at\/mtk\/index.php\/wp-json\/wp\/v2\/users\/1"}],"replies":[{"embeddable":true,"href":"https:\/\/seeroesl.at\/mtk\/index.php\/wp-json\/wp\/v2\/comments?post=40"}],"version-history":[{"count":12,"href":"https:\/\/seeroesl.at\/mtk\/index.php\/wp-json\/wp\/v2\/pages\/40\/revisions"}],"predecessor-version":[{"id":5008,"href":"https:\/\/seeroesl.at\/mtk\/index.php\/wp-json\/wp\/v2\/pages\/40\/revisions\/5008"}],"up":[{"embeddable":true,"href":"https:\/\/seeroesl.at\/mtk\/index.php\/wp-json\/wp\/v2\/pages\/36"}],"wp:featuredmedia":[{"embeddable":true,"href":"https:\/\/seeroesl.at\/mtk\/index.php\/wp-json\/wp\/v2\/media\/1533"}],"wp:attachment":[{"href":"https:\/\/seeroesl.at\/mtk\/index.php\/wp-json\/wp\/v2\/media?parent=40"}],"curies":[{"name":"wp","href":"https:\/\/api.w.org\/{rel}","templated":true}]}}