{"id":4030,"date":"2024-02-17T16:55:05","date_gmt":"2024-02-17T16:55:05","guid":{"rendered":"https:\/\/seeroesl.at\/mtk\/?page_id=4030"},"modified":"2026-04-13T19:40:11","modified_gmt":"2026-04-13T19:40:11","slug":"woerthersee-event-unterkunft-hotel-anfrage-seeroesl-am-woerthersee","status":"publish","type":"page","link":"https:\/\/seeroesl.at\/mtk\/index.php\/woerthersee-event-unterkunft-hotel-anfrage-seeroesl-am-woerthersee\/","title":{"rendered":"W\u00f6rthersee Event Unterkunft : Hotel Seer\u00f6sl am W\u00f6rthersee"},"content":{"rendered":"\n<h2 class=\"wp-block-heading\" id=\"h-ironman-karnten-klagenfurt-starnacht-worthersee-harley-treffen-faaker-see-worthersee-und-vieles-mehr\">Ironman K\u00e4rnten-Klagenfurt, Starnacht W\u00f6rthersee,  Harley Treffen Faaker See \/ W\u00f6rthersee und vieles mehr ...<\/h2>\n\n\n\n<div class=\"wp-block-columns is-layout-flex wp-container-core-columns-is-layout-9d6595d7 wp-block-columns-is-layout-flex\">\n<div class=\"wp-block-column is-vertically-aligned-center is-layout-flow wp-block-column-is-layout-flow\" style=\"flex-basis:66.66%\"><div class=\"wp-block-image\">\n<figure class=\"alignleft size-full is-resized\"><img decoding=\"async\" width=\"512\" height=\"512\" src=\"https:\/\/seeroesl.at\/mtk\/wp-content\/uploads\/2021\/02\/cropped-Header-Logo-Seerosl-website.png\" alt=\"\" class=\"wp-image-2320\" style=\"width:159px;height:auto\" srcset=\"https:\/\/seeroesl.at\/mtk\/wp-content\/uploads\/2021\/02\/cropped-Header-Logo-Seerosl-website.png 512w, https:\/\/seeroesl.at\/mtk\/wp-content\/uploads\/2021\/02\/cropped-Header-Logo-Seerosl-website-300x300.png 300w, https:\/\/seeroesl.at\/mtk\/wp-content\/uploads\/2021\/02\/cropped-Header-Logo-Seerosl-website-150x150.png 150w, https:\/\/seeroesl.at\/mtk\/wp-content\/uploads\/2021\/02\/cropped-Header-Logo-Seerosl-website-270x270.png 270w, https:\/\/seeroesl.at\/mtk\/wp-content\/uploads\/2021\/02\/cropped-Header-Logo-Seerosl-website-192x192.png 192w, https:\/\/seeroesl.at\/mtk\/wp-content\/uploads\/2021\/02\/cropped-Header-Logo-Seerosl-website-180x180.png 180w, https:\/\/seeroesl.at\/mtk\/wp-content\/uploads\/2021\/02\/cropped-Header-Logo-Seerosl-website-32x32.png 32w\" sizes=\"(max-width: 512px) 100vw, 512px\" \/><\/figure>\n<\/div><\/div>\n\n\n\n<div class=\"wp-block-column is-layout-flow wp-block-column-is-layout-flow\" style=\"flex-basis:33.33%\"><\/div>\n<\/div>\n\n\n\n<p>Aufgrund der hervorragenden Top-Lage ist das Hotel-Garni Seer\u00f6sl in Krumpendorf die perfekte Unterkunft f\u00fcr das n\u00e4chste W\u00f6rthersee-Sommer-Event!<\/p>\n\n\n\n<p><strong><em>Wir empfehlen eine fr\u00fchzeitige Buchung , da wir zu den Eventzeiten schnell ausgebucht sind!<\/em> <em>Am besten gleich nach Ticketkauf auch gleich das Hotelzimmer  dazu<a href=\"https:\/\/seeroesl.at\/mtk\/index.php\/hotel-garni-seeroesl-krumpendorf-am-woerthersee-online-buchen\/urlaubsanfrage\/\">buchen<\/a><\/em>!<\/strong><\/p>\n\n\n\n<h2 class=\"wp-block-heading\" id=\"h-ironman-karnten-klagenfurt-austria-triathlon-event-14-06-2026\">Ironman K\u00e4rnten-Klagenfurt, Austria Triathlon Event 14.06.2026<\/h2>\n\n\n\n<h3 class=\"wp-block-heading\" id=\"h-umrandet-von-der-ironman-strecke-in-the-middle-of-the-ironman-running-course-direkt-an-der-laufstrecke-befindet-sich-das-hotel-garni-seerosl-in-krumpendorf-am-worthersee\"><strong>Umrandet von der Ironman Strecke - in the middle of the <a href=\"https:\/\/www.ironman.com\/races\/im-austria\/course#run\" type=\"link\" id=\"https:\/\/www.ironman.com\/races\/im-austria\/course#run\">Ironman running course<\/a><a href=\"https:\/\/www.ironman.com\/im-austria-course\"> <\/a>\u2013 direkt an der Laufstrecke , befindet sich das Hotel-Garni Seer\u00f6sl<\/strong> <strong>in Krumpendorf am W\u00f6rthersee<\/strong>.<\/h3>\n\n\n\n<h3 class=\"wp-block-heading has-text-align-left\" id=\"h-official-ironman-austria-run-course-hotel-garni-seerosl-krumpendorf\">Official Ironman Austria RUN COURSE Hotel Garni Seer\u00f6sl | Krumpendorf<\/h3>\n\n\n\n<p><a href=\"http:\/\/\" type=\"link\" id=\"http:\/\/\">\ud83c\udfca\u200d\u2640\ufe0f\ud83d\udeb4\u200d\u2640\ufe0f\ud83c\udfc3\ud83c\udffd<\/a><\/p>\n\n\n\n<ul class=\"wp-block-list\">\n<li class=\"has-medium-font-size\">Zur Schwimmstrecke<a href=\"https:\/\/www.ironman.com\/races\/im-austria\/course#swim\" type=\"link\" id=\"https:\/\/www.ironman.com\/races\/im-austria\/course#swim\"> ( Swim Course)<\/a><\/li>\n\n\n\n<li>Zur Radstrecke <a href=\"https:\/\/www.ironman.com\/races\/im-austria\/course#bike\" type=\"link\" id=\"https:\/\/www.ironman.com\/races\/im-austria\/course#bike\">(Biker Course)<\/a><\/li>\n\n\n\n<li>Zur Rennstrecke ( <a href=\"https:\/\/www.ironman.com\/races\/im-austria\/course#run\" type=\"link\" id=\"https:\/\/www.ironman.com\/races\/im-austria\/course#run\">Run Course)<\/a><\/li>\n<\/ul>\n\n\n\n<h3 class=\"wp-block-heading\" id=\"h-vorteile-fur-ironman-athleten-oder-ironman-fans\"><strong>Vorteile f\u00fcr Ironman Athleten oder  Ironman Fans<\/strong><\/h3>\n\n\n\n<ul class=\"wp-block-list\">\n<li class=\"has-medium-font-size\">Seer\u00f6sl Fr\u00fchbucherrabatt sichern \u2013 bei direkter Buchung<\/li>\n\n\n\n<li class=\"has-medium-font-size\">Fr\u00fchst\u00fcck bereits ab 4:00 am Ironman Tag f\u00fcr die Athlethen<\/li>\n\n\n\n<li class=\"has-medium-font-size\">Das Bike darf auf das eigene Zimmer oder am Zimmerbalkon mitgenommen werden<\/li>\n\n\n\n<li class=\"has-medium-font-size\">Eigener W\u00e4schest\u00e4nder am Zimmerbalkon - der Triathlon Anzug trocknet problemlos<\/li>\n\n\n\n<li class=\"has-medium-font-size\">Gro\u00dfer Zimmerk\u00fchlschrank+ Gefrierfunktion - f\u00fcr Triathlon Ern\u00e4hrung oder Getr\u00e4nke<\/li>\n\n\n\n<li class=\"has-medium-font-size\">Kostenloser Hausparkplatz vorhanden<\/li>\n\n\n\n<li class=\"has-medium-font-size\">Gem\u00fctliche, sonnige Liegewiese oder relaxen am See ( siehe <a href=\"https:\/\/seeroesl.at\/mtk\/index.php\/woerthersee-kaernten\/\">Strandpavillon u. Seer\u00f6sl Inklusivleistungen)<\/a><\/li>\n\n\n\n<li class=\"has-medium-font-size\">Nur ein paar Minuten vom Ironman Start entfernt<\/li>\n<\/ul>\n\n\n\n<h3 class=\"wp-block-heading\" id=\"h-gratis-ironman-feeling-auch-fur-die-zuschauer\"><strong>Gratis Ironman Feeling auch f\u00fcr die Zuschauer!<\/strong><\/h3>\n\n\n\n<p>Da die Laufstrecke durch Krumpendorf f\u00fchrt, k\u00f6nnen Sie die Laufstrecke hautnah miterleben. Wir befinden uns mitten im Geschehen. Gleich direkt an der offiziellen Ironman Strecke ( Heinzelweg 19) befindet sich das Hotel-Garni Seer\u00f6sl. Das Ironman Feeling h\u00f6ren Sie quasi schon vom Zimmerbalkon aus. <\/p>\n\n\n\n<p class=\"has-medium-font-size\"><strong>Jetzt =&gt;  <a href=\"https:\/\/seeroesl.at\/mtk\/index.php\/hotel-garni-seeroesl-krumpendorf-am-woerthersee-online-buchen\/urlaubsanfrage\/\">anfragen<\/a><\/strong> <\/p>\n\n\n\n<p><strong><em>Achtung:  Unsere Ironman Specials erhalten Sie nur per Mail  -  direkte Anfrage!<\/em><\/strong><\/p>\n\n\n\n<h2 class=\"wp-block-heading\" id=\"h-master-of-dirt-freestyle-firestorm-klagenfurt-worthersee-stadion\"><strong>Master of Dirt -Freestyle Firestorm \u2013 Klagenfurt W\u00f6rthersee Stadion \ud83c\udfdf<\/strong> <a href=\"http:\/\/seeroesl.at\">\ud83c\udfcd\ufe0f<\/a><\/h2>\n\n\n\n<p id=\"h-master-of-dirt-freestyle-firestorm-klagenfurt-worthersee-stadion\"><\/p>\n\n\n\n<h2 class=\"wp-block-heading\" id=\"h-27-juni-2026\">27. Juni 2026 <\/h2>\n\n\n\n<figure class=\"wp-block-image size-full is-resized\"><img decoding=\"async\" width=\"1034\" height=\"493\" src=\"https:\/\/seeroesl.at\/mtk\/wp-content\/uploads\/2024\/02\/Woerthersee.Stadion.28.Black_.Arenea.Hotel_.Seeroesl.jpg\" alt=\"\" class=\"wp-image-4049\" style=\"width:714px;height:auto\" srcset=\"https:\/\/seeroesl.at\/mtk\/wp-content\/uploads\/2024\/02\/Woerthersee.Stadion.28.Black_.Arenea.Hotel_.Seeroesl.jpg 1034w, https:\/\/seeroesl.at\/mtk\/wp-content\/uploads\/2024\/02\/Woerthersee.Stadion.28.Black_.Arenea.Hotel_.Seeroesl-300x143.jpg 300w, https:\/\/seeroesl.at\/mtk\/wp-content\/uploads\/2024\/02\/Woerthersee.Stadion.28.Black_.Arenea.Hotel_.Seeroesl-1024x488.jpg 1024w, https:\/\/seeroesl.at\/mtk\/wp-content\/uploads\/2024\/02\/Woerthersee.Stadion.28.Black_.Arenea.Hotel_.Seeroesl-768x366.jpg 768w\" sizes=\"(max-width: 1034px) 100vw, 1034px\" \/><figcaption class=\"wp-element-caption\">Quelle: Google Maps<\/figcaption><\/figure>\n\n\n\n<h2 class=\"wp-block-heading\" id=\"h-konzert-events-live-musik-am-worthersee-sommer-2026\"><strong>Konzert Events \u2013 Live Musik am W\u00f6rthersee | Sommer 2026 <\/strong><\/h2>\n\n\n\n<h3 class=\"wp-block-heading\" id=\"h-starnacht-am-worthersee-10-11-juli-2026\"><strong>Starnacht am W\u00f6rthersee 10. \/ 11. Juli 2026<\/strong><\/h3>\n\n\n\n<p>Ein absolutes musikalisches Highlight ist die legend\u00e4re Starnacht am W\u00f6rthersee in Klagenfurt. Das Konzert ist ein gem\u00fctlicher Spaziergang von uns entfernt. Auch die Busverbindung ist ideal! Ca. 3 km entfernt \/ 20 Gehminuten oder 10 Minuten mit dem Bus.<\/p>\n\n\n\n<h3 class=\"wp-block-heading\" id=\"h-zur-nbsp-nbsp-starnacht-worthersee-ostbucht-klagenfurt\">Zur <a href=\"https:\/\/www.starnacht.tv\/startnacht-am-woerthersee\/tickets\/\">\u2b50&nbsp;&nbsp; Starnacht  W\u00f6rthersee \/ Ostbucht Klagenfurt<\/a> <\/h3>\n\n\n\n<p><strong>Bushaltestelle Ausstieg  &gt;&gt; Hotel W\u00f6rthersee<\/strong> &lt;&lt;<\/p>\n\n\n\n<figure class=\"wp-block-image size-full is-resized\"><img decoding=\"async\" width=\"1123\" height=\"344\" src=\"https:\/\/seeroesl.at\/mtk\/wp-content\/uploads\/2024\/02\/Starnacht.Woerthersee.Hotel_.Seeroesl.jpg\" alt=\"\" class=\"wp-image-4047\" style=\"width:777px;height:auto\" srcset=\"https:\/\/seeroesl.at\/mtk\/wp-content\/uploads\/2024\/02\/Starnacht.Woerthersee.Hotel_.Seeroesl.jpg 1123w, https:\/\/seeroesl.at\/mtk\/wp-content\/uploads\/2024\/02\/Starnacht.Woerthersee.Hotel_.Seeroesl-300x92.jpg 300w, https:\/\/seeroesl.at\/mtk\/wp-content\/uploads\/2024\/02\/Starnacht.Woerthersee.Hotel_.Seeroesl-1024x314.jpg 1024w, https:\/\/seeroesl.at\/mtk\/wp-content\/uploads\/2024\/02\/Starnacht.Woerthersee.Hotel_.Seeroesl-768x235.jpg 768w\" sizes=\"(max-width: 1123px) 100vw, 1123px\" \/><figcaption class=\"wp-element-caption\">Quelle: Google Maps<\/figcaption><\/figure>\n\n\n\n<h3 class=\"wp-block-heading\" id=\"h-weitere-acts-open-air-am-worthersee-ostbucht-klagenfurt\"><strong>Weitere Acts: Open Air am W\u00f6rthersee \/ Ostbucht Klagenfurt<\/strong><\/h3>\n\n\n\n<ul class=\"wp-block-list\">\n<li class=\"has-medium-font-size\"><strong>03.07. Matakustix Show <\/strong><\/li>\n\n\n\n<li class=\"has-medium-font-size\"><strong>05.07. Melissa Naschenweng<\/strong><\/li>\n\n\n\n<li class=\"has-medium-font-size\"><strong>04.07. Andreas Gabalier<\/strong><\/li>\n<\/ul>\n\n\n\n<p><\/p>\n\n\n\n<h3 class=\"wp-block-heading\" id=\"h-fete-blanche-party-sommer-highlight-am-worthersee-juli-2026\"><strong>Fete Blanche \u2013 Party Sommer Highlight am W\u00f6rthersee \u2013 Juli 2026<\/strong><\/h3>\n\n\n\n<p><strong>Ca. 9 km von uns entfernt.<\/strong><\/p>\n\n\n\n<p>Dresscode \u2013 only white! Es wird wieder legend\u00e4r am W\u00f6rthersee. Freut euch auf eine unvergessliche Party!<\/p>\n\n\n\n<figure class=\"wp-block-image size-full is-resized\"><img decoding=\"async\" width=\"1029\" height=\"329\" src=\"https:\/\/seeroesl.at\/mtk\/wp-content\/uploads\/2024\/02\/Fete.Blanche.Woerthersee.Hotel_.Seeroesl.jpg\" alt=\"\" class=\"wp-image-4050\" style=\"width:674px;height:auto\" srcset=\"https:\/\/seeroesl.at\/mtk\/wp-content\/uploads\/2024\/02\/Fete.Blanche.Woerthersee.Hotel_.Seeroesl.jpg 1029w, https:\/\/seeroesl.at\/mtk\/wp-content\/uploads\/2024\/02\/Fete.Blanche.Woerthersee.Hotel_.Seeroesl-300x96.jpg 300w, https:\/\/seeroesl.at\/mtk\/wp-content\/uploads\/2024\/02\/Fete.Blanche.Woerthersee.Hotel_.Seeroesl-1024x327.jpg 1024w, https:\/\/seeroesl.at\/mtk\/wp-content\/uploads\/2024\/02\/Fete.Blanche.Woerthersee.Hotel_.Seeroesl-768x246.jpg 768w\" sizes=\"(max-width: 1029px) 100vw, 1029px\" \/><figcaption class=\"wp-element-caption\">Quelle: Google Maps<\/figcaption><\/figure>\n\n\n\n<h3 class=\"wp-block-heading\" id=\"h-\"><\/h3>\n\n\n\n<h3 class=\"wp-block-heading\" id=\"h-european-bike-week-harley-treffen-am-faaker-see-ca-30-km-entfernt\"><strong>European Bike Week \/ Harley Treffen am Faaker See<\/strong> (ca. 30 km entfernt)<a href=\"http:\/\/seeroesl.at\">\ud83c\udfcd\ufe0f\u270c\ud83c\udffc<\/a><\/h3>\n\n\n\n<h3 class=\"wp-block-heading\" id=\"h-08-09-bis-13-09-2026-oder-harley-week-in-velden-am-worthersee-ca-12km-entfernt\">08.09 bis 13.09.2026 <strong>oder Harley Week in Velden am W\u00f6rthersee<\/strong> (ca. 12km entfernt)<\/h3>\n\n\n\n<figure class=\"wp-block-image size-full is-resized\"><img decoding=\"async\" width=\"1013\" height=\"356\" src=\"https:\/\/seeroesl.at\/mtk\/wp-content\/uploads\/2024\/02\/Harley.Week_.Faaker.See_.Woertherse.Velden.Hotel_.Seeroesl.jpg\" alt=\"\" class=\"wp-image-4054\" style=\"width:720px;height:auto\" srcset=\"https:\/\/seeroesl.at\/mtk\/wp-content\/uploads\/2024\/02\/Harley.Week_.Faaker.See_.Woertherse.Velden.Hotel_.Seeroesl.jpg 1013w, https:\/\/seeroesl.at\/mtk\/wp-content\/uploads\/2024\/02\/Harley.Week_.Faaker.See_.Woertherse.Velden.Hotel_.Seeroesl-300x105.jpg 300w, https:\/\/seeroesl.at\/mtk\/wp-content\/uploads\/2024\/02\/Harley.Week_.Faaker.See_.Woertherse.Velden.Hotel_.Seeroesl-768x270.jpg 768w\" sizes=\"(max-width: 1013px) 100vw, 1013px\" \/><figcaption class=\"wp-element-caption\">Quelle: Google Maps<\/figcaption><\/figure>\n\n\n\n<p><\/p>\n\n\n\n<h3 class=\"wp-block-heading\" id=\"h-weitere-worthersee-events-konzerte-nbsp-siehe\">Weitere W\u00f6rthersee Events \/ Konzerte &nbsp;siehe<\/h3>\n\n\n\n<h3 class=\"wp-block-heading\" id=\"h-aktuelle-worthersee-event-liste-2026\"><a href=\"https:\/\/seeroesl.at\/mtk\/index.php\/woerthersee-top-events-2026-kaernten-veranstaltungen\/\" type=\"link\" id=\"https:\/\/seeroesl.at\/mtk\/index.php\/woerthersee-top-events-2026-kaernten-veranstaltungen\/\"><strong>aktuelle W\u00f6rthersee Event-Liste 2026<\/strong><\/a><\/h3>\n\n\n\n<p><\/p>\n\n\n\n<h2 class=\"wp-block-heading\" id=\"h-zimmer-event-anfrage-bitte-per-mail-info-seeroesl-at-oder-per-onlineformular\">Zimmer-Event-Anfrage bitte per Mail info@seeroesl.at oder per <a href=\"https:\/\/seeroesl.at\/mtk\/index.php\/hotel-garni-seeroesl-krumpendorf-am-woerthersee-online-buchen\/urlaubsanfrage\/\">Onlineformular<\/a><\/h2>\n","protected":false},"excerpt":{"rendered":"<p>Ironman K\u00e4rnten-Klagenfurt, Starnacht W\u00f6rthersee, Harley Treffen Faaker See \/ W\u00f6rthersee und vieles mehr ... Aufgrund der hervorragenden Top-Lage ist das Hotel-Garni Seer\u00f6sl in Krumpendorf die perfekte Unterkunft f\u00fcr das n\u00e4chste W\u00f6rthersee-Sommer-Event! Wir empfehlen eine fr\u00fchzeitige Buchung , da wir zu den Eventzeiten schnell ausgebucht sind! Am besten gleich nach Ticketkauf<a href=\"https:\/\/seeroesl.at\/mtk\/index.php\/woerthersee-event-unterkunft-hotel-anfrage-seeroesl-am-woerthersee\/\" class=\"read-more\">Read More ...<\/a><\/p>\n","protected":false},"author":1,"featured_media":0,"parent":0,"menu_order":0,"comment_status":"closed","ping_status":"closed","template":"","meta":{"_glsr_average":0,"_glsr_ranking":0,"_glsr_reviews":0,"footnotes":""},"class_list":["post-4030","page","type-page","status-publish","hentry"],"yoast_head":"<!-- This site is optimized with the Yoast SEO Premium plugin v24.0 (Yoast SEO v27.4) - https:\/\/yoast.com\/product\/yoast-seo-premium-wordpress\/ -->\n<title>W\u00f6rthersee Event Unterkunft : Hotel Seer\u00f6sl am W\u00f6rthersee &#187; W\u00f6rthersee Hotel Seer\u00f6sl<\/title>\n<meta name=\"description\" content=\"W\u00f6rthersee Event Hotel Anfrage \ud83d\udc4d Ironman Klagenfurt, Starnacht W\u00f6rthersee, Nik P. &amp; Band, Sportwagen Festival Velden , Harley Bike Week \ud83d\udc40\" \/>\n<meta name=\"robots\" content=\"index, follow, max-snippet:-1, max-image-preview:large, max-video-preview:-1\" \/>\n<link rel=\"canonical\" href=\"https:\/\/seeroesl.at\/mtk\/index.php\/woerthersee-event-unterkunft-hotel-anfrage-seeroesl-am-woerthersee\/\" \/>\n<meta property=\"og:locale\" content=\"de_DE\" \/>\n<meta property=\"og:type\" content=\"article\" \/>\n<meta property=\"og:title\" content=\"W\u00f6rthersee Event Unterkunft : Hotel Seer\u00f6sl am W\u00f6rthersee\" \/>\n<meta property=\"og:description\" content=\"W\u00f6rthersee Event Hotel Anfrage \ud83d\udc4d Ironman Klagenfurt, Starnacht W\u00f6rthersee, Nik P. &amp; Band, Sportwagen Festival Velden , Harley Bike Week \ud83d\udc40\" \/>\n<meta property=\"og:url\" content=\"https:\/\/seeroesl.at\/mtk\/index.php\/woerthersee-event-unterkunft-hotel-anfrage-seeroesl-am-woerthersee\/\" \/>\n<meta property=\"og:site_name\" content=\"W\u00f6rthersee Hotel Seer\u00f6sl\" \/>\n<meta property=\"article:publisher\" content=\"https:\/\/www.facebook.com\/www.seeroeslamwoerthersee.at\/\" \/>\n<meta property=\"article:modified_time\" content=\"2026-04-13T19:40:11+00:00\" \/>\n<meta property=\"og:image\" content=\"https:\/\/seeroesl.at\/mtk\/wp-content\/uploads\/2021\/02\/cropped-Header-Logo-Seerosl-website.png\" \/>\n\t<meta property=\"og:image:width\" content=\"512\" \/>\n\t<meta property=\"og:image:height\" content=\"512\" \/>\n\t<meta property=\"og:image:type\" content=\"image\/png\" \/>\n<meta name=\"twitter:card\" content=\"summary_large_image\" \/>\n<meta name=\"twitter:label1\" content=\"Gesch\u00e4tzte Lesezeit\" \/>\n\t<meta name=\"twitter:data1\" content=\"4 Minuten\" \/>\n<!-- \/ Yoast SEO Premium plugin. -->","yoast_head_json":{"title":"W\u00f6rthersee Event Unterkunft : Hotel Seer\u00f6sl am W\u00f6rthersee &#187; W\u00f6rthersee Hotel Seer\u00f6sl","description":"W\u00f6rthersee Event Hotel Anfrage \ud83d\udc4d Ironman Klagenfurt, Starnacht W\u00f6rthersee, Nik P. & Band, Sportwagen Festival Velden , Harley Bike Week \ud83d\udc40","robots":{"index":"index","follow":"follow","max-snippet":"max-snippet:-1","max-image-preview":"max-image-preview:large","max-video-preview":"max-video-preview:-1"},"canonical":"https:\/\/seeroesl.at\/mtk\/index.php\/woerthersee-event-unterkunft-hotel-anfrage-seeroesl-am-woerthersee\/","og_locale":"de_DE","og_type":"article","og_title":"W\u00f6rthersee Event Unterkunft : Hotel Seer\u00f6sl am W\u00f6rthersee","og_description":"W\u00f6rthersee Event Hotel Anfrage \ud83d\udc4d Ironman Klagenfurt, Starnacht W\u00f6rthersee, Nik P. & Band, Sportwagen Festival Velden , Harley Bike Week \ud83d\udc40","og_url":"https:\/\/seeroesl.at\/mtk\/index.php\/woerthersee-event-unterkunft-hotel-anfrage-seeroesl-am-woerthersee\/","og_site_name":"W\u00f6rthersee Hotel Seer\u00f6sl","article_publisher":"https:\/\/www.facebook.com\/www.seeroeslamwoerthersee.at\/","article_modified_time":"2026-04-13T19:40:11+00:00","og_image":[{"width":512,"height":512,"url":"https:\/\/seeroesl.at\/mtk\/wp-content\/uploads\/2021\/02\/cropped-Header-Logo-Seerosl-website.png","type":"image\/png"}],"twitter_card":"summary_large_image","twitter_misc":{"Gesch\u00e4tzte Lesezeit":"4 Minuten"},"schema":{"@context":"https:\/\/schema.org","@graph":[{"@type":"WebPage","@id":"https:\/\/seeroesl.at\/mtk\/index.php\/woerthersee-event-unterkunft-hotel-anfrage-seeroesl-am-woerthersee\/","url":"https:\/\/seeroesl.at\/mtk\/index.php\/woerthersee-event-unterkunft-hotel-anfrage-seeroesl-am-woerthersee\/","name":"W\u00f6rthersee Event Unterkunft : Hotel Seer\u00f6sl am W\u00f6rthersee &#187; W\u00f6rthersee Hotel Seer\u00f6sl","isPartOf":{"@id":"https:\/\/seeroesl.at\/mtk\/#website"},"primaryImageOfPage":{"@id":"https:\/\/seeroesl.at\/mtk\/index.php\/woerthersee-event-unterkunft-hotel-anfrage-seeroesl-am-woerthersee\/#primaryimage"},"image":{"@id":"https:\/\/seeroesl.at\/mtk\/index.php\/woerthersee-event-unterkunft-hotel-anfrage-seeroesl-am-woerthersee\/#primaryimage"},"thumbnailUrl":"https:\/\/seeroesl.at\/mtk\/wp-content\/uploads\/2021\/02\/cropped-Header-Logo-Seerosl-website.png","datePublished":"2024-02-17T16:55:05+00:00","dateModified":"2026-04-13T19:40:11+00:00","description":"W\u00f6rthersee Event Hotel Anfrage \ud83d\udc4d Ironman Klagenfurt, Starnacht W\u00f6rthersee, Nik P. & Band, Sportwagen Festival Velden , Harley Bike Week \ud83d\udc40","breadcrumb":{"@id":"https:\/\/seeroesl.at\/mtk\/index.php\/woerthersee-event-unterkunft-hotel-anfrage-seeroesl-am-woerthersee\/#breadcrumb"},"inLanguage":"de-AT","potentialAction":[{"@type":"ReadAction","target":["https:\/\/seeroesl.at\/mtk\/index.php\/woerthersee-event-unterkunft-hotel-anfrage-seeroesl-am-woerthersee\/"]}]},{"@type":"ImageObject","inLanguage":"de-AT","@id":"https:\/\/seeroesl.at\/mtk\/index.php\/woerthersee-event-unterkunft-hotel-anfrage-seeroesl-am-woerthersee\/#primaryimage","url":"https:\/\/seeroesl.at\/mtk\/wp-content\/uploads\/2021\/02\/cropped-Header-Logo-Seerosl-website.png","contentUrl":"https:\/\/seeroesl.at\/mtk\/wp-content\/uploads\/2021\/02\/cropped-Header-Logo-Seerosl-website.png","width":512,"height":512,"caption":"W\u00f6rthersee Hotel Seer\u00f6sl buchen Urlaub"},{"@type":"BreadcrumbList","@id":"https:\/\/seeroesl.at\/mtk\/index.php\/woerthersee-event-unterkunft-hotel-anfrage-seeroesl-am-woerthersee\/#breadcrumb","itemListElement":[{"@type":"ListItem","position":1,"name":"Home","item":"https:\/\/seeroesl.at\/mtk\/"},{"@type":"ListItem","position":2,"name":"W\u00f6rthersee Event Unterkunft : Hotel Seer\u00f6sl am W\u00f6rthersee"}]},{"@type":"WebSite","@id":"https:\/\/seeroesl.at\/mtk\/#website","url":"https:\/\/seeroesl.at\/mtk\/","name":"W\u00f6rthersee ~ Hotel Garni Seer\u00f6sl | W\u00f6rthersee Urlaub | K\u00e4rnten","description":"Hotel Garni Seer\u00f6sl am W\u00f6rthersee | Urlaub in K\u00e4rnten | \u00d6sterreich","publisher":{"@id":"https:\/\/seeroesl.at\/mtk\/#organization"},"alternateName":"Hotel Seer\u00f6sl | W\u00f6rthersee","potentialAction":[{"@type":"SearchAction","target":{"@type":"EntryPoint","urlTemplate":"https:\/\/seeroesl.at\/mtk\/?s={search_term_string}"},"query-input":{"@type":"PropertyValueSpecification","valueRequired":true,"valueName":"search_term_string"}}],"inLanguage":"de-AT"},{"@type":"Organization","@id":"https:\/\/seeroesl.at\/mtk\/#organization","name":"W\u00f6rthersee Hotel Seer\u00f6sl","url":"https:\/\/seeroesl.at\/mtk\/","logo":{"@type":"ImageObject","inLanguage":"de-AT","@id":"https:\/\/seeroesl.at\/mtk\/#\/schema\/logo\/image\/","url":"https:\/\/seeroesl.at\/mtk\/wp-content\/uploads\/2021\/02\/cropped-Header-Logo-Seerosl-website.png","contentUrl":"https:\/\/seeroesl.at\/mtk\/wp-content\/uploads\/2021\/02\/cropped-Header-Logo-Seerosl-website.png","width":512,"height":512,"caption":"W\u00f6rthersee Hotel Seer\u00f6sl"},"image":{"@id":"https:\/\/seeroesl.at\/mtk\/#\/schema\/logo\/image\/"},"sameAs":["https:\/\/www.facebook.com\/www.seeroeslamwoerthersee.at\/","https:\/\/www.instagram.com\/seeroesl.at\/?hl=de","https:\/\/www.pinterest.at\/Seeroesl\/_created","https:\/\/www.youtube.com\/channel\/UCPZp8pLUNLKgbrSm8gmBF-w","https:\/\/seeroesl.at\/mtk\/index.php\/urlaub-am-woerthersee-hotel-seeroesl-kontakt\/bewertungen-seeroesl-hotel-star-rating\/"],"publishingPrinciples":"https:\/\/seeroesl.at\/mtk\/"}]}},"_links":{"self":[{"href":"https:\/\/seeroesl.at\/mtk\/index.php\/wp-json\/wp\/v2\/pages\/4030","targetHints":{"allow":["GET"]}}],"collection":[{"href":"https:\/\/seeroesl.at\/mtk\/index.php\/wp-json\/wp\/v2\/pages"}],"about":[{"href":"https:\/\/seeroesl.at\/mtk\/index.php\/wp-json\/wp\/v2\/types\/page"}],"author":[{"embeddable":true,"href":"https:\/\/seeroesl.at\/mtk\/index.php\/wp-json\/wp\/v2\/users\/1"}],"replies":[{"embeddable":true,"href":"https:\/\/seeroesl.at\/mtk\/index.php\/wp-json\/wp\/v2\/comments?post=4030"}],"version-history":[{"count":49,"href":"https:\/\/seeroesl.at\/mtk\/index.php\/wp-json\/wp\/v2\/pages\/4030\/revisions"}],"predecessor-version":[{"id":5689,"href":"https:\/\/seeroesl.at\/mtk\/index.php\/wp-json\/wp\/v2\/pages\/4030\/revisions\/5689"}],"wp:attachment":[{"href":"https:\/\/seeroesl.at\/mtk\/index.php\/wp-json\/wp\/v2\/media?parent=4030"}],"curies":[{"name":"wp","href":"https:\/\/api.w.org\/{rel}","templated":true}]}}