{"id":46,"date":"2021-01-12T15:21:43","date_gmt":"2021-01-12T15:21:43","guid":{"rendered":"https:\/\/seeroesl.at\/mtkhost.21_wordpress\/?page_id=46"},"modified":"2025-07-31T12:02:51","modified_gmt":"2025-07-31T12:02:51","slug":"impressum-datenschutz","status":"publish","type":"page","link":"https:\/\/seeroesl.at\/mtk\/index.php\/impressum-datenschutz\/","title":{"rendered":"AGB, Impressum, Datenschutz"},"content":{"rendered":"\n<p class=\"has-medium-font-size\"><strong>URL &nbsp; &nbsp; &nbsp; &nbsp; &nbsp; &nbsp; &nbsp; &nbsp; &nbsp; &nbsp; &nbsp; &nbsp; &nbsp; &nbsp; &nbsp; &nbsp; &nbsp; &nbsp;&nbsp;<\/strong>www.seeroesl.at<br><strong>Firmenname<\/strong>&nbsp; &nbsp; &nbsp; &nbsp; &nbsp; &nbsp; &nbsp; &nbsp; &nbsp; &nbsp; &nbsp; &nbsp;Hotel-Garni Seer\u00f6sl GesbR                        <br><strong>Finanzbeh\u00f6rde<\/strong>&nbsp; &nbsp; &nbsp; &nbsp; &nbsp; &nbsp; &nbsp; &nbsp; &nbsp; &nbsp;Finanzamt Klagenfurt<br><strong>Beh\u00f6rde gem. ECG &nbsp; &nbsp; &nbsp; &nbsp; &nbsp; &nbsp;<\/strong>Bezirkshauptmannschaft Klagenfurt-Land<br><strong>UID-Nummer<\/strong>&nbsp; &nbsp; &nbsp; &nbsp; &nbsp; &nbsp; &nbsp; &nbsp; &nbsp; &nbsp; &nbsp; ATU79495958<br><strong>Kammerzugeh\u00f6rigkeit<\/strong>&nbsp; &nbsp; &nbsp;    Wirtschaftskammer K\u00e4rnten<br><strong>Fachgruppe<\/strong>&nbsp; &nbsp; &nbsp; &nbsp; &nbsp; &nbsp; &nbsp; &nbsp; &nbsp; &nbsp; &nbsp; &nbsp;  Hotellerie<\/p>\n\n\n\n<p class=\"has-medium-font-size\"><strong>Adresse                              <\/strong>Heinzelweg 19, A-9201 Krumpendorf am W\u00f6rthersee<\/p>\n\n\n\n<p class=\"has-medium-font-size\"><strong>Kontakt <\/strong> Fam. Krainer, +43 4229 2479 , info@seeroesl.at<\/p>\n\n\n\n<p><\/p>\n\n\n\n<h5 class=\"wp-block-heading\" id=\"inhalte\">Inhalte<\/h5>\n\n\n\n<p class=\"has-medium-font-size\">Die in www.seeroesl.at ver\u00f6ffentlichten Inhalte sind mit gr\u00f6\u00dfter Sorgfalt ermittelt und werden laufend hinsichtlich Vollst\u00e4ndigkeit und Richtigkeit \u00fcberpr\u00fcft und aktualisiert. Dennoch k\u00f6nnen wir keine Garantie f\u00fcr die vollst\u00e4ndige Funktion und Richtigkeit der angef\u00fchrten Inhalte \u00fcbernehmen. Alle Angebote sind freibleibend und unverbindlich. Wir behalten es uns ausdr\u00fccklich vor, Teile der Seiten oder den gesamten Inhalt ohne gesonderte Ank\u00fcndigung zu ver\u00e4ndern, erg\u00e4nzen, l\u00f6schen oder zeitweise oder endg\u00fcltig einzustellen.<\/p>\n\n\n\n<h5 class=\"wp-block-heading\" id=\"urheberrecht-copyrights\">Urheberrecht &amp; Copyrights<\/h5>\n\n\n\n<p class=\"has-medium-font-size\">Wir sind bestrebt, die Urheberrechte der verwendeten Grafiken, Tondokumente, Videosequenzen und Texte zu beachten und von uns selbst erstellte Grafiken, Tondokumente, Videosequenzen und Texte zu nutzen oder auf lizenzfreie Grafiken, Tondokumente, Videosequenzen und Texte zur\u00fcckzugreifen.<br>Alle innerhalb der Homepage genannten und ggf. durch Dritte gesch\u00fctzten Marken- und Warenzeichen unterliegen uneingeschr\u00e4nkt den Bestimmungen des jeweils g\u00fcltigen Kennzeichenrechts und den Besitzrechten der jeweiligen eingetragenen Eigent\u00fcmer. Allein aufgrund der blo\u00dfen Nennung ist nicht der Schluss zu ziehen, dass Markenzeichen nicht durch Rechte Dritter gesch\u00fctzt sind!<br>Das Copyright f\u00fcr ver\u00f6ffentlichte, von uns selbst erstellte Contents bleibt allein bei uns. Eine Vervielf\u00e4ltigung oder Verwendung solcher Grafiken, Tondokumente, Videosequenzen und Texte in anderen elektronischen oder gedruckten Publikationen ist ohne unsere ausdr\u00fcckliche Zustimmung nicht gestattet.<\/p>\n\n\n\n<h5 class=\"wp-block-heading\" id=\"dsgvo-datenschutzerklarung-aufgrund-der-gesetzlichen-bestimmungen\">DSGVO (Datenschutzerkl\u00e4rung aufgrund der gesetzlichen Bestimmungen)&nbsp;&nbsp;&nbsp;&nbsp;&nbsp;&nbsp;&nbsp;&nbsp;&nbsp;&nbsp;&nbsp;&nbsp;&nbsp;&nbsp;&nbsp;&nbsp;&nbsp;&nbsp;&nbsp;&nbsp;&nbsp;&nbsp;&nbsp;&nbsp;&nbsp;&nbsp;&nbsp;&nbsp;&nbsp;&nbsp;&nbsp;&nbsp;&nbsp;&nbsp;&nbsp;&nbsp;&nbsp;&nbsp;&nbsp;&nbsp;&nbsp;&nbsp;&nbsp;&nbsp;&nbsp;&nbsp;&nbsp;&nbsp;&nbsp;&nbsp;&nbsp; &nbsp;&nbsp;<\/h5>\n\n\n\n<p class=\"has-medium-font-size\">Wenn Sie per Formular auf der Website oder per E-Mail Kontakt mit uns aufnehmen, werden Ihre angegebenen Daten zwecks Bearbeitung der Anfrage und f\u00fcr den Fall von Anschlussfragen sechs Monate bei uns gespeichert. Diese Daten geben wir nicht ohne Ihre Einwilligung weiter.<\/p>\n\n\n\n<h2 class=\"wp-block-heading\">Hausrecht, Verhalten und Bildver\u00f6ffentlichung<\/h2>\n\n\n\n<p><strong>(inkl. rechtlicher Hinweise gem\u00e4\u00df \u00f6sterreichischem Recht)<\/strong><\/p>\n\n\n\n<h3 class=\"wp-block-heading\"><strong>Hausrecht und Verhalten am Betriebsgel\u00e4nde<\/strong><\/h3>\n\n\n\n<p>Das Hotel \u00fcbt im gesamten Innen- und Au\u00dfenbereich das <strong>Hausrecht<\/strong> gem\u00e4\u00df \u00a7\u202f344 ABGB sowie \u00a7\u202f858 ABGB aus. Wir behalten uns vor, G\u00e4ste, die gegen die Hausordnung versto\u00dfen, das Personal beleidigen oder sich respektlos verhalten, des Hauses zu verweisen.<\/p>\n\n\n\n<p><strong>Beleidigungen, Drohungen oder diskriminierende Aussagen<\/strong> gegen\u00fcber dem Hotel, Personal\/Team oder anderen G\u00e4sten werden <strong>nicht toleriert<\/strong>. In solchen F\u00e4llen kann gem\u00e4\u00df:<\/p>\n\n\n\n<ul class=\"wp-block-list\">\n<li><strong>\u00a7<\/strong><strong>\u202f<\/strong><strong>1330 ABGB<\/strong> (Ehrenbeleidigung, zivilrechtlich) und<\/li>\n\n\n\n<li><strong>\u00a7<\/strong><strong>\u202f<\/strong><strong>115 StGB<\/strong> (Beleidigung, strafrechtlich)<br>eine <strong>zivil- oder strafrechtliche Verfolgung<\/strong> erfolgen.<\/li>\n<\/ul>\n\n\n\n<p>Zudem behalten wir uns vor, <strong>laufende oder zuk\u00fcnftige Buchungen zu stornieren<\/strong> und den Zutritt zu verwehren.<\/p>\n\n\n\n<p>Unser Haus steht f\u00fcr Gastfreundschaft und gegenseitigen Respekt. Die Einhaltung dieser Grunds\u00e4tze ist Voraussetzung f\u00fcr den Aufenthalt in unserem Betrieb.Wir danken f\u00fcr Ihr Verst\u00e4ndnis.<\/p>\n\n\n\n<h3 class=\"wp-block-heading\"><strong>Foto-, Video- und Drohnenaufnahmen<\/strong><\/h3>\n\n\n\n<p>Das Anfertigen von Bildern und Videos auf unserem Gel\u00e4nde ist <strong>ausschlie\u00dflich f\u00fcr den privaten Gebrauch<\/strong> gestattet (z.\u202fB. zur pers\u00f6nlichen Erinnerung).<\/p>\n\n\n\n<p>Die <strong>Ver\u00f6ffentlichung<\/strong> von Foto-, Video- oder Drohnenaufnahmen, die unser Haus (Innen- oder Au\u00dfenbereich), Mitarbeiter oder G\u00e4ste zeigen, ist <strong>ohne unsere ausdr\u00fcckliche m\u00fcndliche oder schriftliche Genehmigung untersagt<\/strong>.<\/p>\n\n\n\n<p>Dies gilt insbesondere f\u00fcr Ver\u00f6ffentlichungen auf:<\/p>\n\n\n\n<ul class=\"wp-block-list\">\n<li>Sozialen Medien (Instagram, Facebook, TikTok etc.)<\/li>\n\n\n\n<li>Bewertungsplattformen (Google, Booking.com, TripAdvisor)<\/li>\n\n\n\n<li>Webseiten, Blogs, Printmedien oder Werbematerial<\/li>\n<\/ul>\n\n\n\n<p>Die unbefugte Ver\u00f6ffentlichung stellt u.\u202fa. eine Verletzung dar von:<\/p>\n\n\n\n<ul class=\"wp-block-list\">\n<li><strong>\u00a7<\/strong><strong>\u202f<\/strong><strong>78 UrhG<\/strong> (Recht am eigenen Bild)<\/li>\n\n\n\n<li><strong>Art.<\/strong><strong>\u202f<\/strong><strong>6 Abs.<\/strong><strong>\u202f<\/strong><strong>1 lit.<\/strong><strong>\u202f<\/strong><strong>a DSGVO<\/strong> (Einwilligung zur Verarbeitung personenbezogenen Daten)<\/li>\n\n\n\n<li><strong>Unserem Hausrecht gem\u00e4\u00df \u00a7 344 ABGB<\/strong><\/li>\n<\/ul>\n\n\n\n<p><strong>Bei Versto\u00df behalten uns das Recht vor, eine Vertragsstrafe bis zu \u20ac 500,- gem\u00e4\u00df <\/strong><strong>\u00a7 &nbsp;1336 ABGB zu verlangen \u2013 unabh\u00e4ngig von weiteren Schadenersatz- oder Unterlassungsanspr\u00fcchen.<\/strong><\/p>\n\n\n\n<h3 class=\"wp-block-heading\"><strong>Keine Ver\u00f6ffentlichung ohne Zustimmung \u2013 Ausnahme private Nutzung<\/strong><\/h3>\n\n\n\n<p>Die <strong>private, nicht \u00f6ffentliche Nutzung<\/strong> von Bildern (z.\u202fB. in pers\u00f6nlicher Sammlung, nicht \u00f6ffentlich zug\u00e4nglichem Album) ist <strong>ausdr\u00fccklich gestattet<\/strong>, solange keine Personen ohne deren Einwilligung erkennbar abgebildet sind.<\/p>\n\n\n\n<h3 class=\"wp-block-heading\"><strong>Kein Widerrufungsrecht bei Buchung<\/strong><\/h3>\n\n\n\n<p>Gem\u00e4\u00df \u00a7\u202f18 Abs.\u202f1 Z\u202f10 FAGG Fern-und Ausw\u00e4rtsgesch\u00e4fte-Gesetztes<\/p>\n\n\n\n<p>Besteht <strong>kein gesetzliches Widerrufsrecht<\/strong> f\u00fcr Vertr\u00e4ge \u00fcber Beherbungsleistungen, sofern der Vertrag die Erbringung der Dienstleistung zu einem bestimmten Zeitpunkt oder innerhalb eines genauen festgelegten Zeitraums vorsieht.<\/p>\n\n\n\n<p>Gem\u00e4\u00df <strong>\u00a7\u202f18 Abs.\u202f1 Z\u202f10 FAGG<\/strong> besteht <strong>kein gesetzliches Widerrufsrecht<\/strong> f\u00fcr Buchungen von Beherbergungsleistungen, die f\u00fcr einen bestimmten Zeitraum erfolgen \u2013 unabh\u00e4ngig vom Buchungskanal (z.\u202fB. Website, Telefon, E-Mail, WhatsApp).<\/p>\n\n\n\n<h3 class=\"wp-block-heading\"><strong>Stornierungsbedingungen laut Reservierung<\/strong><\/h3>\n\n\n\n<p>Die bei der Buchung vereinbarten Stornobedingungen \u2013 insbesondere solche, die in der Reservierungsbest\u00e4tigung, im Mailverkehr, per WhatsApp &nbsp;oder telefonisch, m\u00fcndlich mitgeteilt wurden \u2013 sind verbindlich und vorranging zu beachten.<\/p>\n\n\n\n<p>Sofern keine abweichenden individuellen Regelungen getroffen wurden, gelten folgende allgemeine Stornobedingungen:<\/p>\n\n\n\n<p>Kostenlose Stornierung ( laut schriftlicher Reservierungsbest\u00e4tigung)<\/p>\n\n\n\n<p>Kostenlose Stonierung : 30 Tage vor Anreise.<\/p>\n\n\n\n<p>Bei sp\u00e4tere Stornierung, Nichtanreise oder vorzeitige Abreise \u2013 100 % der Gesamtsumme.<\/p>\n\n\n\n<p>Umbuchungen sind auf Anfrage in Ausnahmef\u00e4llen ( je nach Verf\u00fcgbarkeit) m\u00f6glich. Es besteht jedoch kein Anspruch darauf.<\/p>\n\n\n\n<p>Bitte beachten Sie, dass jede Reservierung \u2013 unabh\u00e4ngig vom Buchungskanal \u2013 rechtlich verbindlich ist und mit den zum Zeitpunkt der Buchung geltende Storno- und Zahlungsbedingungen zustande kommt.<\/p>\n\n\n\n<h3 class=\"wp-block-heading\" id=\"h-zahlungsbedingungen\"><strong>Zahlungsbedingungen:<\/strong><\/h3>\n\n\n\n<p>Nur Barzahlung ODER Bank\u00fcberweisung im Vorhinein! ( Bankdaten werden bekannt gegeben)<\/p>\n\n\n\n<h3 class=\"wp-block-heading\">\ud83d\udccc Rechtliche Hinweise<\/h3>\n\n\n\n<p>Diese Bestimmungen st\u00fctzen sich auf folgende \u00f6sterreichische Rechtsnormen:<\/p>\n\n\n\n<ul class=\"wp-block-list\">\n<li>\u00a7\u202f18 Abs.\u202f1 Z\u202f10 FAGG (Fern- und Ausw\u00e4rtsgesch\u00e4fte-Gesetz)<\/li>\n\n\n\n<li>\u00a7\u202f344, \u00a7\u202f858, \u00a7\u202f1330 ABGB (Allgemeines b\u00fcrgerliches Gesetzbuch)<\/li>\n\n\n\n<li>\u00a7\u202f1336 ABGB (Vertragsstrafe)<\/li>\n\n\n\n<li>\u00a7\u202f78 UrhG (Urheberrechtsgesetz)<\/li>\n\n\n\n<li>\u00a7\u202f115 StGB (Beleidigung)<\/li>\n\n\n\n<li>Art.\u202f6 DSGVO (Datenschutz-Grundverordnung)<\/li>\n<\/ul>\n\n\n<h4>Datenschutzerkl\u00e4rung<\/h4><p><p>In dieser Datenschutzerkl\u00e4rung informieren wir Sie \u00fcber die Verarbeitung Ihrer personenbezogenen Daten.<\/p><p> Sofern Sie Ihre Datenschutzeinstellungen \u00e4ndern m\u00f6chten (Einwilligungen erteilen oder bereits erteilte Einwilligungen widerrufen), klicken Sie <a target=\"_blank\" href=\"#\" class=\"sp-dsgvo-show-privacy-popup\">hier<\/a> um Ihre Einstellungen zu \u00e4ndern.<\/p><h4>Verantwortlich<\/h4><p>Familie Krainer, Hotel Garni Seer\u00f6sl, Heinzelweg 19, 9201 Krumpendorf am W\u00f6rthersee, \u00d6sterreich, <a href=\"mailto:info@seeroesl.at\">info@seeroesl.at<\/a>, 042292479<\/p><h4>Kontaktformular<\/h4><p><p>Auf unserer Website besteht die M\u00f6glichkeit, durch ein Kontaktformular direkt mit uns in Kontakt zu treten. Nach Absenden des Kontaktformulars erfolgt eine Verarbeitung der von Ihnen eingegebenen personenbezogenen Daten durch den Verantwortlichen zum Zweck der Bearbeitung Ihrer Anfrage auf Grundlage der von Ihnen durch das Absenden des Formulars erteilten Einwilligung gem. Art. 6 Abs. 1 lit. a DSGVO bis auf Widerruf.<br \/>Es besteht keine gesetzliche oder vertragliche Verpflichtung zur Bereitstellung der personenbezogenen Daten. Die Nichtbereitstellung hat lediglich zur Folge, dass Sie Ihr Anliegen nicht \u00fcbermitteln und wir dieses nicht bearbeiten k\u00f6nnen.<\/p><\/p><h4>Kommentarformular<\/h4><p><p>Durch die Kommentierung unserer Produkte, Beitr\u00e4ge, Fotos oder Videos erfolgt eine Verarbeitung der von Ihnen angegebenen personenbezogenen Daten zum Zweck der Darstellung Ihrer Kommentierung auf unserer Website sowie der internen Dokumentation auf der Rechtsgrundlage des mit Ihnen geschlossenen Vertrags gem\u00e4\u00df Art. 6 Abs. 1 lit. b DSGVO (unentgeltlicher Hostingvertrag zur Darstellung Ihrer Kommentierung auf unserer Website). Auf unserer Website erfolgt eine Ver\u00f6ffentlichung Ihres Namens sowie Ihres Kommentars. Die Speicherung Ihrer personenbezogenen Daten erfolgt bis zur L\u00f6schung der Kommentierung.<\/p><\/p><h4>Sicherheitsdienste<\/h4><p><p>Auf dieser Website nutzen wir zur Vermeidung von nicht menschlichen und automatisierten Eingaben das Angebot von Sicherheitsdienstleistern wie Captcha-Diensten.<\/p><\/p><h4>Google reCAPTCHA<\/h4><p><p>Im Fall der Erteilung Ihrer Einwilligung verarbeiten wir mit dem Dienst <a target=\"_blank\" href=\"https:\/\/www.google.com\/recaptcha\/intro\/v3.html\">Google reCaptcha<\/a>, Google Ireland Limited, Gordon House, Barrow Street, Dublin 4, Irland als gemeinsame Verantwortliche Ihre personenbezogenen Daten zum Zweck der Vermeidung nicht menschlicher und automatisierter Eingaben. Dabei erm\u00f6glichen wir dem Dienst das Setzen von Cookies, die Erhebung von Verbindungsdaten und Daten ihres Webbrowsers. Zudem erm\u00f6glichen wir dem Dienst die Berechnung einer User-ID zur eindeutigen Identifizierung des Users im Rahmen des von Google betriebenen Werbenetzwerkes. Daten werden auf Ihrem Ger\u00e4t f\u00fcr die Dauer von bis zu zwei Jahren gespeichert.<\/p> <p>Die Rechtsgrundlage f\u00fcr die Datenverarbeitung ist Ihre Einwilligung gem\u00e4\u00df \u00a7 165 Abs. 3 TKG 2021. Die Nichterteilung der Einwilligung hat zur Folge, dass die Nutzung von reCaptcha und damit verbundenen Formularen nicht m\u00f6glich ist.<\/p><p>Eine bereits erteilte Einwilligung k\u00f6nnen Sie widerrufen, indem Sie die <a target=\"_blank\" class=\"lwb-ppsp\" href=\"#\" title=\"Datenschutzeinstellungen\">Datenschutzeinstellungen<\/a> \u00e4ndern.<\/p><p>Der Google Konzern \u00fcbermittelt Ihre personenbezogenen Daten in die USA. Die Rechtsgrundlage f\u00fcr die Daten\u00fcbermittlung in die USA ist Ihre Einwilligung gem\u00e4\u00df Art. 49 Abs 1 lit a iVm Art. 6 Abs 1 lit a DSGVO. Sie wurden bereits vor Erteilung Ihrer Einwilligung informiert, dass die USA \u00fcber kein den Standards der EU entsprechendes Datenschutzniveau verf\u00fcgt. Insbesondere k\u00f6nnen US Geheimdienste auf Ihre Daten zugreifen, ohne dass Sie dar\u00fcber informiert werden und ohne dass Sie dagegen rechtlich vorgehen k\u00f6nnen. Der Europ\u00e4ische Gerichtshof hat aus diesem Grund in einem Urteil den fr\u00fcheren Angemessenheitsbeschluss (Privacy Shield) f\u00fcr ung\u00fcltig erkl\u00e4rt.<\/p><\/p><h4>Widerspruchsrecht<\/h4><p><p>Sofern die Verarbeitung Ihrer personenbezogenen Daten auf Grundlage des berechtigten Interesses erfolgt, haben Sie das Recht gegen diese Verarbeitung zu widersprechen.<\/p><p>Sofern keine zwingenden schutzw\u00fcrdigen Gr\u00fcnde f\u00fcr die Verarbeitung unsererseits vorliegen, wird die Verarbeitung Ihrer Daten auf Basis dieser Rechtsgrundlage eingestellt.<\/p><p>Zudem haben Sie das Recht, der Verarbeitung Ihrer personenbezogenen Daten zum Zweck der Direktwerbung zu widersprechen. Im Fall des Widerspruchs werden Ihre personenbezogenen Daten nicht mehr zum Zweck der Direktwerbung verarbeitet.<\/p><p>Die Rechtm\u00e4\u00dfigkeit der bis zum Widerspruch verarbeiteten Daten wird durch den Widerspruch nicht ber\u00fchrt.<\/p><\/p><h4>Widerrufsrecht<\/h4><p><p>Sie haben das Recht eine bereits erteilte Einwilligung jederzeit zu widerrufen, indem Sie die <a target=\"_blank\" class=\"lwb-ppsp\" href=\"#\" title=\"Datenschutzeinstellungen\">Datenschutzeinstellungen<\/a> \u00e4ndern.<\/p><p>Im Fall der Einwilligung in den Erhalt elektronischer Werbung kann der Widerruf Ihrer Einwilligung durch Klick auf den Abmeldelink erfolgen. In diesem Fall wird eine Verarbeitung, sofern keine andere Rechtsgrundlage besteht, eingestellt.<\/p><p>Die Rechtm\u00e4\u00dfigkeit der bis zum Widerruf verarbeiteten Daten wird durch den Widerruf nicht ber\u00fchrt.<\/p><\/p><h4>Betroffenenrechte<\/h4><p><p>Sie haben zudem das Recht auf Auskunft, Berichtigung, L\u00f6schung und Einschr\u00e4nkung der Verarbeitung der personenbezogenen Daten.<\/p><p>Soweit die Rechtsgrundlage der Verarbeitung Ihrer personenbezogenen Daten in Ihrer Einwilligung oder in einem mit Ihnen abgeschlossenen Vertrag besteht, haben Sie \u00fcberdies das Recht auf Daten\u00fcbertragbarkeit. <\/p><p>Weiters haben Sie das Recht auf Beschwerde bei der Aufsichtsbeh\u00f6rde. N\u00e4here Informationen zu den Aufsichtsbeh\u00f6rden in der Europ\u00e4ischen Union finden Sie <a target=\"_blank\" href=\"https:\/\/ec.europa.eu\/justice\/article-29\/structure\/data-protection-authorities\/index_en.htm\" title=\"Datenschutzbeh\u00f6rden\">hier<\/a>.<\/p><\/p> <a href=\"#\" class=\"sp-dsgvo-show-privacy-popup myClass\">Cookie Popup<\/a>\n\n\n\n<p style=\"font-size:10px\"><strong>Copyright \u00a9 2021 <\/strong>Hotel-Garni Seer\u00f6sl - Alle Rechte vorbehalten<\/p>\n\n\n<input type=\"button\" value=\"Go back\" class=\"alg_back_button_input \" style=\"\" onclick=\"window.history.back()\" \/>\n","protected":false},"excerpt":{"rendered":"<p>URL &nbsp; &nbsp; &nbsp; &nbsp; &nbsp; &nbsp; &nbsp; &nbsp; &nbsp; &nbsp; &nbsp; &nbsp; &nbsp; &nbsp; &nbsp; &nbsp; &nbsp; &nbsp;&nbsp;www.seeroesl.atFirmenname&nbsp; &nbsp; &nbsp; &nbsp; &nbsp; &nbsp; &nbsp; &nbsp; &nbsp; &nbsp; &nbsp; &nbsp;Hotel-Garni Seer\u00f6sl GesbR Finanzbeh\u00f6rde&nbsp; &nbsp; &nbsp; &nbsp; &nbsp; &nbsp; &nbsp; &nbsp; &nbsp; &nbsp;Finanzamt KlagenfurtBeh\u00f6rde gem. ECG &nbsp; &nbsp; &nbsp; &nbsp; &nbsp;<a href=\"https:\/\/seeroesl.at\/mtk\/index.php\/impressum-datenschutz\/\" class=\"read-more\">Read More ...<\/a><\/p>\n","protected":false},"author":1,"featured_media":0,"parent":0,"menu_order":0,"comment_status":"closed","ping_status":"closed","template":"","meta":{"_glsr_average":0,"_glsr_ranking":0,"_glsr_reviews":0,"footnotes":""},"class_list":["post-46","page","type-page","status-publish","hentry"],"yoast_head":"<!-- This site is optimized with the Yoast SEO Premium plugin v24.0 (Yoast SEO v27.4) - https:\/\/yoast.com\/product\/yoast-seo-premium-wordpress\/ -->\n<title>AGB, Impressum, Datenschutz &#187; W\u00f6rthersee Hotel Seer\u00f6sl<\/title>\n<meta name=\"robots\" content=\"noindex, nofollow\" \/>\n<meta property=\"og:locale\" content=\"de_DE\" \/>\n<meta property=\"og:type\" content=\"article\" \/>\n<meta property=\"og:title\" content=\"AGB, Impressum, Datenschutz\" \/>\n<meta property=\"og:description\" content=\"URL &nbsp; &nbsp; &nbsp; &nbsp; &nbsp; &nbsp; &nbsp; &nbsp; &nbsp; &nbsp; &nbsp; &nbsp; &nbsp; &nbsp; &nbsp; &nbsp; &nbsp; &nbsp;&nbsp;www.seeroesl.atFirmenname&nbsp; &nbsp; &nbsp; &nbsp; &nbsp; &nbsp; &nbsp; &nbsp; &nbsp; &nbsp; &nbsp; &nbsp;Hotel-Garni Seer\u00f6sl GesbR Finanzbeh\u00f6rde&nbsp; &nbsp; &nbsp; &nbsp; &nbsp; &nbsp; &nbsp; &nbsp; &nbsp; &nbsp;Finanzamt KlagenfurtBeh\u00f6rde gem. ECG &nbsp; &nbsp; &nbsp; &nbsp; &nbsp;Read More ...\" \/>\n<meta property=\"og:url\" content=\"https:\/\/seeroesl.at\/mtk\/index.php\/impressum-datenschutz\/\" \/>\n<meta property=\"og:site_name\" content=\"W\u00f6rthersee Hotel Seer\u00f6sl\" \/>\n<meta property=\"article:publisher\" content=\"https:\/\/www.facebook.com\/www.seeroeslamwoerthersee.at\/\" \/>\n<meta property=\"article:modified_time\" content=\"2025-07-31T12:02:51+00:00\" \/>\n<meta property=\"og:image\" content=\"https:\/\/seeroesl.at\/mtk\/wp-content\/uploads\/2024\/12\/Hotel-Garni-Seeroesl-am-Woerthersee-Lage-u.-Familienwappen-Krainer-1.png\" \/>\n\t<meta property=\"og:image:width\" content=\"670\" \/>\n\t<meta property=\"og:image:height\" content=\"439\" \/>\n\t<meta property=\"og:image:type\" content=\"image\/png\" \/>\n<meta name=\"twitter:card\" content=\"summary_large_image\" \/>\n<meta name=\"twitter:label1\" content=\"Gesch\u00e4tzte Lesezeit\" \/>\n\t<meta name=\"twitter:data1\" content=\"5 Minuten\" \/>\n<!-- \/ Yoast SEO Premium plugin. -->","yoast_head_json":{"title":"AGB, Impressum, Datenschutz &#187; W\u00f6rthersee Hotel Seer\u00f6sl","robots":{"index":"noindex","follow":"nofollow"},"og_locale":"de_DE","og_type":"article","og_title":"AGB, Impressum, Datenschutz","og_description":"URL &nbsp; &nbsp; &nbsp; &nbsp; &nbsp; &nbsp; &nbsp; &nbsp; &nbsp; &nbsp; &nbsp; &nbsp; &nbsp; &nbsp; &nbsp; &nbsp; &nbsp; &nbsp;&nbsp;www.seeroesl.atFirmenname&nbsp; &nbsp; &nbsp; &nbsp; &nbsp; &nbsp; &nbsp; &nbsp; &nbsp; &nbsp; &nbsp; &nbsp;Hotel-Garni Seer\u00f6sl GesbR Finanzbeh\u00f6rde&nbsp; &nbsp; &nbsp; &nbsp; &nbsp; &nbsp; &nbsp; &nbsp; &nbsp; &nbsp;Finanzamt KlagenfurtBeh\u00f6rde gem. ECG &nbsp; &nbsp; &nbsp; &nbsp; &nbsp;Read More ...","og_url":"https:\/\/seeroesl.at\/mtk\/index.php\/impressum-datenschutz\/","og_site_name":"W\u00f6rthersee Hotel Seer\u00f6sl","article_publisher":"https:\/\/www.facebook.com\/www.seeroeslamwoerthersee.at\/","article_modified_time":"2025-07-31T12:02:51+00:00","og_image":[{"width":670,"height":439,"url":"https:\/\/seeroesl.at\/mtk\/wp-content\/uploads\/2024\/12\/Hotel-Garni-Seeroesl-am-Woerthersee-Lage-u.-Familienwappen-Krainer-1.png","type":"image\/png"}],"twitter_card":"summary_large_image","twitter_misc":{"Gesch\u00e4tzte Lesezeit":"5 Minuten"},"schema":{"@context":"https:\/\/schema.org","@graph":[{"@type":"WebPage","@id":"https:\/\/seeroesl.at\/mtk\/index.php\/impressum-datenschutz\/","url":"https:\/\/seeroesl.at\/mtk\/index.php\/impressum-datenschutz\/","name":"AGB, Impressum, Datenschutz &#187; W\u00f6rthersee Hotel Seer\u00f6sl","isPartOf":{"@id":"https:\/\/seeroesl.at\/mtk\/#website"},"datePublished":"2021-01-12T15:21:43+00:00","dateModified":"2025-07-31T12:02:51+00:00","breadcrumb":{"@id":"https:\/\/seeroesl.at\/mtk\/index.php\/impressum-datenschutz\/#breadcrumb"},"inLanguage":"de-AT","potentialAction":[{"@type":"ReadAction","target":["https:\/\/seeroesl.at\/mtk\/index.php\/impressum-datenschutz\/"]}]},{"@type":"BreadcrumbList","@id":"https:\/\/seeroesl.at\/mtk\/index.php\/impressum-datenschutz\/#breadcrumb","itemListElement":[{"@type":"ListItem","position":1,"name":"Home","item":"https:\/\/seeroesl.at\/mtk\/"},{"@type":"ListItem","position":2,"name":"AGB, Impressum, Datenschutz"}]},{"@type":"WebSite","@id":"https:\/\/seeroesl.at\/mtk\/#website","url":"https:\/\/seeroesl.at\/mtk\/","name":"W\u00f6rthersee ~ Hotel Garni Seer\u00f6sl | W\u00f6rthersee Urlaub | K\u00e4rnten","description":"Hotel Garni Seer\u00f6sl am W\u00f6rthersee | Urlaub in K\u00e4rnten | \u00d6sterreich","publisher":{"@id":"https:\/\/seeroesl.at\/mtk\/#organization"},"alternateName":"Hotel Seer\u00f6sl | W\u00f6rthersee","potentialAction":[{"@type":"SearchAction","target":{"@type":"EntryPoint","urlTemplate":"https:\/\/seeroesl.at\/mtk\/?s={search_term_string}"},"query-input":{"@type":"PropertyValueSpecification","valueRequired":true,"valueName":"search_term_string"}}],"inLanguage":"de-AT"},{"@type":"Organization","@id":"https:\/\/seeroesl.at\/mtk\/#organization","name":"W\u00f6rthersee Hotel Seer\u00f6sl","url":"https:\/\/seeroesl.at\/mtk\/","logo":{"@type":"ImageObject","inLanguage":"de-AT","@id":"https:\/\/seeroesl.at\/mtk\/#\/schema\/logo\/image\/","url":"https:\/\/seeroesl.at\/mtk\/wp-content\/uploads\/2021\/02\/cropped-Header-Logo-Seerosl-website.png","contentUrl":"https:\/\/seeroesl.at\/mtk\/wp-content\/uploads\/2021\/02\/cropped-Header-Logo-Seerosl-website.png","width":512,"height":512,"caption":"W\u00f6rthersee Hotel Seer\u00f6sl"},"image":{"@id":"https:\/\/seeroesl.at\/mtk\/#\/schema\/logo\/image\/"},"sameAs":["https:\/\/www.facebook.com\/www.seeroeslamwoerthersee.at\/","https:\/\/www.instagram.com\/seeroesl.at\/?hl=de","https:\/\/www.pinterest.at\/Seeroesl\/_created","https:\/\/www.youtube.com\/channel\/UCPZp8pLUNLKgbrSm8gmBF-w","https:\/\/seeroesl.at\/mtk\/index.php\/urlaub-am-woerthersee-hotel-seeroesl-kontakt\/bewertungen-seeroesl-hotel-star-rating\/"],"publishingPrinciples":"https:\/\/seeroesl.at\/mtk\/"}]}},"_links":{"self":[{"href":"https:\/\/seeroesl.at\/mtk\/index.php\/wp-json\/wp\/v2\/pages\/46","targetHints":{"allow":["GET"]}}],"collection":[{"href":"https:\/\/seeroesl.at\/mtk\/index.php\/wp-json\/wp\/v2\/pages"}],"about":[{"href":"https:\/\/seeroesl.at\/mtk\/index.php\/wp-json\/wp\/v2\/types\/page"}],"author":[{"embeddable":true,"href":"https:\/\/seeroesl.at\/mtk\/index.php\/wp-json\/wp\/v2\/users\/1"}],"replies":[{"embeddable":true,"href":"https:\/\/seeroesl.at\/mtk\/index.php\/wp-json\/wp\/v2\/comments?post=46"}],"version-history":[{"count":24,"href":"https:\/\/seeroesl.at\/mtk\/index.php\/wp-json\/wp\/v2\/pages\/46\/revisions"}],"predecessor-version":[{"id":5398,"href":"https:\/\/seeroesl.at\/mtk\/index.php\/wp-json\/wp\/v2\/pages\/46\/revisions\/5398"}],"wp:attachment":[{"href":"https:\/\/seeroesl.at\/mtk\/index.php\/wp-json\/wp\/v2\/media?parent=46"}],"curies":[{"name":"wp","href":"https:\/\/api.w.org\/{rel}","templated":true}]}}