{"id":5403,"date":"2025-08-02T13:13:34","date_gmt":"2025-08-02T13:13:34","guid":{"rendered":"https:\/\/seeroesl.at\/mtk\/?page_id=5403"},"modified":"2025-08-02T14:27:00","modified_gmt":"2025-08-02T14:27:00","slug":"it-vacanze-sul-lago-woerthersee-austria-hotel-booking","status":"publish","type":"page","link":"https:\/\/seeroesl.at\/mtk\/index.php\/it-vacanze-sul-lago-woerthersee-austria-hotel-booking\/","title":{"rendered":"Vacanze sul Lago W\u00f6rthersee \u2013 Il tuo angolo di paradiso in Austria"},"content":{"rendered":"\n<h3 class=\"wp-block-heading\" id=\"h-vivi-un-estate-da-sogno-tra-natura-relax-e-ospitalita-austriaca\">\ud83c\udf0a Vivi un\u2019estate da sogno tra natura, relax e ospitalit\u00e0 austriaca <\/h3>\n\n\n\n<p>Benvenuto al <strong>Lago W\u00f6rthersee<\/strong>, una delle mete estive pi\u00f9 amate dell\u2019Austria, a due passi dall\u2019Italia. Un lago alpino con <strong>acque turchesi, spiagge curate<\/strong>, hotel per ogni esigenza e tante attivit\u00e0 all\u2019aria aperta. \u00c8 un luogo ideale per la tua vacanza al lago W\u00f6rthersee con una facile hotel booking, perfetto per <strong>coppie, famiglie e viaggiatori attivi<\/strong>.<\/p>\n\n\n\n<figure class=\"wp-block-image size-large is-resized\"><img decoding=\"async\" width=\"1024\" height=\"615\" src=\"https:\/\/seeroesl.at\/mtk\/wp-content\/uploads\/2021\/03\/cropped-Krumpendorf.mit_.Pfeil_-scaled-1-1024x615.jpg\" alt=\"\" class=\"wp-image-3140\" style=\"width:749px;height:auto\" srcset=\"https:\/\/seeroesl.at\/mtk\/wp-content\/uploads\/2021\/03\/cropped-Krumpendorf.mit_.Pfeil_-scaled-1-1024x615.jpg 1024w, https:\/\/seeroesl.at\/mtk\/wp-content\/uploads\/2021\/03\/cropped-Krumpendorf.mit_.Pfeil_-scaled-1-300x180.jpg 300w, https:\/\/seeroesl.at\/mtk\/wp-content\/uploads\/2021\/03\/cropped-Krumpendorf.mit_.Pfeil_-scaled-1-768x461.jpg 768w, https:\/\/seeroesl.at\/mtk\/wp-content\/uploads\/2021\/03\/cropped-Krumpendorf.mit_.Pfeil_-scaled-1-1536x922.jpg 1536w, https:\/\/seeroesl.at\/mtk\/wp-content\/uploads\/2021\/03\/cropped-Krumpendorf.mit_.Pfeil_-scaled-1.jpg 2000w\" sizes=\"(max-width: 1024px) 100vw, 1024px\" \/><\/figure>\n\n\n\n<h3 class=\"wp-block-heading\">\ud83c\udfd6\ufe0f Perch\u00e9 scegliere il W\u00f6rthersee?<\/h3>\n\n\n\n<ul class=\"wp-block-list\">\n<li>\u2705Vicino all\u2019Italia: solo 2,5 ore in auto da Udine<\/li>\n\n\n\n<li>\u2705 Lago cristallino con spiagge attrezzate e libere<\/li>\n\n\n\n<li>\u2705 Hotel Seer\u00f6sl vicino al lago - a soli 2-3 minuti<\/li>\n\n\n\n<li>\u2705 Cucina locale e italiana nei ristoranti sul lungolago - nelle immediate vicinanze dell'Hotel Seer\u00f6sl<\/li>\n\n\n\n<li>\u2705 Attivit\u00e0 per tutti: gite in barca, escursioni, bici, golf, sport acquatici vicino. Numerose sono anche le escursioni nelle vicinanze. Sono disponibili sconti con la W\u00f6rtersee Plus Card.<\/li>\n\n\n\n<li>\u2705 Wellness gratuito sul lago: ingresso alla spiaggia pi\u00f9 bella (Parkbad Krumpendorf) con lettini dell'hotel, gazebo e cabine inclusi<\/li>\n\n\n\n<li>\u2705 Eventi e festival estivi settimanali nel villaggio (Waldarena Krumpendorf am See) A soli 10 minuti a piedi dall'Hotel Seer\u00f6sl<\/li>\n<\/ul>\n\n\n\n<figure class=\"wp-block-image size-large is-resized\"><img decoding=\"async\" width=\"683\" height=\"1024\" src=\"https:\/\/seeroesl.at\/mtk\/wp-content\/uploads\/2022\/11\/kaernten.woerthersee.hotel_.angebote.2023-683x1024.jpg\" alt=\"a collage of a man sitting in chairs by a lake\" class=\"wp-image-3679\" style=\"width:506px;height:auto\" srcset=\"https:\/\/seeroesl.at\/mtk\/wp-content\/uploads\/2022\/11\/kaernten.woerthersee.hotel_.angebote.2023-683x1024.jpg 683w, https:\/\/seeroesl.at\/mtk\/wp-content\/uploads\/2022\/11\/kaernten.woerthersee.hotel_.angebote.2023-200x300.jpg 200w, https:\/\/seeroesl.at\/mtk\/wp-content\/uploads\/2022\/11\/kaernten.woerthersee.hotel_.angebote.2023-768x1152.jpg 768w, https:\/\/seeroesl.at\/mtk\/wp-content\/uploads\/2022\/11\/kaernten.woerthersee.hotel_.angebote.2023-100x150.jpg 100w, https:\/\/seeroesl.at\/mtk\/wp-content\/uploads\/2022\/11\/kaernten.woerthersee.hotel_.angebote.2023-467x700.jpg 467w, https:\/\/seeroesl.at\/mtk\/wp-content\/uploads\/2022\/11\/kaernten.woerthersee.hotel_.angebote.2023.jpg 1024w\" sizes=\"(max-width: 683px) 100vw, 683px\" \/><\/figure>\n\n\n\n<h3 class=\"wp-block-heading\">\ud83e\uddf3 Pacchetti vacanza e offerte speciali per l\u2019estate<\/h3>\n\n\n\n<p>Prenota ora la tua vacanza estiva al W\u00f6rthersee con le migliori offerte per turisti italiani.<br>\u27a1\ufe0f Soggiorni last-minute<br>\u27a1\ufe0f Offerte con colazione inclusa<br>\u27a1\ufe0f Tessera \u201cW\u00f6rthersee Plus Card\u201d gratuita con sconti e ingressi<br>\u27a1\ufe0fServizi inclusi dell'hotel: ingresso gratuito alla piscina \"Parkbad Krumpendorf\" (lettini, spogliatoi, gazebo)<\/p>\n\n\n\n<p>\u27a1\ufe0f Parcheggio gratuito proprio di fronte all'hotel<\/p>\n\n\n\n<h3 class=\"wp-block-heading\">\ud83d\udccd Posizione ideale \u2013 nel cuore della Carinzia<\/h3>\n\n\n\n<p>Facilmente raggiungibile:<\/p>\n\n\n\n<ul class=\"wp-block-list\">\n<li>\ud83d\ude97 In auto: A23 Tarvisio \u2192 Villach \u2192 Klagenfurt<\/li>\n\n\n\n<li>\ud83d\ude86 In treno: collegamenti diretti da Venezia, Udine, Trieste<\/li>\n\n\n\n<li>\ud83d\udee5\ufe0f In loco: gite in barca, noleggio bici, sentieri panoramici<\/li>\n<\/ul>\n\n\n\n<h2 class=\"wp-block-heading\">\u2728 Prenota ora il tuo soggiorno perfetto sul Lago W\u00f6rthersee<\/h2>\n\n\n\n<p><strong>\u27a1\ufe0f <\/strong><a href=\"https:\/\/www.woerthersee.com\/it\/\"><strong>Scopri le offerte e prenota direttamente qui<\/strong><\/a><br>Tutto in italiano \u2013 con informazioni su alloggi, meteo, cosa fare e dove mangiare.<\/p>\n\n\n<div style=\"background-color: #f5f5f5; padding: 20px; border-radius: 8px; text-align: center; font-family: Arial, sans-serif;\">\r\n  <h2 style=\"color: #007f5f;\">\ud83c\udf0a Offerta esclusiva \u2013 Solo per 15 minuti!<\/h2>\r\n  <p style=\"font-size: 18px; margin: 10px 0;\">\r\n    Prenota ora la tua <strong>vacanza sul Lago W\u00f6rthersee<\/strong> direttamente via WhatsApp.\r\n  <\/p>\r\n  <p style=\"color: red; font-weight: bold; font-size: 16px;\">\r\n    \u26a0\ufe0f Offerta valida solo per i prossimi 15 minuti!\r\n  <\/p>\r\n  <a href=\"https:\/\/wa.me\/4369010122107?text=Ciao%2C%20vorrei%20prenotare%20una%20vacanza%20al%20W%C3%B6rthersee!\" \r\n     style=\"display: inline-block; background-color: #25D366; color: white; padding: 12px 25px; font-size: 18px; border-radius: 5px; text-decoration: none; margin-top: 15px;\"\r\n     target=\"_blank\">\r\n    \ud83d\udcf2 Prenota su WhatsApp\r\n  <\/a>\r\n  <p style=\"font-size: 14px; color: #666; margin-top: 10px;\">Risposta immediata in italiano<\/p>\r\n<\/div>\r\n\n\n\n\n<title>Hotel Seer\u00f6sl \u2013 Vacanze sul Lago W\u00f6rthersee | Prenota su WhatsApp<\/title>\n<meta name=\"description\" content=\"Prenota la tua vacanza sul Lago W\u00f6rthersee all\u2019Hotel Seer\u00f6sl. Posizione perfetta, colazione inclusa, prenotazione via WhatsApp.\">\n\ud83d\udd39 WhatsApp Booking\n<h1>\ud83c\udf05 Hotel Seer\u00f6sl \u2013 Vacanze sul Lago W\u00f6rthersee<\/h1>\n<p>Nel cuore di Krumpendorf, a 2 passi dal lago. Colazione inclusa, accoglienza familiare, prenota facilmente via WhatsApp.<\/p>\n\n<a href=\"https:\/\/wa.me\/4369010122107?text=Ciao%2C%20vorrei%20prenotare%20una%20camera%20all%27Hotel%20Seer%C3%B6sl%20sul%20Lago%20W%C3%B6rthersee\" style=\"display: inline-block; background-color: #25D366; color: white; padding: 14px 28px; font-size: 18px; border-radius: 6px; text-decoration: none; margin-top: 15px;\">\n   \ud83d\udcf2 Prenota ora via WhatsApp\n<\/a>\n<p style=\"font-size: 14px; color: #777;\">\ud83c\udfaf Offerta valida solo per 15 minuti!<\/p>\n\ud83d\udd39 Highlights\n<h2>\u2705 Perch\u00e9 scegliere Hotel Seer\u00f6sl?<\/h2>\n<ul>\n  <li>\ud83d\udca7 A 100\u202fm dal lago<\/li>\n  <li>\ud83c\udf7d\ufe0f Colazione inclusa<\/li>\n  <li>\ud83d\ude97 Parcheggio gratuito<\/li>\n  <li>\ud83d\udcf6 Wi-Fi in tutta la struttura<\/li>\n  <li>\ud83d\udcf1 Prenotazione diretta via WhatsApp<\/li>\n<\/ul>\n\n\n\n<section style=\"background-color:#f9f9f9; padding: 30px; border-radius: 8px; margin-top: 40px;\">\n  <h2 style=\"text-align: center; margin-bottom: 30px;\">\ud83c\udf1f G\u00e4ste \u00fcber Hotel Seer\u00f6sl<\/h2>\n\n  <div style=\"display: flex; flex-wrap: wrap; gap: 20px; justify-content: center;\">\n\n    <!-- Bewertung 1 -->\n    <div style=\"background-color: white; padding: 20px; border-radius: 6px; max-width: 300px; box-shadow: 0 2px 6px rgba(0,0,0,0.05);\">\n      <p style=\"font-style: italic;\">\u201cPerfekte Lage, super Fr\u00fchst\u00fcck und das Team war herzlich \u2013 wir kommen wieder!\u201d<\/p>\n      <p><strong>\u2013 Julia & Thomas, Deutschland \ud83c\udde9\ud83c\uddea<\/strong><\/p>\n    <\/div>\n\n    <!-- Bewertung 2 -->\n    <div style=\"background-color: white; padding: 20px; border-radius: 6px; max-width: 300px; box-shadow: 0 2px 6px rgba(0,0,0,0.05);\">\n      <p style=\"font-style: italic;\">\u201cOttima struttura a due passi dal lago. Camere pulite e staff molto gentile.\u201d<\/p>\n      <p><strong>\u2013 Laura, Italia \ud83c\uddee\ud83c\uddf9<\/strong><\/p>\n    <\/div>\n\n    <!-- Bewertung 3 -->\n    <div style=\"background-color: white; padding: 20px; border-radius: 6px; max-width: 300px; box-shadow: 0 2px 6px rgba(0,0,0,0.05);\">\n      <p style=\"font-style: italic;\">\u201cLovely small hotel with lake access and fantastic breakfast. WhatsApp booking was super easy.\u201d<\/p>\n      <p><strong>\u2013 David, UK \ud83c\uddec\ud83c\udde7<\/strong><\/p>\n    <\/div>\n\n  <\/div>\n<\/section>\n","protected":false},"excerpt":{"rendered":"<p>\ud83c\udf0a Vivi un\u2019estate da sogno tra natura, relax e ospitalit\u00e0 austriaca Benvenuto al Lago W\u00f6rthersee, una delle mete estive pi\u00f9 amate dell\u2019Austria, a due passi dall\u2019Italia. Un lago alpino con acque turchesi, spiagge curate, hotel per ogni esigenza e tante attivit\u00e0 all\u2019aria aperta. \u00c8 un luogo ideale per la tua<a href=\"https:\/\/seeroesl.at\/mtk\/index.php\/it-vacanze-sul-lago-woerthersee-austria-hotel-booking\/\" class=\"read-more\">Read More ...<\/a><\/p>\n","protected":false},"author":1,"featured_media":3140,"parent":0,"menu_order":0,"comment_status":"closed","ping_status":"closed","template":"","meta":{"_glsr_average":0,"_glsr_ranking":0,"_glsr_reviews":0,"footnotes":""},"class_list":["post-5403","page","type-page","status-publish","has-post-thumbnail","hentry"],"yoast_head":"<!-- This site is optimized with the Yoast SEO Premium plugin v24.0 (Yoast SEO v27.4) - https:\/\/yoast.com\/product\/yoast-seo-premium-wordpress\/ -->\n<title>Vacanze sul Lago W\u00f6rthersee \u2013 Il tuo angolo di paradiso in Austria &#187; W\u00f6rthersee Hotel Seer\u00f6sl<\/title>\n<meta name=\"description\" content=\"vacanze W\u00f6rthersee hotel booking\" \/>\n<meta name=\"robots\" content=\"index, follow, max-snippet:-1, max-image-preview:large, max-video-preview:-1\" \/>\n<link rel=\"canonical\" href=\"https:\/\/seeroesl.at\/mtk\/index.php\/it-vacanze-sul-lago-woerthersee-austria-hotel-booking\/\" \/>\n<meta property=\"og:locale\" content=\"de_DE\" \/>\n<meta property=\"og:type\" content=\"article\" \/>\n<meta property=\"og:title\" content=\"Vacanze sul Lago W\u00f6rthersee \u2013 Il tuo angolo di paradiso in Austria\" \/>\n<meta property=\"og:description\" content=\"vacanze W\u00f6rthersee hotel booking\" \/>\n<meta property=\"og:url\" content=\"https:\/\/seeroesl.at\/mtk\/index.php\/it-vacanze-sul-lago-woerthersee-austria-hotel-booking\/\" \/>\n<meta property=\"og:site_name\" content=\"W\u00f6rthersee Hotel Seer\u00f6sl\" \/>\n<meta property=\"article:publisher\" content=\"https:\/\/www.facebook.com\/www.seeroeslamwoerthersee.at\/\" \/>\n<meta property=\"article:modified_time\" content=\"2025-08-02T14:27:00+00:00\" \/>\n<meta property=\"og:image\" content=\"https:\/\/seeroesl.at\/mtk\/wp-content\/uploads\/2021\/03\/cropped-Krumpendorf.mit_.Pfeil_-scaled-1.jpg\" \/>\n\t<meta property=\"og:image:width\" content=\"2000\" \/>\n\t<meta property=\"og:image:height\" content=\"1201\" \/>\n\t<meta property=\"og:image:type\" content=\"image\/jpeg\" \/>\n<meta name=\"twitter:card\" content=\"summary_large_image\" \/>\n<meta name=\"twitter:label1\" content=\"Gesch\u00e4tzte Lesezeit\" \/>\n\t<meta name=\"twitter:data1\" content=\"4 Minuten\" \/>\n<!-- \/ Yoast SEO Premium plugin. -->","yoast_head_json":{"title":"Vacanze sul Lago W\u00f6rthersee \u2013 Il tuo angolo di paradiso in Austria &#187; W\u00f6rthersee Hotel Seer\u00f6sl","description":"vacanze W\u00f6rthersee hotel booking","robots":{"index":"index","follow":"follow","max-snippet":"max-snippet:-1","max-image-preview":"max-image-preview:large","max-video-preview":"max-video-preview:-1"},"canonical":"https:\/\/seeroesl.at\/mtk\/index.php\/it-vacanze-sul-lago-woerthersee-austria-hotel-booking\/","og_locale":"de_DE","og_type":"article","og_title":"Vacanze sul Lago W\u00f6rthersee \u2013 Il tuo angolo di paradiso in Austria","og_description":"vacanze W\u00f6rthersee hotel booking","og_url":"https:\/\/seeroesl.at\/mtk\/index.php\/it-vacanze-sul-lago-woerthersee-austria-hotel-booking\/","og_site_name":"W\u00f6rthersee Hotel Seer\u00f6sl","article_publisher":"https:\/\/www.facebook.com\/www.seeroeslamwoerthersee.at\/","article_modified_time":"2025-08-02T14:27:00+00:00","og_image":[{"width":2000,"height":1201,"url":"https:\/\/seeroesl.at\/mtk\/wp-content\/uploads\/2021\/03\/cropped-Krumpendorf.mit_.Pfeil_-scaled-1.jpg","type":"image\/jpeg"}],"twitter_card":"summary_large_image","twitter_misc":{"Gesch\u00e4tzte Lesezeit":"4 Minuten"},"schema":{"@context":"https:\/\/schema.org","@graph":[{"@type":"WebPage","@id":"https:\/\/seeroesl.at\/mtk\/index.php\/it-vacanze-sul-lago-woerthersee-austria-hotel-booking\/","url":"https:\/\/seeroesl.at\/mtk\/index.php\/it-vacanze-sul-lago-woerthersee-austria-hotel-booking\/","name":"Vacanze sul Lago W\u00f6rthersee \u2013 Il tuo angolo di paradiso in Austria &#187; W\u00f6rthersee Hotel Seer\u00f6sl","isPartOf":{"@id":"https:\/\/seeroesl.at\/mtk\/#website"},"primaryImageOfPage":{"@id":"https:\/\/seeroesl.at\/mtk\/index.php\/it-vacanze-sul-lago-woerthersee-austria-hotel-booking\/#primaryimage"},"image":{"@id":"https:\/\/seeroesl.at\/mtk\/index.php\/it-vacanze-sul-lago-woerthersee-austria-hotel-booking\/#primaryimage"},"thumbnailUrl":"https:\/\/seeroesl.at\/mtk\/wp-content\/uploads\/2021\/03\/cropped-Krumpendorf.mit_.Pfeil_-scaled-1.jpg","datePublished":"2025-08-02T13:13:34+00:00","dateModified":"2025-08-02T14:27:00+00:00","description":"vacanze W\u00f6rthersee hotel booking","breadcrumb":{"@id":"https:\/\/seeroesl.at\/mtk\/index.php\/it-vacanze-sul-lago-woerthersee-austria-hotel-booking\/#breadcrumb"},"inLanguage":"de-AT","potentialAction":[{"@type":"ReadAction","target":["https:\/\/seeroesl.at\/mtk\/index.php\/it-vacanze-sul-lago-woerthersee-austria-hotel-booking\/"]}]},{"@type":"ImageObject","inLanguage":"de-AT","@id":"https:\/\/seeroesl.at\/mtk\/index.php\/it-vacanze-sul-lago-woerthersee-austria-hotel-booking\/#primaryimage","url":"https:\/\/seeroesl.at\/mtk\/wp-content\/uploads\/2021\/03\/cropped-Krumpendorf.mit_.Pfeil_-scaled-1.jpg","contentUrl":"https:\/\/seeroesl.at\/mtk\/wp-content\/uploads\/2021\/03\/cropped-Krumpendorf.mit_.Pfeil_-scaled-1.jpg","width":2000,"height":1201},{"@type":"BreadcrumbList","@id":"https:\/\/seeroesl.at\/mtk\/index.php\/it-vacanze-sul-lago-woerthersee-austria-hotel-booking\/#breadcrumb","itemListElement":[{"@type":"ListItem","position":1,"name":"Home","item":"https:\/\/seeroesl.at\/mtk\/"},{"@type":"ListItem","position":2,"name":"Vacanze sul Lago W\u00f6rthersee \u2013 Il tuo angolo di paradiso in Austria"}]},{"@type":"WebSite","@id":"https:\/\/seeroesl.at\/mtk\/#website","url":"https:\/\/seeroesl.at\/mtk\/","name":"W\u00f6rthersee ~ Hotel Garni Seer\u00f6sl | W\u00f6rthersee Urlaub | K\u00e4rnten","description":"Hotel Garni Seer\u00f6sl am W\u00f6rthersee | Urlaub in K\u00e4rnten | \u00d6sterreich","publisher":{"@id":"https:\/\/seeroesl.at\/mtk\/#organization"},"alternateName":"Hotel Seer\u00f6sl | W\u00f6rthersee","potentialAction":[{"@type":"SearchAction","target":{"@type":"EntryPoint","urlTemplate":"https:\/\/seeroesl.at\/mtk\/?s={search_term_string}"},"query-input":{"@type":"PropertyValueSpecification","valueRequired":true,"valueName":"search_term_string"}}],"inLanguage":"de-AT"},{"@type":"Organization","@id":"https:\/\/seeroesl.at\/mtk\/#organization","name":"W\u00f6rthersee Hotel Seer\u00f6sl","url":"https:\/\/seeroesl.at\/mtk\/","logo":{"@type":"ImageObject","inLanguage":"de-AT","@id":"https:\/\/seeroesl.at\/mtk\/#\/schema\/logo\/image\/","url":"https:\/\/seeroesl.at\/mtk\/wp-content\/uploads\/2021\/02\/cropped-Header-Logo-Seerosl-website.png","contentUrl":"https:\/\/seeroesl.at\/mtk\/wp-content\/uploads\/2021\/02\/cropped-Header-Logo-Seerosl-website.png","width":512,"height":512,"caption":"W\u00f6rthersee Hotel Seer\u00f6sl"},"image":{"@id":"https:\/\/seeroesl.at\/mtk\/#\/schema\/logo\/image\/"},"sameAs":["https:\/\/www.facebook.com\/www.seeroeslamwoerthersee.at\/","https:\/\/www.instagram.com\/seeroesl.at\/?hl=de","https:\/\/www.pinterest.at\/Seeroesl\/_created","https:\/\/www.youtube.com\/channel\/UCPZp8pLUNLKgbrSm8gmBF-w","https:\/\/seeroesl.at\/mtk\/index.php\/urlaub-am-woerthersee-hotel-seeroesl-kontakt\/bewertungen-seeroesl-hotel-star-rating\/"],"publishingPrinciples":"https:\/\/seeroesl.at\/mtk\/"}]}},"_links":{"self":[{"href":"https:\/\/seeroesl.at\/mtk\/index.php\/wp-json\/wp\/v2\/pages\/5403","targetHints":{"allow":["GET"]}}],"collection":[{"href":"https:\/\/seeroesl.at\/mtk\/index.php\/wp-json\/wp\/v2\/pages"}],"about":[{"href":"https:\/\/seeroesl.at\/mtk\/index.php\/wp-json\/wp\/v2\/types\/page"}],"author":[{"embeddable":true,"href":"https:\/\/seeroesl.at\/mtk\/index.php\/wp-json\/wp\/v2\/users\/1"}],"replies":[{"embeddable":true,"href":"https:\/\/seeroesl.at\/mtk\/index.php\/wp-json\/wp\/v2\/comments?post=5403"}],"version-history":[{"count":8,"href":"https:\/\/seeroesl.at\/mtk\/index.php\/wp-json\/wp\/v2\/pages\/5403\/revisions"}],"predecessor-version":[{"id":5417,"href":"https:\/\/seeroesl.at\/mtk\/index.php\/wp-json\/wp\/v2\/pages\/5403\/revisions\/5417"}],"wp:featuredmedia":[{"embeddable":true,"href":"https:\/\/seeroesl.at\/mtk\/index.php\/wp-json\/wp\/v2\/media\/3140"}],"wp:attachment":[{"href":"https:\/\/seeroesl.at\/mtk\/index.php\/wp-json\/wp\/v2\/media?parent=5403"}],"curies":[{"name":"wp","href":"https:\/\/api.w.org\/{rel}","templated":true}]}}