{"id":5570,"date":"2026-02-27T10:00:13","date_gmt":"2026-02-27T10:00:13","guid":{"rendered":"https:\/\/seeroesl.at\/mtk\/?page_id=5570"},"modified":"2026-02-28T12:05:57","modified_gmt":"2026-02-28T12:05:57","slug":"woerthersee-top-events-2026-kaernten-veranstaltungen","status":"publish","type":"page","link":"https:\/\/seeroesl.at\/mtk\/index.php\/woerthersee-top-events-2026-kaernten-veranstaltungen\/","title":{"rendered":"W\u00f6rthersee Events 2026 \u2705"},"content":{"rendered":"\n<figure class=\"wp-block-image size-large\"><img data-dominant-color=\"683730\" data-has-transparency=\"false\" style=\"--dominant-color: #683730;\" decoding=\"async\" width=\"575\" height=\"1024\" src=\"https:\/\/seeroesl.at\/mtk\/wp-content\/uploads\/2026\/01\/NEU.Woertherse-Events-2026-Veranstaltungen-Kaernten-575x1024.webp\" alt=\"W\u00f6rthersee Events 2026 Sommer Veranstaltungen in K\u00e4rnten\" class=\"wp-image-5573 not-transparent\" srcset=\"https:\/\/seeroesl.at\/mtk\/wp-content\/uploads\/2026\/01\/NEU.Woertherse-Events-2026-Veranstaltungen-Kaernten-575x1024.webp 575w, https:\/\/seeroesl.at\/mtk\/wp-content\/uploads\/2026\/01\/NEU.Woertherse-Events-2026-Veranstaltungen-Kaernten-169x300.webp 169w, https:\/\/seeroesl.at\/mtk\/wp-content\/uploads\/2026\/01\/NEU.Woertherse-Events-2026-Veranstaltungen-Kaernten-84x150.webp 84w, https:\/\/seeroesl.at\/mtk\/wp-content\/uploads\/2026\/01\/NEU.Woertherse-Events-2026-Veranstaltungen-Kaernten-393x700.webp 393w, https:\/\/seeroesl.at\/mtk\/wp-content\/uploads\/2026\/01\/NEU.Woertherse-Events-2026-Veranstaltungen-Kaernten.webp 768w\" sizes=\"(max-width: 575px) 100vw, 575px\" \/><\/figure>\n\n\n\n<h2 class=\"wp-block-heading\" id=\"h-uberblick-der-geplanten-worthersee-top-events-2026-veranstaltungen-karnten\">\u00dcberblick der geplanten W\u00f6rthersee TOP Events 2026 -Veranstaltungen | K\u00e4rnten<\/h2>\n\n\n\n<h3 class=\"wp-block-heading\" id=\"h-freut-euch-auf-zahlreiche-veranstaltungen-events-konzerte-sportveranstaltungen-im-sommer-2026-in-karnten\">Freut Euch auf zahlreiche Veranstaltungen, Events, Konzerte, Sportveranstaltungen im Sommer 2026 in K\u00e4rnten.<\/h3>\n\n\n\n<p><strong>Klagenfurt - Top Veranstaltungen<\/strong><\/p>\n\n\n\n<p>Z.B.  im W\u00f6rthersee Stadion und die Starnacht am W\u00f6rthersee. Oder abwechslungsreiche Konzertveranstaltungen wie bspw. das<\/p>\n\n\n\n<p>Matakustix Open Air, Andreas Gabalier, Mark Forster<\/p>\n\n\n\n<p>Ebenfalls erwarten Euch die legend\u00e4re Ironman Veranstaltung in Klagenfurt, <\/p>\n\n\n\n<p>und vieles mehr<\/p>\n\n\n\n<h3 class=\"wp-block-heading\" id=\"h-top-worthersee-event-unterkunft-sehr-zentral-und-nahe-am-geschehen\">Top W\u00f6rthersee Event Unterkunft - sehr zentral und nahe am Geschehen<\/h3>\n\n\n\n<p>Da wir uns nur ein paar Minuten von Velden, Klagenfurt (Ostbucht Klagenfurt ) , P\u00f6rtschach und Moosburg entfernt befinden, sind wir die ideale Unterkunft f\u00fcr Eure n\u00e4chste W\u00f6rthersee Veranstaltung. <a href=\"https:\/\/seeroesl.at\/mtk\/index.php\/woerthersee-event-unterkunft-hotel-anfrage-seeroesl-am-woerthersee\/\">Zur Event Route<\/a><\/p>\n\n\n\n<h3 class=\"wp-block-heading\" id=\"h-worthersee-events-2026-veranstaltungen-sommer-zimmeranfrage\">W\u00f6rthersee Events 2026 - Veranstaltungen Sommer + Zimmeranfrage!<\/h3>\n\n\n\n<p>Aufgrund enormer Nachfrage zu den Events, empfehlen wir eine fr\u00fchzeitige Zimmerreservierung! \ud83d\udce9 info@seeroesl.at<\/p>\n\n\n\n<p><\/p>\n\n\n\n<p>Hierzu bitte nicht vergessen unser <a href=\"https:\/\/seeroesl.at\/mtk\/index.php\/hotel-woerthersee-direkt-buchen-seeroesl\/woerthersee-anfrage-urlaub\/\" type=\"link\" id=\"https:\/\/seeroesl.at\/mtk\/index.php\/hotel-woerthersee-direkt-buchen-seeroesl\/woerthersee-anfrage-urlaub\/\">Onlineformular<\/a> auszuf\u00fcllen oder uns per Mail inf@seeroesl.at kontakieren! Anschlie\u00dfend bekommt ihr unser Urlaubsangebot schnellstm\u00f6glich zugemailt.<\/p>\n\n\n\n<p><\/p>\n\n\n\n<p><\/p>\n\n\n\n<p><\/p>\n\n\n\n<figure class=\"wp-block-table is-style-stripes\"><table class=\"has-fixed-layout\"><tbody><tr><td>01.05.<\/td><td>\u00d6FB-Cupfinale im W\u00f6rtherseestadion<\/td><\/tr><tr><td>07.05.-08.05.<\/td><td>BFC Future Expo 2026 Klagenfurt, Business &amp; Networking<\/td><\/tr><tr><td>Mai.2026<\/td><td>Genussfestival \u201eSee-Ess-Spiele\u201c<\/td><\/tr><tr><td>10.05.<\/td><td>Muttertag<\/td><\/tr><tr><td>12.05. -17.05.<\/td><td>XS Carnight W\u00f6rthersee Festival 2026<\/td><\/tr><tr><td>14.05.<\/td><td>Christi Himmelfahrt<\/td><\/tr><tr><td>16.05.<\/td><td>Kirschbl\u00fctenlauf Krumpendorf<\/td><\/tr><tr><td>14.05. - 17.05.<\/td><td>Bubbles at the Lake Festival (Velden)<\/td><\/tr><tr><td>14.05. - 17.05.<\/td><td>Alpen Adria Hafenfest (W\u00f6rthersee Ostbucht)<\/td><\/tr><tr><td>22.05. - 25.05.<\/td><td>Weekend hitschies Masters P\u00f6rtschach Seearena<\/td><\/tr><tr><td>24.05. - 25.05.<\/td><td>Pfingsten<\/td><\/tr><tr><td>24.05.<\/td><td>Smokie \u2013 die legend\u00e4re britische Band<\/td><\/tr><tr><td>29.05. - 31.05.<\/td><td>Yogafestival \u201eNamaste am See\u201c<\/td><\/tr><tr><td>29.05. - 07.06.<\/td><td>W\u00f6rthersee Darts Open in Krumpendorf<\/td><\/tr><tr><td>04.06.<\/td><td>Fronleichnam<\/td><\/tr><tr><td>04.06.<\/td><td>Rian (Burgarena Finkenstein)<\/td><\/tr><tr><td>04.06.<\/td><td>Wein Wiesen (Velden)<\/td><\/tr><tr><td>05.06. - 07.06.<\/td><td>Herbert Pixner (Burgarena Finkenstein)<\/td><\/tr><tr><td>04.06. - 06.06.<\/td><td>W\u00f6rthersee Vespa Days (P\u00f6rtschach)<\/td><\/tr><tr><td>13.06.<\/td><td>Die Jungen Ten\u00f6re (Burgarena Finkenstein)<\/td><\/tr><tr><td>14.06.<\/td><td>Aut of Orda (Burgarena Finkenstein)<\/td><\/tr><tr><td>14.06.<\/td><td>Ironman Austria Klagenfurt<\/td><\/tr><tr><td>15.06.<\/td><td>M\u00fcnchener Freiheit (Burgarena Finkenstein)<\/td><\/tr><tr><td>15.06. - 21.06.<\/td><td>Int. Sportwagen Festival (Velden)<\/td><\/tr><tr><td>18.06. - 21.06.<\/td><td>United World Games (W\u00f6rtherseestadion)<\/td><\/tr><tr><td>19.06. - 20.06.<\/td><td>Wenn die Musi spielt \u2013 Open Air 2026 (Bad Kleinkirchheim)<\/td><\/tr><tr><td>19.06.<\/td><td>Woerthersee Classics Festival - 25 Jahre - Zum Wohlklang: 25. Klassik - Himmel , Konzerthaus Klagenfurt<\/td><\/tr><tr><td>25.06.<\/td><td>Folkshilfe (Burgarena Finkenstein)<\/td><\/tr><tr><td>26.06.<\/td><td>Beach Trophy 2026 , Klagenfurt Metnitzstrand<\/td><\/tr><tr><td>27.06.<\/td><td>W\u00f6rthersee Sonnwendwanderung<\/td><\/tr><tr><td>27.06.<\/td><td>Nik P. &amp; Band (Burgarena Finkenstein)<\/td><\/tr><tr><td>27.06.<\/td><td>Master of Dirt (W\u00f6rtherseestadion)<\/td><\/tr><tr><td>Juli &amp; August<\/td><td>Flaniermeile Velden<\/td><\/tr><tr><td>01.07. - 05.07.<\/td><td>Int. Rolls Royce &amp; Bentley Meeting (Velden)<\/td><\/tr><tr><td>03.07.<\/td><td>Matakustix Show (Ostbucht Klagenfurt)<\/td><\/tr><tr><td>04.07.<\/td><td>Andreas Gabalier (Ostbucht Klangenfurt)<\/td><\/tr><tr><td>05.07.<\/td><td>Mark Forster (Ostbucht Klagenfurt)<\/td><\/tr><tr><td>10.07. - 11.07.<\/td><td>Starnacht am W\u00f6rthersee (Ostbucht Klagenfurt)<\/td><\/tr><tr><td>12.07.<\/td><td>Pizzera &amp; Jaus Ostbucht Klagenfurt<\/td><\/tr><tr><td>23.07.<\/td><td>Seiler &amp; Speer Zusatzkonzert , Schlosswiese Moosburg<\/td><\/tr><tr><td>24.07.<\/td><td>Fete Blanche W\u00f6rthersee<\/td><\/tr><tr><td>24.07.<\/td><td>Electric Callboy - Schlosswiese Moosburg<\/td><\/tr><tr><td>25.07.<\/td><td>Seiler &amp; Speer Konzert  , Schlosswiese Moosburg<\/td><\/tr><tr><td>26.07. - 02.08<\/td><td>Villacher Kirchtag<\/td><\/tr><tr><td>07.08. - 09.08.<\/td><td>Altstadtzauber (Klagenfurt)<\/td><\/tr><tr><td>15.08.<\/td><td>Marien-Schiffsprozession<\/td><\/tr><tr><td>24.08. - 30.08.<\/td><td>Pink Lake LGBTQ Festival -  (P\u00f6rtschach)<\/td><\/tr><tr><td>28.08. - 30.08.<\/td><td>K\u00e4rnten l\u00e4uft \u2013 W\u00f6rthersee Halbmarathon<\/td><\/tr><tr><td>02.09. -05.09.<\/td><td>Internationale Holzmesse Klagenfurt<\/td><\/tr><tr><td>04.09. - 05.09.<\/td><td>W\u00f6rthersee Swim 2026 Austria<\/td><\/tr><tr><td>05.09.<\/td><td>Maite Kelly &amp; Band Schlagerherz &amp; Flower-Power K\u00e4rnten Burgarena Finkenstein<\/td><\/tr><tr><td>08.09. - 13.09.<\/td><td>European Bike Week \u2013 Harley Davidson<\/td><\/tr><tr><td>16.09.-20.09.<\/td><td>Klagenfurt Autumn Fair Klagenfurt, Messe &amp; Kultur ( Herbstmesse Klagenfurt)<\/td><\/tr><tr><td><\/td><td>World Bodypainting Festival in Klagenfurt<\/td><\/tr><tr><td><\/td><td>W\u00f6rthersee Ultra Trail (P\u00f6rtschach)<\/td><\/tr><tr><td>Oktober 2026<\/td><td>Krimi-Fest W\u00f6rthersee<\/td><\/tr><tr><td>Oktober 2026<\/td><td>Goldener Wanderherbst<\/td><\/tr><tr><td>26.10.2026<\/td><td>W\u00f6rthersee Wandertage<\/td><\/tr><\/tbody><\/table><\/figure>\n\n\n\n<p><em><sub>F\u00fcr Termine, \u00c4nderungen oder Absagen ist ausschlie\u00dflich der jeweilige Veranstalter verantwortlich. <\/sub><\/em><br><em><sub>Die Eventliste auf unserer Website wird laufend aktualisiert.<\/sub><\/em><\/p>\n\n\n\n<h3 class=\"wp-block-heading\" id=\"h-jetzt-die-nachste-worthersee-veranstaltung-besuchen-und-gleich-das-zimmer-mit-fruhstuck-anfragen\">Jetzt die n\u00e4chste W\u00f6rthersee Veranstaltung besuchen und gleich das Zimmer mit Fr\u00fchst\u00fcck anfragen<\/h3>\n\n\n\n<p>Ihr liebt Sommerveranstaltungen und besucht gerne verschiedene Events, dann bucht Euer Zimmer mit Balkon und Fr\u00fchst\u00fcck gleich bei uns. Sofern Zimmer noch frei sind, melden wir uns bei Euch.<\/p>\n\n\n\n<p>Hierzu bitte nicht vergessen unser Onlineformular auszuf\u00fcllen oder uns per Mail inf@seeroesl.at kontakieren! Anschlie\u00dfend bekommt ihr unser Urlaubsangebot schnellstm\u00f6glich zugemailt.<\/p>\n\n\n\n<p><a href=\"https:\/\/seeroesl.at\/mtk\/index.php\/hotel-garni-seeroesl-krumpendorf-am-woerthersee-online-buchen\/urlaubsanfrage\/\"><strong>Zum Anfrageformular Hotel Garni Seer\u00f6sl!<\/strong><\/a><\/p>\n","protected":false},"excerpt":{"rendered":"<p>\u00dcberblick der geplanten W\u00f6rthersee TOP Events 2026 -Veranstaltungen | K\u00e4rnten Freut Euch auf zahlreiche Veranstaltungen, Events, Konzerte, Sportveranstaltungen im Sommer 2026 in K\u00e4rnten. Klagenfurt - Top Veranstaltungen Z.B. im W\u00f6rthersee Stadion und die Starnacht am W\u00f6rthersee. Oder abwechslungsreiche Konzertveranstaltungen wie bspw. das Matakustix Open Air, Andreas Gabalier, Mark Forster Ebenfalls<a href=\"https:\/\/seeroesl.at\/mtk\/index.php\/woerthersee-top-events-2026-kaernten-veranstaltungen\/\" class=\"read-more\">Read More ...<\/a><\/p>\n","protected":false},"author":1,"featured_media":0,"parent":0,"menu_order":0,"comment_status":"closed","ping_status":"closed","template":"","meta":{"_glsr_average":0,"_glsr_ranking":0,"_glsr_reviews":0,"footnotes":"[]"},"class_list":["post-5570","page","type-page","status-publish","hentry"],"yoast_head":"<!-- This site is optimized with the Yoast SEO Premium plugin v24.0 (Yoast SEO v27.4) - https:\/\/yoast.com\/product\/yoast-seo-premium-wordpress\/ -->\n<title>W\u00f6rthersee Events 2026 \u2705 &#187; W\u00f6rthersee Hotel Seer\u00f6sl<\/title>\n<meta name=\"description\" content=\"W\u00f6rthersee TOP Events 2026 , Veranstaltungen in K\u00e4rnten + Zimmer buchen! Nur ca.10-15min nach Velden, Klagenfurt, P\u00f6rtschach, Moosburg\" \/>\n<meta name=\"robots\" content=\"index, follow, max-snippet:-1, max-image-preview:large, max-video-preview:-1\" \/>\n<link rel=\"canonical\" href=\"https:\/\/seeroesl.at\/mtk\/index.php\/woerthersee-top-events-2026-kaernten-veranstaltungen\/\" \/>\n<meta property=\"og:locale\" content=\"de_DE\" \/>\n<meta property=\"og:type\" content=\"article\" \/>\n<meta property=\"og:title\" content=\"W\u00f6rthersee Events 2026 \u2705\" \/>\n<meta property=\"og:description\" content=\"W\u00f6rthersee TOP Events 2026 , Veranstaltungen in K\u00e4rnten + Zimmer buchen! Nur ca.10-15min nach Velden, Klagenfurt, P\u00f6rtschach, Moosburg\" \/>\n<meta property=\"og:url\" content=\"https:\/\/seeroesl.at\/mtk\/index.php\/woerthersee-top-events-2026-kaernten-veranstaltungen\/\" \/>\n<meta property=\"og:site_name\" content=\"W\u00f6rthersee Hotel Seer\u00f6sl\" \/>\n<meta property=\"article:publisher\" content=\"https:\/\/www.facebook.com\/www.seeroeslamwoerthersee.at\/\" \/>\n<meta property=\"article:modified_time\" content=\"2026-02-28T12:05:57+00:00\" \/>\n<meta property=\"og:image\" content=\"https:\/\/seeroesl.at\/mtk\/wp-content\/uploads\/2026\/01\/NEU.Woertherse-Events-2026-Veranstaltungen-Kaernten.webp\" \/>\n\t<meta property=\"og:image:width\" content=\"768\" \/>\n\t<meta property=\"og:image:height\" content=\"1367\" \/>\n\t<meta property=\"og:image:type\" content=\"image\/jpeg\" \/>\n<meta name=\"twitter:card\" content=\"summary_large_image\" \/>\n<meta name=\"twitter:label1\" content=\"Gesch\u00e4tzte Lesezeit\" \/>\n\t<meta name=\"twitter:data1\" content=\"4 Minuten\" \/>\n<!-- \/ Yoast SEO Premium plugin. -->","yoast_head_json":{"title":"W\u00f6rthersee Events 2026 \u2705 &#187; W\u00f6rthersee Hotel Seer\u00f6sl","description":"W\u00f6rthersee TOP Events 2026 , Veranstaltungen in K\u00e4rnten + Zimmer buchen! Nur ca.10-15min nach Velden, Klagenfurt, P\u00f6rtschach, Moosburg","robots":{"index":"index","follow":"follow","max-snippet":"max-snippet:-1","max-image-preview":"max-image-preview:large","max-video-preview":"max-video-preview:-1"},"canonical":"https:\/\/seeroesl.at\/mtk\/index.php\/woerthersee-top-events-2026-kaernten-veranstaltungen\/","og_locale":"de_DE","og_type":"article","og_title":"W\u00f6rthersee Events 2026 \u2705","og_description":"W\u00f6rthersee TOP Events 2026 , Veranstaltungen in K\u00e4rnten + Zimmer buchen! Nur ca.10-15min nach Velden, Klagenfurt, P\u00f6rtschach, Moosburg","og_url":"https:\/\/seeroesl.at\/mtk\/index.php\/woerthersee-top-events-2026-kaernten-veranstaltungen\/","og_site_name":"W\u00f6rthersee Hotel Seer\u00f6sl","article_publisher":"https:\/\/www.facebook.com\/www.seeroeslamwoerthersee.at\/","article_modified_time":"2026-02-28T12:05:57+00:00","og_image":[{"width":768,"height":1367,"url":"https:\/\/seeroesl.at\/mtk\/wp-content\/uploads\/2026\/01\/NEU.Woertherse-Events-2026-Veranstaltungen-Kaernten.webp","type":"image\/jpeg"}],"twitter_card":"summary_large_image","twitter_misc":{"Gesch\u00e4tzte Lesezeit":"4 Minuten"},"schema":{"@context":"https:\/\/schema.org","@graph":[{"@type":"WebPage","@id":"https:\/\/seeroesl.at\/mtk\/index.php\/woerthersee-top-events-2026-kaernten-veranstaltungen\/","url":"https:\/\/seeroesl.at\/mtk\/index.php\/woerthersee-top-events-2026-kaernten-veranstaltungen\/","name":"W\u00f6rthersee Events 2026 \u2705 &#187; W\u00f6rthersee Hotel Seer\u00f6sl","isPartOf":{"@id":"https:\/\/seeroesl.at\/mtk\/#website"},"primaryImageOfPage":{"@id":"https:\/\/seeroesl.at\/mtk\/index.php\/woerthersee-top-events-2026-kaernten-veranstaltungen\/#primaryimage"},"image":{"@id":"https:\/\/seeroesl.at\/mtk\/index.php\/woerthersee-top-events-2026-kaernten-veranstaltungen\/#primaryimage"},"thumbnailUrl":"https:\/\/seeroesl.at\/mtk\/wp-content\/uploads\/2026\/01\/NEU.Woertherse-Events-2026-Veranstaltungen-Kaernten-575x1024.webp","datePublished":"2026-02-27T10:00:13+00:00","dateModified":"2026-02-28T12:05:57+00:00","description":"W\u00f6rthersee TOP Events 2026 , Veranstaltungen in K\u00e4rnten + Zimmer buchen! Nur ca.10-15min nach Velden, Klagenfurt, P\u00f6rtschach, Moosburg","breadcrumb":{"@id":"https:\/\/seeroesl.at\/mtk\/index.php\/woerthersee-top-events-2026-kaernten-veranstaltungen\/#breadcrumb"},"inLanguage":"de-AT","potentialAction":[{"@type":"ReadAction","target":["https:\/\/seeroesl.at\/mtk\/index.php\/woerthersee-top-events-2026-kaernten-veranstaltungen\/"]}]},{"@type":"ImageObject","inLanguage":"de-AT","@id":"https:\/\/seeroesl.at\/mtk\/index.php\/woerthersee-top-events-2026-kaernten-veranstaltungen\/#primaryimage","url":"https:\/\/seeroesl.at\/mtk\/wp-content\/uploads\/2026\/01\/NEU.Woertherse-Events-2026-Veranstaltungen-Kaernten.webp","contentUrl":"https:\/\/seeroesl.at\/mtk\/wp-content\/uploads\/2026\/01\/NEU.Woertherse-Events-2026-Veranstaltungen-Kaernten.webp","width":768,"height":1367},{"@type":"BreadcrumbList","@id":"https:\/\/seeroesl.at\/mtk\/index.php\/woerthersee-top-events-2026-kaernten-veranstaltungen\/#breadcrumb","itemListElement":[{"@type":"ListItem","position":1,"name":"Home","item":"https:\/\/seeroesl.at\/mtk\/"},{"@type":"ListItem","position":2,"name":"W\u00f6rthersee Events 2026 \u2705"}]},{"@type":"WebSite","@id":"https:\/\/seeroesl.at\/mtk\/#website","url":"https:\/\/seeroesl.at\/mtk\/","name":"W\u00f6rthersee ~ Hotel Garni Seer\u00f6sl | W\u00f6rthersee Urlaub | K\u00e4rnten","description":"Hotel Garni Seer\u00f6sl am W\u00f6rthersee | Urlaub in K\u00e4rnten | \u00d6sterreich","publisher":{"@id":"https:\/\/seeroesl.at\/mtk\/#organization"},"alternateName":"Hotel Seer\u00f6sl | W\u00f6rthersee","potentialAction":[{"@type":"SearchAction","target":{"@type":"EntryPoint","urlTemplate":"https:\/\/seeroesl.at\/mtk\/?s={search_term_string}"},"query-input":{"@type":"PropertyValueSpecification","valueRequired":true,"valueName":"search_term_string"}}],"inLanguage":"de-AT"},{"@type":"Organization","@id":"https:\/\/seeroesl.at\/mtk\/#organization","name":"W\u00f6rthersee Hotel Seer\u00f6sl","url":"https:\/\/seeroesl.at\/mtk\/","logo":{"@type":"ImageObject","inLanguage":"de-AT","@id":"https:\/\/seeroesl.at\/mtk\/#\/schema\/logo\/image\/","url":"https:\/\/seeroesl.at\/mtk\/wp-content\/uploads\/2021\/02\/cropped-Header-Logo-Seerosl-website.png","contentUrl":"https:\/\/seeroesl.at\/mtk\/wp-content\/uploads\/2021\/02\/cropped-Header-Logo-Seerosl-website.png","width":512,"height":512,"caption":"W\u00f6rthersee Hotel Seer\u00f6sl"},"image":{"@id":"https:\/\/seeroesl.at\/mtk\/#\/schema\/logo\/image\/"},"sameAs":["https:\/\/www.facebook.com\/www.seeroeslamwoerthersee.at\/","https:\/\/www.instagram.com\/seeroesl.at\/?hl=de","https:\/\/www.pinterest.at\/Seeroesl\/_created","https:\/\/www.youtube.com\/channel\/UCPZp8pLUNLKgbrSm8gmBF-w","https:\/\/seeroesl.at\/mtk\/index.php\/urlaub-am-woerthersee-hotel-seeroesl-kontakt\/bewertungen-seeroesl-hotel-star-rating\/"],"publishingPrinciples":"https:\/\/seeroesl.at\/mtk\/"}]}},"_links":{"self":[{"href":"https:\/\/seeroesl.at\/mtk\/index.php\/wp-json\/wp\/v2\/pages\/5570","targetHints":{"allow":["GET"]}}],"collection":[{"href":"https:\/\/seeroesl.at\/mtk\/index.php\/wp-json\/wp\/v2\/pages"}],"about":[{"href":"https:\/\/seeroesl.at\/mtk\/index.php\/wp-json\/wp\/v2\/types\/page"}],"author":[{"embeddable":true,"href":"https:\/\/seeroesl.at\/mtk\/index.php\/wp-json\/wp\/v2\/users\/1"}],"replies":[{"embeddable":true,"href":"https:\/\/seeroesl.at\/mtk\/index.php\/wp-json\/wp\/v2\/comments?post=5570"}],"version-history":[{"count":29,"href":"https:\/\/seeroesl.at\/mtk\/index.php\/wp-json\/wp\/v2\/pages\/5570\/revisions"}],"predecessor-version":[{"id":5647,"href":"https:\/\/seeroesl.at\/mtk\/index.php\/wp-json\/wp\/v2\/pages\/5570\/revisions\/5647"}],"wp:attachment":[{"href":"https:\/\/seeroesl.at\/mtk\/index.php\/wp-json\/wp\/v2\/media?parent=5570"}],"curies":[{"name":"wp","href":"https:\/\/api.w.org\/{rel}","templated":true}]}}