{"id":68,"date":"2021-01-12T15:28:55","date_gmt":"2021-01-12T15:28:55","guid":{"rendered":"https:\/\/seeroesl.at\/mtkhost.21_wordpress\/?page_id=68"},"modified":"2022-02-19T09:34:56","modified_gmt":"2022-02-19T09:34:56","slug":"hotel-garni-seeroesl-urlaubsgutschein","status":"publish","type":"page","link":"https:\/\/seeroesl.at\/mtk\/index.php\/urlaub-am-woerthersee-hotel-seeroesl-kontakt\/hotel-garni-seeroesl-urlaubsgutschein\/","title":{"rendered":"Hotel Garni Seer\u00f6sl Urlaubsgutschein"},"content":{"rendered":"\n<figure class=\"wp-block-pullquote\"><blockquote><p>\u201e Urlaub ist die sch\u00f6nste Zeit im Jahr\u201c.<\/p><p>Schenken Sie Ihren Liebsten das wertvollste im Leben: \u201egemeinsame Zeit\u201c.<\/p><p>Verbringen Sie sch\u00f6ne Urlaubstage am wundersch\u00f6nen W\u00f6rthersee.<\/p><p>Gerne stellen wir Ihnen einen Wertgutschein aus.<\/p><p>Kontaktieren Sie uns einfach unter:<\/p><\/blockquote><\/figure>\n\n\n\n<div class=\"wpcf7 no-js\" id=\"wpcf7-f412-o1\" lang=\"de-AT\" dir=\"ltr\" data-wpcf7-id=\"412\">\n<div class=\"screen-reader-response\"><p role=\"status\" aria-live=\"polite\" aria-atomic=\"true\"><\/p> <ul><\/ul><\/div>\n<form action=\"\/mtk\/index.php\/wp-json\/wp\/v2\/pages\/68#wpcf7-f412-o1\" method=\"post\" class=\"wpcf7-form init\" aria-label=\"Contact form\" novalidate=\"novalidate\" data-status=\"init\">\n<fieldset class=\"hidden-fields-container\"><input type=\"hidden\" name=\"_wpcf7\" value=\"412\" \/><input type=\"hidden\" name=\"_wpcf7_version\" value=\"6.1.4\" \/><input type=\"hidden\" name=\"_wpcf7_locale\" value=\"de_AT\" \/><input type=\"hidden\" name=\"_wpcf7_unit_tag\" value=\"wpcf7-f412-o1\" \/><input type=\"hidden\" name=\"_wpcf7_container_post\" value=\"0\" \/><input type=\"hidden\" name=\"_wpcf7_posted_data_hash\" value=\"\" \/><input type=\"hidden\" name=\"_wpcf7_recaptcha_response\" value=\"\" \/>\n<\/fieldset>\n<p><label> Ihr Name<br \/>\n<span class=\"wpcf7-form-control-wrap\" data-name=\"your-name\"><input size=\"40\" maxlength=\"400\" class=\"wpcf7-form-control wpcf7-text wpcf7-validates-as-required\" aria-required=\"true\" aria-invalid=\"false\" value=\"\" type=\"text\" name=\"your-name\" \/><\/span> <\/label>\n<\/p>\n<p><label> Ihre E-mail<br \/>\n<span class=\"wpcf7-form-control-wrap\" data-name=\"your-email\"><input size=\"40\" maxlength=\"400\" class=\"wpcf7-form-control wpcf7-email wpcf7-validates-as-required wpcf7-text wpcf7-validates-as-email\" aria-required=\"true\" aria-invalid=\"false\" value=\"\" type=\"email\" name=\"your-email\" \/><\/span> <\/label>\n<\/p>\n<p>Bitte w\u00e4hlen Sie Ihren Anlass:<br \/>\n<span class=\"wpcf7-form-control-wrap\" data-name=\"Anlass\"><span class=\"wpcf7-form-control wpcf7-checkbox\"><span class=\"wpcf7-list-item first\"><label><input type=\"checkbox\" name=\"Anlass[]\" value=\"Sonstiges\" \/><span class=\"wpcf7-list-item-label\">Sonstiges<\/span><\/label><\/span><span class=\"wpcf7-list-item\"><label><input type=\"checkbox\" name=\"Anlass[]\" value=\"Hochzeit\" \/><span class=\"wpcf7-list-item-label\">Hochzeit<\/span><\/label><\/span><span class=\"wpcf7-list-item\"><label><input type=\"checkbox\" name=\"Anlass[]\" value=\"Taufe\" \/><span class=\"wpcf7-list-item-label\">Taufe<\/span><\/label><\/span><span class=\"wpcf7-list-item\"><label><input type=\"checkbox\" name=\"Anlass[]\" value=\"Familienurlaub\" \/><span class=\"wpcf7-list-item-label\">Familienurlaub<\/span><\/label><\/span><span class=\"wpcf7-list-item\"><label><input type=\"checkbox\" name=\"Anlass[]\" value=\"P\u00e4rchenurlaub\" \/><span class=\"wpcf7-list-item-label\">P\u00e4rchenurlaub<\/span><\/label><\/span><span class=\"wpcf7-list-item last\"><label><input type=\"checkbox\" name=\"Anlass[]\" value=\"Singleurlaub\" \/><span class=\"wpcf7-list-item-label\">Singleurlaub<\/span><\/label><\/span><\/span><\/span>\n<\/p>\n<p><label> Seer\u00f6sl Urlaubsgutschein: Titel<br \/>\n<span class=\"wpcf7-form-control-wrap\" data-name=\"Der-Gutschein\"><input size=\"40\" maxlength=\"400\" class=\"wpcf7-form-control wpcf7-text wpcf7-validates-as-required\" aria-required=\"true\" aria-invalid=\"false\" value=\"\" type=\"text\" name=\"Der-Gutschein\" \/><\/span> <\/label>\n<\/p>\n<p><span class=\"wpcf7-form-control-wrap\" data-name=\"checkbox-810\"><span class=\"wpcf7-form-control wpcf7-checkbox\"><span class=\"wpcf7-list-item first\"><label><input type=\"checkbox\" name=\"checkbox-810[]\" value=\"Wertgutschein f\u00fcr 3 N\u00e4chte\" \/><span class=\"wpcf7-list-item-label\">Wertgutschein f\u00fcr 3 N\u00e4chte<\/span><\/label><\/span><span class=\"wpcf7-list-item\"><label><input type=\"checkbox\" name=\"checkbox-810[]\" value=\"Wertgutschein f\u00fcr 1 Woche\" \/><span class=\"wpcf7-list-item-label\">Wertgutschein f\u00fcr 1 Woche<\/span><\/label><\/span><span class=\"wpcf7-list-item last\"><label><input type=\"checkbox\" name=\"checkbox-810[]\" value=\"Wertgutschein individuell\" \/><span class=\"wpcf7-list-item-label\">Wertgutschein individuell<\/span><\/label><\/span><\/span><\/span>\n<\/p>\n<p>Wertgutschein individuell (N\u00e4chte)<br \/>\n<span class=\"wpcf7-form-control-wrap\" data-name=\"menu-649\"><select class=\"wpcf7-form-control wpcf7-select\" aria-invalid=\"false\" name=\"menu-649\"><option value=\"0\">0<\/option><option value=\"3\">3<\/option><option value=\"4\">4<\/option><option value=\"5\">5<\/option><option value=\"6\">6<\/option><option value=\"7\">7<\/option><option value=\"8\">8<\/option><option value=\"9\">9<\/option><option value=\"10\">10<\/option><option value=\"11\">11<\/option><option value=\"12\">12<\/option><option value=\"13\">13<\/option><option value=\"14\">14<\/option><option value=\"15\">15<\/option><option value=\"16\">16<\/option><option value=\"17\">17<\/option><option value=\"18\">18<\/option><option value=\"19\">19<\/option><option value=\"20\">20<\/option><option value=\"21\">21<\/option><option value=\"22\">22<\/option><option value=\"23\">23<\/option><option value=\"24\">24<\/option><\/select><\/span>\n<\/p>\n<p>Personenanzahl<br \/>\n<span class=\"wpcf7-form-control-wrap\" data-name=\"menu-dropdown\"><select class=\"wpcf7-form-control wpcf7-select\" aria-invalid=\"false\" name=\"menu-dropdown\"><option value=\"1\">1<\/option><option value=\"2\">2<\/option><option value=\"3\">3<\/option><option value=\"4\">4<\/option><option value=\"5\">5<\/option><option value=\"6\">6<\/option><option value=\"7\">7<\/option><\/select><\/span>\n<\/p>\n<p><label> Seer\u00f6sl Gutschein (Widmung: f\u00fcr Frau\/Herr\/Familie ...)<br \/>\n<span class=\"wpcf7-form-control-wrap\" data-name=\"your-message\"><textarea cols=\"40\" rows=\"10\" maxlength=\"2000\" class=\"wpcf7-form-control wpcf7-textarea\" aria-invalid=\"false\" name=\"your-message\"><\/textarea><\/span> <\/label>\n<\/p>\n<p><input class=\"wpcf7-form-control wpcf7-submit has-spinner\" type=\"submit\" value=\"Senden\" \/>\n<\/p>\n<p><span class=\"wpcf7-form-control-wrap\">\n\t\t\t\t\t\t<span class=\"wpcf7-form-control wpcf7-checkbox wpcf7-validates-as-required wpcf7-acceptance optional\">\n\t\t\t\t\t\t\t<span class=\"wpcf7-list-item first last\">\n\t\t\t\t\t\t\t\t<label>\n\t\t\t\t\t\t\t\t\t<input type=\"checkbox\" name=\"cleverreach\" checked=\"checked\" \/>\n\t\t\t\t\t\t\t\t\t<span class=\"wpcf7-list-item-label\">Newsletter abonnieren<\/span>\n\t\t\t\t\t\t\t\t<\/label>\n\t\t\t\t\t\t\t<\/span>\n\t\t\t\t\t\t<\/span>\n\t\t\t\t\t <\/span><br \/>\n<span class=\"wpcf7-form-control-wrap\" data-name=\"acceptance-379\"><span class=\"wpcf7-form-control wpcf7-acceptance\"><span class=\"wpcf7-list-item\"><input type=\"checkbox\" name=\"acceptance-379\" value=\"1\" aria-invalid=\"false\" \/><\/span><\/span><\/span> DSGVO ( Zustimmung der Datenschutzerkl\u00e4rung aufgrund der gesetzlichen Bestimmungen) siehe Impressum & Datenschutz\n<\/p><div class=\"wpcf7-response-output\" aria-hidden=\"true\"><\/div>\n<\/form>\n<\/div>\n <a href=\"#\" class=\"sp-dsgvo-navigate-privacy-policy myClass\">Privacy policy<\/a>\n","protected":false},"excerpt":{"rendered":"<p>\u201e Urlaub ist die sch\u00f6nste Zeit im Jahr\u201c. Schenken Sie Ihren Liebsten das wertvollste im Leben: \u201egemeinsame Zeit\u201c. Verbringen Sie sch\u00f6ne Urlaubstage am wundersch\u00f6nen W\u00f6rthersee. Gerne stellen wir Ihnen einen Wertgutschein aus. Kontaktieren Sie uns einfach unter:<\/p>\n","protected":false},"author":1,"featured_media":0,"parent":18,"menu_order":0,"comment_status":"closed","ping_status":"closed","template":"","meta":{"_glsr_average":0,"_glsr_ranking":0,"_glsr_reviews":0,"footnotes":""},"class_list":["post-68","page","type-page","status-publish","hentry"],"yoast_head":"<!-- This site is optimized with the Yoast SEO Premium plugin v24.0 (Yoast SEO v27.4) - https:\/\/yoast.com\/product\/yoast-seo-premium-wordpress\/ -->\n<title>Hotel Garni Seer\u00f6sl Urlaubsgutschein &#187; W\u00f6rthersee Hotel Seer\u00f6sl<\/title>\n<meta name=\"description\" content=\"Hotel Garni Seer\u00f6sl | Urlaubsgutschein W\u00f6rthersee . Schenken Sie Ihren Liebsten das wertvollste Geschenk\u2764\ufe0f SEEnsucht nach gemeinsamer Zeit \u2764\ufe0f\" \/>\n<meta name=\"robots\" content=\"index, follow, max-snippet:-1, max-image-preview:large, max-video-preview:-1\" \/>\n<link rel=\"canonical\" href=\"https:\/\/seeroesl.at\/mtk\/index.php\/urlaub-am-woerthersee-hotel-seeroesl-kontakt\/hotel-garni-seeroesl-urlaubsgutschein\/\" \/>\n<meta property=\"og:locale\" content=\"de_DE\" \/>\n<meta property=\"og:type\" content=\"article\" \/>\n<meta property=\"og:title\" content=\"Hotel Garni Seer\u00f6sl Urlaubsgutschein\" \/>\n<meta property=\"og:description\" content=\"Hotel Garni Seer\u00f6sl | Urlaubsgutschein W\u00f6rthersee . Schenken Sie Ihren Liebsten das wertvollste Geschenk\u2764\ufe0f SEEnsucht nach gemeinsamer Zeit \u2764\ufe0f\" \/>\n<meta property=\"og:url\" content=\"https:\/\/seeroesl.at\/mtk\/index.php\/urlaub-am-woerthersee-hotel-seeroesl-kontakt\/hotel-garni-seeroesl-urlaubsgutschein\/\" \/>\n<meta property=\"og:site_name\" content=\"W\u00f6rthersee Hotel Seer\u00f6sl\" \/>\n<meta property=\"article:publisher\" content=\"https:\/\/www.facebook.com\/www.seeroeslamwoerthersee.at\/\" \/>\n<meta property=\"article:modified_time\" content=\"2022-02-19T09:34:56+00:00\" \/>\n<meta property=\"og:image\" content=\"https:\/\/seeroesl.at\/mtk\/wp-content\/uploads\/2024\/12\/Hotel-Garni-Seeroesl-am-Woerthersee-Lage-u.-Familienwappen-Krainer-1.png\" \/>\n\t<meta property=\"og:image:width\" content=\"670\" \/>\n\t<meta property=\"og:image:height\" content=\"439\" \/>\n\t<meta property=\"og:image:type\" content=\"image\/png\" \/>\n<meta name=\"twitter:card\" content=\"summary_large_image\" \/>\n<meta name=\"twitter:label1\" content=\"Gesch\u00e4tzte Lesezeit\" \/>\n\t<meta name=\"twitter:data1\" content=\"1 Minute\" \/>\n<!-- \/ Yoast SEO Premium plugin. -->","yoast_head_json":{"title":"Hotel Garni Seer\u00f6sl Urlaubsgutschein &#187; W\u00f6rthersee Hotel Seer\u00f6sl","description":"Hotel Garni Seer\u00f6sl | Urlaubsgutschein W\u00f6rthersee . Schenken Sie Ihren Liebsten das wertvollste Geschenk\u2764\ufe0f SEEnsucht nach gemeinsamer Zeit \u2764\ufe0f","robots":{"index":"index","follow":"follow","max-snippet":"max-snippet:-1","max-image-preview":"max-image-preview:large","max-video-preview":"max-video-preview:-1"},"canonical":"https:\/\/seeroesl.at\/mtk\/index.php\/urlaub-am-woerthersee-hotel-seeroesl-kontakt\/hotel-garni-seeroesl-urlaubsgutschein\/","og_locale":"de_DE","og_type":"article","og_title":"Hotel Garni Seer\u00f6sl Urlaubsgutschein","og_description":"Hotel Garni Seer\u00f6sl | Urlaubsgutschein W\u00f6rthersee . Schenken Sie Ihren Liebsten das wertvollste Geschenk\u2764\ufe0f SEEnsucht nach gemeinsamer Zeit \u2764\ufe0f","og_url":"https:\/\/seeroesl.at\/mtk\/index.php\/urlaub-am-woerthersee-hotel-seeroesl-kontakt\/hotel-garni-seeroesl-urlaubsgutschein\/","og_site_name":"W\u00f6rthersee Hotel Seer\u00f6sl","article_publisher":"https:\/\/www.facebook.com\/www.seeroeslamwoerthersee.at\/","article_modified_time":"2022-02-19T09:34:56+00:00","og_image":[{"width":670,"height":439,"url":"https:\/\/seeroesl.at\/mtk\/wp-content\/uploads\/2024\/12\/Hotel-Garni-Seeroesl-am-Woerthersee-Lage-u.-Familienwappen-Krainer-1.png","type":"image\/png"}],"twitter_card":"summary_large_image","twitter_misc":{"Gesch\u00e4tzte Lesezeit":"1 Minute"},"schema":{"@context":"https:\/\/schema.org","@graph":[{"@type":"WebPage","@id":"https:\/\/seeroesl.at\/mtk\/index.php\/urlaub-am-woerthersee-hotel-seeroesl-kontakt\/hotel-garni-seeroesl-urlaubsgutschein\/","url":"https:\/\/seeroesl.at\/mtk\/index.php\/urlaub-am-woerthersee-hotel-seeroesl-kontakt\/hotel-garni-seeroesl-urlaubsgutschein\/","name":"Hotel Garni Seer\u00f6sl Urlaubsgutschein &#187; W\u00f6rthersee Hotel Seer\u00f6sl","isPartOf":{"@id":"https:\/\/seeroesl.at\/mtk\/#website"},"datePublished":"2021-01-12T15:28:55+00:00","dateModified":"2022-02-19T09:34:56+00:00","description":"Hotel Garni Seer\u00f6sl | Urlaubsgutschein W\u00f6rthersee . Schenken Sie Ihren Liebsten das wertvollste Geschenk\u2764\ufe0f SEEnsucht nach gemeinsamer Zeit \u2764\ufe0f","breadcrumb":{"@id":"https:\/\/seeroesl.at\/mtk\/index.php\/urlaub-am-woerthersee-hotel-seeroesl-kontakt\/hotel-garni-seeroesl-urlaubsgutschein\/#breadcrumb"},"inLanguage":"de-AT","potentialAction":[{"@type":"ReadAction","target":["https:\/\/seeroesl.at\/mtk\/index.php\/urlaub-am-woerthersee-hotel-seeroesl-kontakt\/hotel-garni-seeroesl-urlaubsgutschein\/"]}]},{"@type":"BreadcrumbList","@id":"https:\/\/seeroesl.at\/mtk\/index.php\/urlaub-am-woerthersee-hotel-seeroesl-kontakt\/hotel-garni-seeroesl-urlaubsgutschein\/#breadcrumb","itemListElement":[{"@type":"ListItem","position":1,"name":"Home","item":"https:\/\/seeroesl.at\/mtk\/"},{"@type":"ListItem","position":2,"name":"Hotel Seer\u00f6sl | Kontakt","item":"https:\/\/seeroesl.at\/mtk\/index.php\/urlaub-am-woerthersee-hotel-seeroesl-kontakt\/"},{"@type":"ListItem","position":3,"name":"Hotel Garni Seer\u00f6sl Urlaubsgutschein"}]},{"@type":"WebSite","@id":"https:\/\/seeroesl.at\/mtk\/#website","url":"https:\/\/seeroesl.at\/mtk\/","name":"W\u00f6rthersee ~ Hotel Garni Seer\u00f6sl | W\u00f6rthersee Urlaub | K\u00e4rnten","description":"Hotel Garni Seer\u00f6sl am W\u00f6rthersee | Urlaub in K\u00e4rnten | \u00d6sterreich","publisher":{"@id":"https:\/\/seeroesl.at\/mtk\/#organization"},"alternateName":"Hotel Seer\u00f6sl | W\u00f6rthersee","potentialAction":[{"@type":"SearchAction","target":{"@type":"EntryPoint","urlTemplate":"https:\/\/seeroesl.at\/mtk\/?s={search_term_string}"},"query-input":{"@type":"PropertyValueSpecification","valueRequired":true,"valueName":"search_term_string"}}],"inLanguage":"de-AT"},{"@type":"Organization","@id":"https:\/\/seeroesl.at\/mtk\/#organization","name":"W\u00f6rthersee Hotel Seer\u00f6sl","url":"https:\/\/seeroesl.at\/mtk\/","logo":{"@type":"ImageObject","inLanguage":"de-AT","@id":"https:\/\/seeroesl.at\/mtk\/#\/schema\/logo\/image\/","url":"https:\/\/seeroesl.at\/mtk\/wp-content\/uploads\/2021\/02\/cropped-Header-Logo-Seerosl-website.png","contentUrl":"https:\/\/seeroesl.at\/mtk\/wp-content\/uploads\/2021\/02\/cropped-Header-Logo-Seerosl-website.png","width":512,"height":512,"caption":"W\u00f6rthersee Hotel Seer\u00f6sl"},"image":{"@id":"https:\/\/seeroesl.at\/mtk\/#\/schema\/logo\/image\/"},"sameAs":["https:\/\/www.facebook.com\/www.seeroeslamwoerthersee.at\/","https:\/\/www.instagram.com\/seeroesl.at\/?hl=de","https:\/\/www.pinterest.at\/Seeroesl\/_created","https:\/\/www.youtube.com\/channel\/UCPZp8pLUNLKgbrSm8gmBF-w","https:\/\/seeroesl.at\/mtk\/index.php\/urlaub-am-woerthersee-hotel-seeroesl-kontakt\/bewertungen-seeroesl-hotel-star-rating\/"],"publishingPrinciples":"https:\/\/seeroesl.at\/mtk\/"}]}},"_links":{"self":[{"href":"https:\/\/seeroesl.at\/mtk\/index.php\/wp-json\/wp\/v2\/pages\/68","targetHints":{"allow":["GET"]}}],"collection":[{"href":"https:\/\/seeroesl.at\/mtk\/index.php\/wp-json\/wp\/v2\/pages"}],"about":[{"href":"https:\/\/seeroesl.at\/mtk\/index.php\/wp-json\/wp\/v2\/types\/page"}],"author":[{"embeddable":true,"href":"https:\/\/seeroesl.at\/mtk\/index.php\/wp-json\/wp\/v2\/users\/1"}],"replies":[{"embeddable":true,"href":"https:\/\/seeroesl.at\/mtk\/index.php\/wp-json\/wp\/v2\/comments?post=68"}],"version-history":[{"count":6,"href":"https:\/\/seeroesl.at\/mtk\/index.php\/wp-json\/wp\/v2\/pages\/68\/revisions"}],"predecessor-version":[{"id":3742,"href":"https:\/\/seeroesl.at\/mtk\/index.php\/wp-json\/wp\/v2\/pages\/68\/revisions\/3742"}],"up":[{"embeddable":true,"href":"https:\/\/seeroesl.at\/mtk\/index.php\/wp-json\/wp\/v2\/pages\/18"}],"wp:attachment":[{"href":"https:\/\/seeroesl.at\/mtk\/index.php\/wp-json\/wp\/v2\/media?parent=68"}],"curies":[{"name":"wp","href":"https:\/\/api.w.org\/{rel}","templated":true}]}}