{"id":8,"date":"2022-11-06T14:55:26","date_gmt":"2022-11-06T14:55:26","guid":{"rendered":"https:\/\/seeroesl.at\/mtkhost.21_wordpress\/?page_id=8"},"modified":"2022-11-07T18:31:44","modified_gmt":"2022-11-07T18:31:44","slug":"sommerurlaub-kaernten-woerthersee-tipps","status":"publish","type":"page","link":"https:\/\/seeroesl.at\/mtk\/index.php\/sommerurlaub-kaernten-woerthersee-tipps\/","title":{"rendered":"Sommerurlaub K\u00e4rnten -Tipps!"},"content":{"rendered":"\n<h2 class=\"wp-block-heading\">Warum sich ein Sommerurlaub bei uns in K\u00e4rnten lohnt!<\/h2>\n\n\n\n<ol class=\"has-medium-font-size wp-block-list\"><li>Spontane, schnelle, sichere Anreise: mit dem Auto oder den \u00f6ffentlichen Verkehrsmitteln<\/li><li>Gute Infrastruktur: Bahn &amp; Flugzeug:                                                                                  &nbsp;<em><a href=\"https:\/\/www.oebb.at\/de\/fahrplan\/fahrplanauskunft\">Zug Tickets &amp; Kundenkarten<\/a>,&nbsp;<a href=\"https:\/\/airport-klagenfurt.at\/flugplan\/\">Flugplan-Klagenfurt Airport<\/a><\/em><\/li><li>Natur pur, traumhafte Kulissen (Berge und Seen)<\/li><li>Pyramidenkogel \u2013 der h\u00f6chste Holzaussichtsturm der Welt<\/li><li>Schifffahrt rund um den W\u00f6rthersee<\/li><li>Heimische Kultur kennenlernen<\/li><li>Chillen am See mit Trinkwasserqualit\u00e4t und t\u00fcrkisblauen Wasser<\/li><li>Die ganze Welt an 1 Tag entdecken (Minimundus Klagenfurt)<\/li><li>Nightlife (Cocktails schl\u00fcrfen, Beachclubs am See, Sommer Events)<\/li><li>Echte K\u00e4rntner Spezialit\u00e4ten genie\u00dfen<\/li><li>Bergtouren<\/li><li>St\u00e4dtetrip (Shopping, Altstadt)<\/li><li>Radfahrparadies<\/li><li>Panoramastra\u00dfen<\/li><\/ol>\n\n\n\n<figure class=\"wp-block-pullquote\"><blockquote><p>Jedes Foto erz\u00e4hlt eine Geschichte, erleben Sie auch unvergessliche Urlaubserinnerungen in K\u00e4rnten am wundersch\u00f6nen W\u00f6rthersee<\/p><\/blockquote><\/figure>\n\n\n\n<h2 class=\"has-text-align-center wp-block-heading\" id=\"jetzt-ihren-worthersee-urlaub-sichern\">Jetzt Ihren <a href=\"https:\/\/seeroesl.at\/mtk\/index.php\/hotel-garni-seeroesl-krumpendorf-am-woerthersee-online-buchen\/direktbuchung\/\">W\u00f6rthersee Urlaub<\/a> buchen!<\/h2>\n\n\n\n<figure class=\"wp-block-image size-large\"><img decoding=\"async\" width=\"1024\" height=\"709\" src=\"https:\/\/seeroesl.at\/mtk\/wp-content\/uploads\/2021\/03\/every.picture.tells_.a.story_.jpg\" alt=\"W\u00f6rthersee Urlaub K\u00e4rnten Hotel Garni Seer\u00f6sl\nSommerurlaub K\u00e4rnten\" class=\"wp-image-1566\" srcset=\"https:\/\/seeroesl.at\/mtk\/wp-content\/uploads\/2021\/03\/every.picture.tells_.a.story_.jpg 1024w, https:\/\/seeroesl.at\/mtk\/wp-content\/uploads\/2021\/03\/every.picture.tells_.a.story_-300x208.jpg 300w, https:\/\/seeroesl.at\/mtk\/wp-content\/uploads\/2021\/03\/every.picture.tells_.a.story_-768x532.jpg 768w, https:\/\/seeroesl.at\/mtk\/wp-content\/uploads\/2021\/03\/every.picture.tells_.a.story_-217x150.jpg 217w, https:\/\/seeroesl.at\/mtk\/wp-content\/uploads\/2021\/03\/every.picture.tells_.a.story_-1011x700.jpg 1011w\" sizes=\"(max-width: 1024px) 100vw, 1024px\" \/><figcaption>Hotel Garni Seer\u00f6sl | W\u00f6rthersee Urlaub | K\u00e4rnten<\/figcaption><\/figure>\n\n\n\n<h2 class=\"wp-block-heading\" id=\"warum-sich-ein-urlaub-bei-uns-im-hotel-garni-seerosl-am-worthersee-lohnt\">Die passende Unterkunft : Hotel Garni Seer\u00f6sl am W\u00f6rthersee <\/h2>\n\n\n\n<ol class=\"has-medium-font-size wp-block-list\"><li>Urlauben in einem Ort, wo man sich so richtig erholen kann<\/li><li>Gastfreundschaft mit echtem \u201eK\u00e4rntner Gm\u00fcat\u201c<\/li><li>Nettes, freundliches &amp; hilfsbereites Team<\/li><li>Ideale Lage \u2013 ruhig &amp; zentral<\/li><li>100m vom W\u00f6rthersee &amp; 250m vom Ortszentrum und Parkbad Krumpendorf entfernt<\/li><li>Nur 7 Autominuten nach Klagenfurt oder P\u00f6rtschach, 12min nach Velden<\/li><li>Sonniges Pl\u00e4tzchen (Vormittags und Nachmittagssonne genie\u00dfen)<\/li><li>Gro\u00dfe Liegewiese mit Strandpavillon ( Badeh\u00e4uschen 30m vom W\u00f6rthersee entfernt, mit Liegen)<\/li><li>Freie Badeeintritt und Kabine ins Parkbad Krumpendorf (2,5ha) inklusive Strandliegen<\/li><li>Reichhaltiges Fr\u00fchst\u00fccksbuffet<\/li><li>City Bikes mit Schl\u00fcsselschloss f\u00fcr unsere Hausg\u00e4ste<\/li><li>Gro\u00dfer kostenloser Parkplatz vor dem Haus<\/li><li>Idealer Ausgangspunkt f\u00fcr zahlreiche Ausflugsm\u00f6glichkeiten<\/li><li>Gratis Abholservice bei Ankunft und Abreise<\/li><li>Die N\u00e4he zur Natur<\/li><li>Traumhafte Landschaften<\/li><li>Die sch\u00f6nste Berge und Seen erkunden<\/li><li>Umfangreiches Sportangebot<\/li><li>Schwimmen, Radfahren, Laufstrecken, Golfpl\u00e4tze, Minigolf,<\/li><li>Wassersportaktivit\u00e4ten in unmittelbarer N\u00e4he<\/li><\/ol>\n\n\n\n<figure class=\"wp-block-image size-full is-resized\"><img decoding=\"async\" src=\"https:\/\/seeroesl.at\/mtk\/wp-content\/uploads\/2021\/03\/Woerthersee.4Fotos.jpg\" alt=\"W\u00f6rthersee Urlaub im Hotel Seer\u00f6sl\" class=\"wp-image-1533\" width=\"757\" height=\"439\" srcset=\"https:\/\/seeroesl.at\/mtk\/wp-content\/uploads\/2021\/03\/Woerthersee.4Fotos.jpg 652w, https:\/\/seeroesl.at\/mtk\/wp-content\/uploads\/2021\/03\/Woerthersee.4Fotos-300x174.jpg 300w, https:\/\/seeroesl.at\/mtk\/wp-content\/uploads\/2021\/03\/Woerthersee.4Fotos-259x150.jpg 259w\" sizes=\"(max-width: 757px) 100vw, 757px\" \/><\/figure>\n\n\n<input type=\"button\" value=\"Go back\" class=\"alg_back_button_input \" style=\"\" onclick=\"window.history.back()\" \/>\n","protected":false},"excerpt":{"rendered":"<p>Warum sich ein Sommerurlaub bei uns in K\u00e4rnten lohnt! Spontane, schnelle, sichere Anreise: mit dem Auto oder den \u00f6ffentlichen Verkehrsmitteln Gute Infrastruktur: Bahn &amp; Flugzeug: &nbsp;Zug Tickets &amp; Kundenkarten,&nbsp;Flugplan-Klagenfurt Airport Natur pur, traumhafte Kulissen (Berge und Seen) Pyramidenkogel \u2013 der h\u00f6chste Holzaussichtsturm der Welt Schifffahrt rund um den W\u00f6rthersee Heimische<a href=\"https:\/\/seeroesl.at\/mtk\/index.php\/sommerurlaub-kaernten-woerthersee-tipps\/\" class=\"read-more\">Read More ...<\/a><\/p>\n","protected":false},"author":1,"featured_media":1566,"parent":0,"menu_order":0,"comment_status":"closed","ping_status":"closed","template":"","meta":{"_glsr_average":0,"_glsr_ranking":0,"_glsr_reviews":0,"footnotes":""},"class_list":["post-8","page","type-page","status-publish","has-post-thumbnail","hentry"],"yoast_head":"<!-- This site is optimized with the Yoast SEO Premium plugin v24.0 (Yoast SEO v27.4) - https:\/\/yoast.com\/product\/yoast-seo-premium-wordpress\/ -->\n<title>Sommerurlaub K\u00e4rnten -Tipps! &#187; W\u00f6rthersee Hotel Seer\u00f6sl<\/title>\n<meta name=\"description\" content=\"Sommerurlaub in K\u00e4rnten erleben \u2611\ufe0f Tipps: W\u00f6rthersee Highlights &amp; die passende Unterkunft am W\u00f6rthersee buchen !!\" \/>\n<meta name=\"robots\" content=\"index, follow, max-snippet:-1, max-image-preview:large, max-video-preview:-1\" \/>\n<link rel=\"canonical\" href=\"https:\/\/seeroesl.at\/mtk\/index.php\/sommerurlaub-kaernten-woerthersee-tipps\/\" \/>\n<meta property=\"og:locale\" content=\"de_DE\" \/>\n<meta property=\"og:type\" content=\"article\" \/>\n<meta property=\"og:title\" content=\"Sommerurlaub K\u00e4rnten -Tipps!\" \/>\n<meta property=\"og:description\" content=\"Sommerurlaub in K\u00e4rnten erleben \u2611\ufe0f Tipps: W\u00f6rthersee Highlights &amp; die passende Unterkunft am W\u00f6rthersee buchen !!\" \/>\n<meta property=\"og:url\" content=\"https:\/\/seeroesl.at\/mtk\/index.php\/sommerurlaub-kaernten-woerthersee-tipps\/\" \/>\n<meta property=\"og:site_name\" content=\"W\u00f6rthersee Hotel Seer\u00f6sl\" \/>\n<meta property=\"article:publisher\" content=\"https:\/\/www.facebook.com\/www.seeroeslamwoerthersee.at\/\" \/>\n<meta property=\"article:modified_time\" content=\"2022-11-07T18:31:44+00:00\" \/>\n<meta property=\"og:image\" content=\"https:\/\/seeroesl.at\/mtk\/wp-content\/uploads\/2021\/03\/every.picture.tells_.a.story_.jpg\" \/>\n\t<meta property=\"og:image:width\" content=\"1024\" \/>\n\t<meta property=\"og:image:height\" content=\"709\" \/>\n\t<meta property=\"og:image:type\" content=\"image\/jpeg\" \/>\n<meta name=\"twitter:card\" content=\"summary_large_image\" \/>\n<meta name=\"twitter:label1\" content=\"Gesch\u00e4tzte Lesezeit\" \/>\n\t<meta name=\"twitter:data1\" content=\"2 Minuten\" \/>\n<!-- \/ Yoast SEO Premium plugin. -->","yoast_head_json":{"title":"Sommerurlaub K\u00e4rnten -Tipps! &#187; W\u00f6rthersee Hotel Seer\u00f6sl","description":"Sommerurlaub in K\u00e4rnten erleben \u2611\ufe0f Tipps: W\u00f6rthersee Highlights & die passende Unterkunft am W\u00f6rthersee buchen !!","robots":{"index":"index","follow":"follow","max-snippet":"max-snippet:-1","max-image-preview":"max-image-preview:large","max-video-preview":"max-video-preview:-1"},"canonical":"https:\/\/seeroesl.at\/mtk\/index.php\/sommerurlaub-kaernten-woerthersee-tipps\/","og_locale":"de_DE","og_type":"article","og_title":"Sommerurlaub K\u00e4rnten -Tipps!","og_description":"Sommerurlaub in K\u00e4rnten erleben \u2611\ufe0f Tipps: W\u00f6rthersee Highlights & die passende Unterkunft am W\u00f6rthersee buchen !!","og_url":"https:\/\/seeroesl.at\/mtk\/index.php\/sommerurlaub-kaernten-woerthersee-tipps\/","og_site_name":"W\u00f6rthersee Hotel Seer\u00f6sl","article_publisher":"https:\/\/www.facebook.com\/www.seeroeslamwoerthersee.at\/","article_modified_time":"2022-11-07T18:31:44+00:00","og_image":[{"width":1024,"height":709,"url":"https:\/\/seeroesl.at\/mtk\/wp-content\/uploads\/2021\/03\/every.picture.tells_.a.story_.jpg","type":"image\/jpeg"}],"twitter_card":"summary_large_image","twitter_misc":{"Gesch\u00e4tzte Lesezeit":"2 Minuten"},"schema":{"@context":"https:\/\/schema.org","@graph":[{"@type":"WebPage","@id":"https:\/\/seeroesl.at\/mtk\/index.php\/sommerurlaub-kaernten-woerthersee-tipps\/","url":"https:\/\/seeroesl.at\/mtk\/index.php\/sommerurlaub-kaernten-woerthersee-tipps\/","name":"Sommerurlaub K\u00e4rnten -Tipps! &#187; W\u00f6rthersee Hotel Seer\u00f6sl","isPartOf":{"@id":"https:\/\/seeroesl.at\/mtk\/#website"},"primaryImageOfPage":{"@id":"https:\/\/seeroesl.at\/mtk\/index.php\/sommerurlaub-kaernten-woerthersee-tipps\/#primaryimage"},"image":{"@id":"https:\/\/seeroesl.at\/mtk\/index.php\/sommerurlaub-kaernten-woerthersee-tipps\/#primaryimage"},"thumbnailUrl":"https:\/\/seeroesl.at\/mtk\/wp-content\/uploads\/2021\/03\/every.picture.tells_.a.story_.jpg","datePublished":"2022-11-06T14:55:26+00:00","dateModified":"2022-11-07T18:31:44+00:00","description":"Sommerurlaub in K\u00e4rnten erleben \u2611\ufe0f Tipps: W\u00f6rthersee Highlights & die passende Unterkunft am W\u00f6rthersee buchen !!","breadcrumb":{"@id":"https:\/\/seeroesl.at\/mtk\/index.php\/sommerurlaub-kaernten-woerthersee-tipps\/#breadcrumb"},"inLanguage":"de-AT","potentialAction":[{"@type":"ReadAction","target":["https:\/\/seeroesl.at\/mtk\/index.php\/sommerurlaub-kaernten-woerthersee-tipps\/"]}]},{"@type":"ImageObject","inLanguage":"de-AT","@id":"https:\/\/seeroesl.at\/mtk\/index.php\/sommerurlaub-kaernten-woerthersee-tipps\/#primaryimage","url":"https:\/\/seeroesl.at\/mtk\/wp-content\/uploads\/2021\/03\/every.picture.tells_.a.story_.jpg","contentUrl":"https:\/\/seeroesl.at\/mtk\/wp-content\/uploads\/2021\/03\/every.picture.tells_.a.story_.jpg","width":1024,"height":709,"caption":"Sommerurlaub K\u00e4rnten"},{"@type":"BreadcrumbList","@id":"https:\/\/seeroesl.at\/mtk\/index.php\/sommerurlaub-kaernten-woerthersee-tipps\/#breadcrumb","itemListElement":[{"@type":"ListItem","position":1,"name":"Home","item":"https:\/\/seeroesl.at\/mtk\/"},{"@type":"ListItem","position":2,"name":"Sommerurlaub K\u00e4rnten -Tipps!"}]},{"@type":"WebSite","@id":"https:\/\/seeroesl.at\/mtk\/#website","url":"https:\/\/seeroesl.at\/mtk\/","name":"W\u00f6rthersee ~ Hotel Garni Seer\u00f6sl | W\u00f6rthersee Urlaub | K\u00e4rnten","description":"Hotel Garni Seer\u00f6sl am W\u00f6rthersee | Urlaub in K\u00e4rnten | \u00d6sterreich","publisher":{"@id":"https:\/\/seeroesl.at\/mtk\/#organization"},"alternateName":"Hotel Seer\u00f6sl | W\u00f6rthersee","potentialAction":[{"@type":"SearchAction","target":{"@type":"EntryPoint","urlTemplate":"https:\/\/seeroesl.at\/mtk\/?s={search_term_string}"},"query-input":{"@type":"PropertyValueSpecification","valueRequired":true,"valueName":"search_term_string"}}],"inLanguage":"de-AT"},{"@type":"Organization","@id":"https:\/\/seeroesl.at\/mtk\/#organization","name":"W\u00f6rthersee Hotel Seer\u00f6sl","url":"https:\/\/seeroesl.at\/mtk\/","logo":{"@type":"ImageObject","inLanguage":"de-AT","@id":"https:\/\/seeroesl.at\/mtk\/#\/schema\/logo\/image\/","url":"https:\/\/seeroesl.at\/mtk\/wp-content\/uploads\/2021\/02\/cropped-Header-Logo-Seerosl-website.png","contentUrl":"https:\/\/seeroesl.at\/mtk\/wp-content\/uploads\/2021\/02\/cropped-Header-Logo-Seerosl-website.png","width":512,"height":512,"caption":"W\u00f6rthersee Hotel Seer\u00f6sl"},"image":{"@id":"https:\/\/seeroesl.at\/mtk\/#\/schema\/logo\/image\/"},"sameAs":["https:\/\/www.facebook.com\/www.seeroeslamwoerthersee.at\/","https:\/\/www.instagram.com\/seeroesl.at\/?hl=de","https:\/\/www.pinterest.at\/Seeroesl\/_created","https:\/\/www.youtube.com\/channel\/UCPZp8pLUNLKgbrSm8gmBF-w","https:\/\/seeroesl.at\/mtk\/index.php\/urlaub-am-woerthersee-hotel-seeroesl-kontakt\/bewertungen-seeroesl-hotel-star-rating\/"],"publishingPrinciples":"https:\/\/seeroesl.at\/mtk\/"}]}},"_links":{"self":[{"href":"https:\/\/seeroesl.at\/mtk\/index.php\/wp-json\/wp\/v2\/pages\/8","targetHints":{"allow":["GET"]}}],"collection":[{"href":"https:\/\/seeroesl.at\/mtk\/index.php\/wp-json\/wp\/v2\/pages"}],"about":[{"href":"https:\/\/seeroesl.at\/mtk\/index.php\/wp-json\/wp\/v2\/types\/page"}],"author":[{"embeddable":true,"href":"https:\/\/seeroesl.at\/mtk\/index.php\/wp-json\/wp\/v2\/users\/1"}],"replies":[{"embeddable":true,"href":"https:\/\/seeroesl.at\/mtk\/index.php\/wp-json\/wp\/v2\/comments?post=8"}],"version-history":[{"count":32,"href":"https:\/\/seeroesl.at\/mtk\/index.php\/wp-json\/wp\/v2\/pages\/8\/revisions"}],"predecessor-version":[{"id":3694,"href":"https:\/\/seeroesl.at\/mtk\/index.php\/wp-json\/wp\/v2\/pages\/8\/revisions\/3694"}],"wp:featuredmedia":[{"embeddable":true,"href":"https:\/\/seeroesl.at\/mtk\/index.php\/wp-json\/wp\/v2\/media\/1566"}],"wp:attachment":[{"href":"https:\/\/seeroesl.at\/mtk\/index.php\/wp-json\/wp\/v2\/media?parent=8"}],"curies":[{"name":"wp","href":"https:\/\/api.w.org\/{rel}","templated":true}]}}